{"id":18736,"date":"2021-09-28T04:04:14","date_gmt":"2021-09-28T04:04:14","guid":{"rendered":"https:\/\/mouldking.store\/product\/cada-c61049-red-devils-ferrari-488-1483225"},"modified":"2022-11-21T14:48:13","modified_gmt":"2022-11-21T07:48:13","slug":"cada-c61049-red-devils-ferrari-488","status":"publish","type":"product","link":"https:\/\/mouldking.store\/de\/shop\/cada-c61049-red-devils-ferrari-488\/","title":{"rendered":"CADA C61049 Red Devils Ferrari 488 mit 1229 Teilen"},"content":{"rendered":"<p>Produktinformation:<\/p>\n<ol>\n<li>Marke: CADA<\/li>\n<li>Geschlecht: Unisex<\/li>\n<li>Name: Red Devils Ferrari 488<\/li>\n<li>Altersspanne: &gt; 6 Jahre alt<\/li>\n<li>Modellnummer: C61049<\/li>\n<li>Einstufung: Assemblage<\/li>\n<li>Kunststoffblockform: Selbstsichernde Steine<\/li>\n<li>Material: Kunststoff<\/li>\n<li>Kunststofftyp: ABS<\/li>\n<li>Ziegelsteine: 1229 St\u00fcck<\/li>\n<li>Gr\u00f6\u00dfe: 37,6 \u00d7 10,1 cm<\/li>\n<li>Enth\u00e4lt eine ausf\u00fchrliche Montageanleitung.<\/li>\n<\/ol>\n<p>Notiz:<br \/>\n1. Ohne Originalverpackung, aber wir garantieren, dass unsere Produkte eine Qualit\u00e4tssicherung und eine sch\u00f6ne Verpackung haben.<br \/>\n2. Wie alle Teile, die wir vor dem Versand \u00fcberpr\u00fcft haben, machen Sie sich keine Sorgen, wenn Sie feststellen, dass einige Teile fehlen oder besch\u00e4digt sind, und kontaktieren Sie uns einfach, und wir k\u00f6nnen sie Ihnen umgehend kostenlos erneut zusenden.<\/p>\n<figure id=\"attachment_35529\" aria-describedby=\"caption-attachment-35529\" style=\"width: 768px\" class=\"wp-caption aligncenter\"><img fetchpriority=\"high\" decoding=\"async\" class=\"wp-image-35529 size-full\" src=\"https:\/\/mouldking.store\/wp-content\/uploads\/2021\/09\/CADA-C61049-6.jpg\" alt=\"CADA C61049 Red Devils Ferrari 488 With 1229 Pieces\" width=\"768\" height=\"768\" title=\"-\" srcset=\"https:\/\/mouldking.store\/wp-content\/uploads\/2021\/09\/CADA-C61049-6.jpg 768w, https:\/\/mouldking.store\/wp-content\/uploads\/2021\/09\/CADA-C61049-6-300x300.jpg 300w, https:\/\/mouldking.store\/wp-content\/uploads\/2021\/09\/CADA-C61049-6-600x600.jpg 600w, https:\/\/mouldking.store\/wp-content\/uploads\/2021\/09\/CADA-C61049-6-150x150.jpg 150w, https:\/\/mouldking.store\/wp-content\/uploads\/2021\/09\/CADA-C61049-6-60x60.jpg 60w, https:\/\/mouldking.store\/wp-content\/uploads\/2021\/09\/CADA-C61049-6-90x90.jpg 90w\" sizes=\"(max-width: 768px) 100vw, 768px\" \/><figcaption id=\"caption-attachment-35529\" class=\"wp-caption-text\">CADA C61049 Red Devils Ferrari 488 mit 1229 Teilen<\/figcaption><\/figure>\n<figure id=\"attachment_35530\" aria-describedby=\"caption-attachment-35530\" style=\"width: 768px\" class=\"wp-caption aligncenter\"><img decoding=\"async\" class=\"wp-image-35530 size-full\" src=\"https:\/\/mouldking.store\/wp-content\/uploads\/2021\/09\/CADA-C61049-5.jpg\" alt=\"CADA C61049 Red Devils Ferrari 488 With 1229 Pieces\" width=\"768\" height=\"768\" title=\"-\" srcset=\"https:\/\/mouldking.store\/wp-content\/uploads\/2021\/09\/CADA-C61049-5.jpg 768w, https:\/\/mouldking.store\/wp-content\/uploads\/2021\/09\/CADA-C61049-5-300x300.jpg 300w, https:\/\/mouldking.store\/wp-content\/uploads\/2021\/09\/CADA-C61049-5-600x600.jpg 600w, https:\/\/mouldking.store\/wp-content\/uploads\/2021\/09\/CADA-C61049-5-150x150.jpg 150w, https:\/\/mouldking.store\/wp-content\/uploads\/2021\/09\/CADA-C61049-5-60x60.jpg 60w, https:\/\/mouldking.store\/wp-content\/uploads\/2021\/09\/CADA-C61049-5-90x90.jpg 90w\" sizes=\"(max-width: 768px) 100vw, 768px\" \/><figcaption id=\"caption-attachment-35530\" class=\"wp-caption-text\">CADA C61049 Red Devils Ferrari 488 mit 1229 Teilen<\/figcaption><\/figure>\n<figure id=\"attachment_35531\" aria-describedby=\"caption-attachment-35531\" style=\"width: 600px\" class=\"wp-caption aligncenter\"><img decoding=\"async\" class=\"wp-image-35531 size-full\" src=\"https:\/\/mouldking.store\/wp-content\/uploads\/2021\/09\/CADA-C61049-4.jpg\" alt=\"CADA C61049 Red Devils Ferrari 488 With 1229 Pieces\" width=\"600\" height=\"956\" title=\"-\" srcset=\"https:\/\/mouldking.store\/wp-content\/uploads\/2021\/09\/CADA-C61049-4.jpg 600w, https:\/\/mouldking.store\/wp-content\/uploads\/2021\/09\/CADA-C61049-4-188x300.jpg 188w, https:\/\/mouldking.store\/wp-content\/uploads\/2021\/09\/CADA-C61049-4-300x478.jpg 300w, https:\/\/mouldking.store\/wp-content\/uploads\/2021\/09\/CADA-C61049-4-94x150.jpg 94w, https:\/\/mouldking.store\/wp-content\/uploads\/2021\/09\/CADA-C61049-4-38x60.jpg 38w, https:\/\/mouldking.store\/wp-content\/uploads\/2021\/09\/CADA-C61049-4-56x90.jpg 56w\" sizes=\"(max-width: 600px) 100vw, 600px\" \/><figcaption id=\"caption-attachment-35531\" class=\"wp-caption-text\">CADA C61049 Red Devils Ferrari 488 mit 1229 Teilen<\/figcaption><\/figure>\n<figure id=\"attachment_35532\" aria-describedby=\"caption-attachment-35532\" style=\"width: 485px\" class=\"wp-caption aligncenter\"><img loading=\"lazy\" decoding=\"async\" class=\"wp-image-35532 size-full\" src=\"https:\/\/mouldking.store\/wp-content\/uploads\/2021\/09\/CADA-C61049-3.jpg\" alt=\"CADA C61049 Red Devils Ferrari 488 With 1229 Pieces\" width=\"485\" height=\"1024\" title=\"-\" srcset=\"https:\/\/mouldking.store\/wp-content\/uploads\/2021\/09\/CADA-C61049-3.jpg 485w, https:\/\/mouldking.store\/wp-content\/uploads\/2021\/09\/CADA-C61049-3-142x300.jpg 142w, https:\/\/mouldking.store\/wp-content\/uploads\/2021\/09\/CADA-C61049-3-300x633.jpg 300w, https:\/\/mouldking.store\/wp-content\/uploads\/2021\/09\/CADA-C61049-3-71x150.jpg 71w, https:\/\/mouldking.store\/wp-content\/uploads\/2021\/09\/CADA-C61049-3-28x60.jpg 28w, https:\/\/mouldking.store\/wp-content\/uploads\/2021\/09\/CADA-C61049-3-43x90.jpg 43w\" sizes=\"(max-width: 485px) 100vw, 485px\" \/><figcaption id=\"caption-attachment-35532\" class=\"wp-caption-text\">CADA C61049 Red Devils Ferrari 488 mit 1229 Teilen<\/figcaption><\/figure>\n<figure id=\"attachment_35533\" aria-describedby=\"caption-attachment-35533\" style=\"width: 706px\" class=\"wp-caption aligncenter\"><img loading=\"lazy\" decoding=\"async\" class=\"wp-image-35533 size-full\" src=\"https:\/\/mouldking.store\/wp-content\/uploads\/2021\/09\/CADA-C61049-2.jpg\" alt=\"CADA C61049 Red Devils Ferrari 488 With 1229 Pieces\" width=\"706\" height=\"1024\" title=\"-\" srcset=\"https:\/\/mouldking.store\/wp-content\/uploads\/2021\/09\/CADA-C61049-2.jpg 706w, https:\/\/mouldking.store\/wp-content\/uploads\/2021\/09\/CADA-C61049-2-207x300.jpg 207w, https:\/\/mouldking.store\/wp-content\/uploads\/2021\/09\/CADA-C61049-2-300x435.jpg 300w, https:\/\/mouldking.store\/wp-content\/uploads\/2021\/09\/CADA-C61049-2-600x870.jpg 600w, https:\/\/mouldking.store\/wp-content\/uploads\/2021\/09\/CADA-C61049-2-103x150.jpg 103w, https:\/\/mouldking.store\/wp-content\/uploads\/2021\/09\/CADA-C61049-2-41x60.jpg 41w, https:\/\/mouldking.store\/wp-content\/uploads\/2021\/09\/CADA-C61049-2-62x90.jpg 62w\" sizes=\"(max-width: 706px) 100vw, 706px\" \/><figcaption id=\"caption-attachment-35533\" class=\"wp-caption-text\">CADA C61049 Red Devils Ferrari 488 mit 1229 Teilen<\/figcaption><\/figure>\n<figure id=\"attachment_35534\" aria-describedby=\"caption-attachment-35534\" style=\"width: 768px\" class=\"wp-caption aligncenter\"><img loading=\"lazy\" decoding=\"async\" class=\"wp-image-35534 size-full\" src=\"https:\/\/mouldking.store\/wp-content\/uploads\/2021\/09\/CADA-C61049-1.jpg\" alt=\"CADA C61049 Red Devils Ferrari 488 With 1229 Pieces\" width=\"768\" height=\"537\" title=\"-\" srcset=\"https:\/\/mouldking.store\/wp-content\/uploads\/2021\/09\/CADA-C61049-1.jpg 768w, https:\/\/mouldking.store\/wp-content\/uploads\/2021\/09\/CADA-C61049-1-300x210.jpg 300w, https:\/\/mouldking.store\/wp-content\/uploads\/2021\/09\/CADA-C61049-1-600x420.jpg 600w, https:\/\/mouldking.store\/wp-content\/uploads\/2021\/09\/CADA-C61049-1-150x105.jpg 150w, https:\/\/mouldking.store\/wp-content\/uploads\/2021\/09\/CADA-C61049-1-86x60.jpg 86w, https:\/\/mouldking.store\/wp-content\/uploads\/2021\/09\/CADA-C61049-1-129x90.jpg 129w\" sizes=\"(max-width: 768px) 100vw, 768px\" \/><figcaption id=\"caption-attachment-35534\" class=\"wp-caption-text\">CADA C61049 Red Devils Ferrari 488 mit 1229 Teilen<\/figcaption><\/figure>","protected":false},"excerpt":{"rendered":"<ul>\n<li>Enthalten\u00a0<strong>1126+<\/strong>\u00a0Stck<\/li>\n<li>Manuelles Lehrbuch<\/li>\n<li>Hochwertiger ABS-Block<\/li>\n<li>Keine Originalverpackung<\/li>\n<\/ul>","protected":false},"featured_media":18737,"comment_status":"open","ping_status":"closed","template":"","meta":{"_acf_changed":false},"product_cat":[1360,1357],"product_tag":[7645,1916,1374,7649,7644,7647,7648,1585,7646],"class_list":["product","first","instock","shipping-taxable","purchasable","product-type-variable"],"acf":[],"_links":{"self":[{"href":"https:\/\/mouldking.store\/de\/wp-json\/wp\/v2\/product\/18736","targetHints":{"allow":["GET"]}}],"collection":[{"href":"https:\/\/mouldking.store\/de\/wp-json\/wp\/v2\/product"}],"about":[{"href":"https:\/\/mouldking.store\/de\/wp-json\/wp\/v2\/types\/product"}],"replies":[{"embeddable":true,"href":"https:\/\/mouldking.store\/de\/wp-json\/wp\/v2\/comments?post=18736"}],"wp:featuredmedia":[{"embeddable":true,"href":"https:\/\/mouldking.store\/de\/wp-json\/wp\/v2\/media\/18737"}],"wp:attachment":[{"href":"https:\/\/mouldking.store\/de\/wp-json\/wp\/v2\/media?parent=18736"}],"wp:term":[{"taxonomy":"product_cat","embeddable":true,"href":"https:\/\/mouldking.store\/de\/wp-json\/wp\/v2\/product_cat?post=18736"},{"taxonomy":"product_tag","embeddable":true,"href":"https:\/\/mouldking.store\/de\/wp-json\/wp\/v2\/product_tag?post=18736"}],"curies":[{"name":"wp","href":"https:\/\/api.w.org\/{rel}","templated":true}]}}