{"id":18803,"date":"2021-10-09T04:16:52","date_gmt":"2021-10-09T04:16:52","guid":{"rendered":"https:\/\/mouldking.store\/?post_type=product&#038;p=18803"},"modified":"2025-12-25T09:28:01","modified_gmt":"2025-12-25T02:28:01","slug":"moc-18916-the-empire-over-jedha-city","status":"publish","type":"product","link":"https:\/\/mouldking.store\/de\/shop\/moc-18916-the-empire-over-jedha-city\/","title":{"rendered":"MOC 18916 Das Imperium \u00fcber Jedha City"},"content":{"rendered":"<p>Dieses fantastische <strong>MOC 18916 Das Imperium \u00fcber Jedha City<\/strong> made from LEPINWORLD is a really awesome MOC.<\/p>\n<h4><strong>ARTIKELSPEZIFIKATIONEN<\/strong><\/h4>\n<ul>\n<li>An awesome MOC 18916 The Empire over Jedha City <span style=\"font-size: 14.4px\">von rebrickable<\/span><\/li>\n<li><strong>5098 pieces<\/strong> Hergestellt aus hochwertigen 100% ABS-Kunststoffsteinen, sicher f\u00fcr Kinder, lange Spielzeit, 100% kompatibel mit anderen Steinmarken wie Le .go<\/li>\n<li><span style=\"font-size: 14.4px\">Einfach zu bauen mit PDF-Anleitung mit Stein-f\u00fcr-Stein-Anleitung und hochwertigen Bildern \u2013 PDF-Datei per E-Mail gesendet.<\/span><\/li>\n<li>Die vollst\u00e4ndigen Abmessungen des St\u00e4nders k\u00f6nnen dem Bild unten entnommen werden.<\/li>\n<\/ul>\n<h4><strong>MOC-BAUANLEITUNG<\/strong><\/h4>\n<p>Die Anweisungen f\u00fcr alle unsere MOC SET werden nach Erhalt Ihrer Bestellung per E-Mail oder Livechat Facebook gesendet. Bitte kontaktieren Sie uns daf\u00fcr.<\/p>\n<h4><strong>VERSANDDATUM<\/strong><\/h4>\n<p>Die MOC-Sets ben\u00f6tigen 10-12 Tage f\u00fcr die Vorbereitung und; <span style=\"color: red\"><strong>wird innerhalb von 15 Tagen versendet<\/strong><\/span><\/p>\n<h4><strong>FEHLENDE TEILE<\/strong><\/h4>\n<p>Alle Teile werden vor dem Versand einer Qualit\u00e4tspr\u00fcfung unterzogen. Wenn Sie also fehlende oder besch\u00e4digte Teile finden, machen Sie sich keine Sorgen. Bitte kontaktieren Sie uns und wir senden sie Ihnen kostenlos zu oder wir bieten Ihnen eine kleine R\u00fcckerstattung, damit Sie sie an anderen Orten kaufen k\u00f6nnen.<\/p>","protected":false},"excerpt":{"rendered":"<p>\u2022 With 5098 Pcs \u2022 Highest Quality bricks (Better than Lepin)<\/p>","protected":false},"featured_media":18829,"comment_status":"open","ping_status":"closed","template":"","meta":{"_acf_changed":false},"product_cat":[15],"product_tag":[],"class_list":["product","first","instock","featured","shipping-taxable","purchasable","product-type-simple"],"acf":[],"_links":{"self":[{"href":"https:\/\/mouldking.store\/de\/wp-json\/wp\/v2\/product\/18803","targetHints":{"allow":["GET"]}}],"collection":[{"href":"https:\/\/mouldking.store\/de\/wp-json\/wp\/v2\/product"}],"about":[{"href":"https:\/\/mouldking.store\/de\/wp-json\/wp\/v2\/types\/product"}],"replies":[{"embeddable":true,"href":"https:\/\/mouldking.store\/de\/wp-json\/wp\/v2\/comments?post=18803"}],"wp:featuredmedia":[{"embeddable":true,"href":"https:\/\/mouldking.store\/de\/wp-json\/wp\/v2\/media\/18829"}],"wp:attachment":[{"href":"https:\/\/mouldking.store\/de\/wp-json\/wp\/v2\/media?parent=18803"}],"wp:term":[{"taxonomy":"product_cat","embeddable":true,"href":"https:\/\/mouldking.store\/de\/wp-json\/wp\/v2\/product_cat?post=18803"},{"taxonomy":"product_tag","embeddable":true,"href":"https:\/\/mouldking.store\/de\/wp-json\/wp\/v2\/product_tag?post=18803"}],"curies":[{"name":"wp","href":"https:\/\/api.w.org\/{rel}","templated":true}]}}