{"id":18805,"date":"2021-10-09T04:16:52","date_gmt":"2021-10-08T21:16:52","guid":{"rendered":"https:\/\/mouldking.store\/?post_type=product&#038;p=18805"},"modified":"2025-12-25T09:28:01","modified_gmt":"2025-12-25T02:28:01","slug":"moc-10219-millennium-falcon-vertical-display-stand","status":"publish","type":"product","link":"https:\/\/mouldking.store\/de\/shop\/moc-10219-millennium-falcon-vertical-display-stand\/","title":{"rendered":"MOC 10219 Millennium Falcon Vertikaler Ausstellungsst\u00e4nder"},"content":{"rendered":"<p>0<\/p>","protected":false},"excerpt":{"rendered":"<p>\u2022 Mit 407 St\u00fcck \u2022 Steine von h\u00f6chster Qualit\u00e4t<\/p>\n<p>Dieses fantastische Display aus LEPINWORLD ist eine gro\u00dfartige M\u00f6glichkeit, Ihr Millennium Falcon-Bausteinset zu pr\u00e4sentieren: 75192, Lepins Millennium Falcon 05132 und MOC 10179<\/p>\n<h4>ARTIKELSPEZIFIKATIONEN<\/h4>\n<ul>\u2022 407 Teile aus hochwertigen 100% ABS-Kunststoffsteinen, sicher f\u00fcr Kinder, lange Spielzeit, 100% kompatibel mit anderen Steinmarken wie Le .go<\/ul>\n<ul>\u2022 Leicht verst\u00e4ndliche Anleitungsdiagramme mit Stein-f\u00fcr-Stein-Anleitung \u2013 PDF-Datei per E-Mail gesendet.<\/ul>\n<ul>\u2022 Der St\u00e4nder ist hellgrau und wird bei der Pr\u00e4sentation Ihres LEGO Millennium Falcon auf den Hintergrund abgestimmt.<\/ul>\n<ul>\u2022 Unser vertikaler Ausstellungsst\u00e4nder 100% ist mit vielen verschiedenen Variationen von Millennium Falcons kompatibel, einschlie\u00dflich: UCS Millennium Falcon 75192, Lepin&#039;s Millennium Falcon 05132 und MOC 10179.<\/ul>\n<ul>\u2022 Die vollst\u00e4ndigen Abmessungen des St\u00e4nders k\u00f6nnen dem Bild unten entnommen werden.<\/ul>\n<p><img decoding=\"async\" src=\"https:\/\/us03-imgcdn.ymcart.com\/44618\/2019\/04\/27\/3\/e\/3ed5d8150b7e8e0e.jpg\" alt=\"\" \/><\/p>\n<h4>MOC-BAUANLEITUNG<\/h4>\n<p>Die Anweisungen f\u00fcr alle unsere MOC SET werden nach Erhalt Ihrer Bestellung per E-Mail oder Livechat Facebook gesendet. Bitte kontaktieren Sie uns daf\u00fcr.<\/p>\n<h4>VERSANDDATUM<\/h4>\n<p>Die MOC-Sets ben\u00f6tigen 10-12 Tage f\u00fcr die Vorbereitung und; <span style=\"color: red\"><strong>wird innerhalb von 15 Tagen versendet<\/strong><\/span><\/p>\n<h4>FEHLENDE TEILE<\/h4>\n<p>Alle Teile werden vor dem Versand einer Qualit\u00e4tspr\u00fcfung unterzogen. Wenn Sie also fehlende oder besch\u00e4digte Teile finden, machen Sie sich keine Sorgen. Bitte kontaktieren Sie uns und wir senden sie Ihnen kostenlos zu oder wir bieten Ihnen eine kleine R\u00fcckerstattung, damit Sie sie an anderen Orten kaufen k\u00f6nnen.<\/p>","protected":false},"featured_media":18839,"comment_status":"open","ping_status":"closed","template":"","meta":{"_acf_changed":false},"product_cat":[415],"product_tag":[],"class_list":["product","first","instock","featured","shipping-taxable","purchasable","product-type-simple"],"acf":[],"_links":{"self":[{"href":"https:\/\/mouldking.store\/de\/wp-json\/wp\/v2\/product\/18805","targetHints":{"allow":["GET"]}}],"collection":[{"href":"https:\/\/mouldking.store\/de\/wp-json\/wp\/v2\/product"}],"about":[{"href":"https:\/\/mouldking.store\/de\/wp-json\/wp\/v2\/types\/product"}],"replies":[{"embeddable":true,"href":"https:\/\/mouldking.store\/de\/wp-json\/wp\/v2\/comments?post=18805"}],"wp:featuredmedia":[{"embeddable":true,"href":"https:\/\/mouldking.store\/de\/wp-json\/wp\/v2\/media\/18839"}],"wp:attachment":[{"href":"https:\/\/mouldking.store\/de\/wp-json\/wp\/v2\/media?parent=18805"}],"wp:term":[{"taxonomy":"product_cat","embeddable":true,"href":"https:\/\/mouldking.store\/de\/wp-json\/wp\/v2\/product_cat?post=18805"},{"taxonomy":"product_tag","embeddable":true,"href":"https:\/\/mouldking.store\/de\/wp-json\/wp\/v2\/product_tag?post=18805"}],"curies":[{"name":"wp","href":"https:\/\/api.w.org\/{rel}","templated":true}]}}