{"id":19120,"date":"2021-10-09T04:26:25","date_gmt":"2021-10-08T21:26:25","guid":{"rendered":"https:\/\/mouldking.store\/shop\/moc-23556-imperial-star-destroyer-monarch-star-wars\/"},"modified":"2025-12-25T09:27:38","modified_gmt":"2025-12-25T02:27:38","slug":"moc-23556-imperial-star-destroyer-monarch-star-wars","status":"publish","type":"product","link":"https:\/\/mouldking.store\/de\/shop\/moc-23556-imperial-star-destroyer-monarch-star-wars\/","title":{"rendered":"MOC 23556 Imperialer Sternenzerst\u00f6rer Monarch Star Wars"},"content":{"rendered":"<p>Dieses fantastische <strong>MOC 23556 Imperialer Sternenzerst\u00f6rer Monarch<\/strong> made from LEPINWORLD ist ein wirklich tolles MOC von Rebrickable<\/p>\n<p>&nbsp;<\/p>\n<ul>\n<li>\n<figure id=\"attachment_19605\" aria-describedby=\"caption-attachment-19605\" style=\"width: 800px\" class=\"wp-caption aligncenter\"><img fetchpriority=\"high\" decoding=\"async\" class=\"wp-image-19605 size-full\" src=\"https:\/\/mocfactory.com\/wp-content\/uploads\/2020\/12\/MOC-23556-Star-Wars-ISD-Monarch-Designer-onecase-11.jpg\" alt=\"MOC-23556 Star Wars ISD Monarch - Designer onecase\" width=\"800\" height=\"800\" title=\"-\"><figcaption id=\"caption-attachment-19605\" class=\"wp-caption-text\">MOC-23556 Star Wars ISD Monarch \u2013 Designer Onecase<\/figcaption><\/figure>\n<figure id=\"attachment_19606\" aria-describedby=\"caption-attachment-19606\" style=\"width: 800px\" class=\"wp-caption aligncenter\"><img decoding=\"async\" class=\"wp-image-19606 size-full\" src=\"https:\/\/mocfactory.com\/wp-content\/uploads\/2020\/12\/MOC-23556-Star-Wars-ISD-Monarch-Designer-onecase.jpg\" alt=\"MOC-23556 Star Wars ISD Monarch - Designer onecase\" width=\"800\" height=\"800\" title=\"-\"><figcaption id=\"caption-attachment-19606\" class=\"wp-caption-text\">MOC-23556 Star Wars ISD Monarch \u2013 Designer Onecase<\/figcaption><\/figure>\n<figure id=\"attachment_19607\" aria-describedby=\"caption-attachment-19607\" style=\"width: 800px\" class=\"wp-caption aligncenter\"><img decoding=\"async\" class=\"wp-image-19607 size-full\" src=\"https:\/\/mocfactory.com\/wp-content\/uploads\/2020\/12\/MOC-23556-Star-Wars-ISD-Monarch-Designer-onecase4.jpg\" alt=\"MOC-23556 Star Wars ISD Monarch - Designer onecase\" width=\"800\" height=\"800\" title=\"-\"><figcaption id=\"caption-attachment-19607\" class=\"wp-caption-text\">MOC-23556 Star Wars ISD Monarch \u2013 Designer Onecase<\/figcaption><\/figure>\n<figure id=\"attachment_19608\" aria-describedby=\"caption-attachment-19608\" style=\"width: 800px\" class=\"wp-caption aligncenter\"><img loading=\"lazy\" decoding=\"async\" class=\"wp-image-19608 size-full\" src=\"https:\/\/mocfactory.com\/wp-content\/uploads\/2020\/12\/MOC-23556-Star-Wars-ISD-Monarch-Designer-onecase3.jpg\" alt=\"MOC-23556 Star Wars ISD Monarch - Designer onecase\" width=\"800\" height=\"800\" title=\"-\"><figcaption id=\"caption-attachment-19608\" class=\"wp-caption-text\">MOC-23556 Star Wars ISD Monarch \u2013 Designer Onecase<\/figcaption><\/figure>\n<figure id=\"attachment_19610\" aria-describedby=\"caption-attachment-19610\" style=\"width: 800px\" class=\"wp-caption aligncenter\"><img loading=\"lazy\" decoding=\"async\" class=\"wp-image-19610 size-full\" src=\"https:\/\/mocfactory.com\/wp-content\/uploads\/2020\/12\/MOC-23556-Star-Wars-ISD-Monarch-Designer-onecase5.jpg\" alt=\"MOC-23556 Star Wars ISD Monarch - Designer onecase\" width=\"800\" height=\"800\" title=\"-\"><figcaption id=\"caption-attachment-19610\" class=\"wp-caption-text\">MOC-23556 Star Wars ISD Monarch \u2013 Designer Onecase<\/figcaption><\/figure>\n<figure id=\"attachment_19609\" aria-describedby=\"caption-attachment-19609\" style=\"width: 800px\" class=\"wp-caption aligncenter\"><img loading=\"lazy\" decoding=\"async\" class=\"wp-image-19609 size-full\" src=\"https:\/\/mocfactory.com\/wp-content\/uploads\/2020\/12\/MOC-23556-Star-Wars-ISD-Monarch-Designer-onecase2.jpg\" alt=\"MOC-23556 Star Wars ISD Monarch - Designer onecase\" width=\"800\" height=\"800\" title=\"-\"><figcaption id=\"caption-attachment-19609\" class=\"wp-caption-text\">MOC-23556 Star Wars ISD Monarch \u2013 Designer Onecase<\/figcaption><\/figure>\n<p><figure id=\"attachment_19611\" aria-describedby=\"caption-attachment-19611\" style=\"width: 800px\" class=\"wp-caption aligncenter\"><img loading=\"lazy\" decoding=\"async\" class=\"wp-image-19611 size-full\" src=\"https:\/\/mocfactory.com\/wp-content\/uploads\/2020\/12\/MOC-23556-Star-Wars-ISD-Monarch-Designer-onecase6.jpg\" alt=\"MOC-23556 Star Wars ISD Monarch - Designer onecase\" width=\"800\" height=\"800\" title=\"-\"><figcaption id=\"caption-attachment-19611\" class=\"wp-caption-text\">MOC-23556 Star Wars ISD Monarch \u2013 Designer Onecase<\/figcaption><\/figure><\/li>\n<\/ul>\n<p>&nbsp;<\/p>\n<h4><strong>ARTIKELSPEZIFIKATIONEN<\/strong><\/h4>\n<ul>\n<li>Ein fantastischer MOC 23556 Imperial Star Destroyer Monarch <span style=\"font-size: 14.4px\">von rebrickable<\/span><\/li>\n<li><strong>+11340 St\u00fcck<\/strong> Hergestellt aus hochwertigen 100% ABS-Kunststoffsteinen, sicher f\u00fcr Kinder, lange Spielzeit, 100% kompatibel mit anderen Steinmarken wie Le .go<\/li>\n<li><span style=\"font-size: 14.4px\">Einfach zu bauen mit PDF-Anleitung mit Stein-f\u00fcr-Stein-Anleitung und hochwertigen Bildern \u2013 PDF-Datei per E-Mail gesendet.<\/span><\/li>\n<li>Die vollst\u00e4ndigen Abmessungen des St\u00e4nders k\u00f6nnen dem Bild unten entnommen werden. Gr\u00f6\u00dfe: L: 118 cm B: 71 cm H: 39 cm<\/li>\n<li>Zeiteinteilung: 4-8 Wochen<\/li>\n<\/ul>\n<h4><strong>MOC-BAUANLEITUNG<\/strong><\/h4>\n<p>Die Anweisungen f\u00fcr alle unsere MOC 23556 Imperial Star Destroyer Monarch werden nach Erhalt Ihrer Bestellung per E-Mail oder Livechat Facebook gesendet. Bitte kontaktieren Sie uns daf\u00fcr.<\/p>\n<h4><strong>VERSANDDATUM<\/strong><\/h4>\n<p>Die MOC 23556 Imperial Star Destroyer Monarch-Sets ben\u00f6tigen 10-12 Tage f\u00fcr die Vorbereitung und; <span style=\"color: red\"><strong>wird innerhalb von 25 Tagen versendet<\/strong><\/span><\/p>\n<h4><strong>FEHLENDE TEILE<\/strong><\/h4>\n<p>Alle Teile des MOC 23556 Imperial Star Destroyer Monarch werden vor dem Versand einer Qualit\u00e4tspr\u00fcfung unterzogen. Wenn Sie also fehlende oder besch\u00e4digte Teile finden, machen Sie sich keine Sorgen. Bitte kontaktieren Sie uns und wir werden sie Ihnen ohne Geb\u00fchren zusenden, oder wir bieten Ihnen eine kleine R\u00fcckerstattung, damit Sie an anderen Orten kaufen k\u00f6nnen.<\/p>","protected":false},"excerpt":{"rendered":"<p>\u2022 Mit 11340+ Stk<\/p>\n<p>\u2022 Ziegel von h\u00f6chster Qualit\u00e4t (besser als Lepin)<\/p>\n<p>\u2022 Gr\u00f6\u00dfe: L: 118 cm | B:71cm | H: 39 cm<\/p>\n<p>Die MOC 23556 Imperial Star Destroyer Monarch-Sets ben\u00f6tigen 10-12 Tage f\u00fcr die Vorbereitung und; <span style=\"color: red\"><strong>wird innerhalb von 25 Tagen versendet<\/strong><\/span><\/p>","protected":false},"author":3,"featured_media":19110,"comment_status":"open","ping_status":"closed","template":"","meta":{"_acf_changed":false},"product_cat":[415],"product_tag":[682,8443,686,8445,8446,8442,685,8444,673,436],"class_list":["product","first","instock","featured","shipping-taxable","purchasable","product-type-simple"],"acf":[],"_links":{"self":[{"href":"https:\/\/mouldking.store\/de\/wp-json\/wp\/v2\/product\/19120","targetHints":{"allow":["GET"]}}],"collection":[{"href":"https:\/\/mouldking.store\/de\/wp-json\/wp\/v2\/product"}],"about":[{"href":"https:\/\/mouldking.store\/de\/wp-json\/wp\/v2\/types\/product"}],"author":[{"embeddable":true,"href":"https:\/\/mouldking.store\/de\/wp-json\/wp\/v2\/users\/3"}],"replies":[{"embeddable":true,"href":"https:\/\/mouldking.store\/de\/wp-json\/wp\/v2\/comments?post=19120"}],"wp:featuredmedia":[{"embeddable":true,"href":"https:\/\/mouldking.store\/de\/wp-json\/wp\/v2\/media\/19110"}],"wp:attachment":[{"href":"https:\/\/mouldking.store\/de\/wp-json\/wp\/v2\/media?parent=19120"}],"wp:term":[{"taxonomy":"product_cat","embeddable":true,"href":"https:\/\/mouldking.store\/de\/wp-json\/wp\/v2\/product_cat?post=19120"},{"taxonomy":"product_tag","embeddable":true,"href":"https:\/\/mouldking.store\/de\/wp-json\/wp\/v2\/product_tag?post=19120"}],"curies":[{"name":"wp","href":"https:\/\/api.w.org\/{rel}","templated":true}]}}