{"id":19150,"date":"2021-10-09T04:26:43","date_gmt":"2021-10-08T21:26:43","guid":{"rendered":"https:\/\/mouldking.store\/shop\/moc-30884-hogwart-castle-epic-extension-by-moc-factory\/"},"modified":"2025-12-25T09:27:36","modified_gmt":"2025-12-25T02:27:36","slug":"moc-30884-hogwart-castle-epic-extension-by-moc-factory","status":"publish","type":"product","link":"https:\/\/mouldking.store\/de\/shop\/moc-30884-hogwart-castle-epic-extension-by-moc-factory\/","title":{"rendered":"MOC 30884 Hogwart Castle Epische Erweiterung von MOC FACTORY"},"content":{"rendered":"<p><strong>MOC 30884 Epische Erweiterung von Schloss Hogwarts<\/strong> basiert auf Schloss Hogwarts in Harry Potters Film. Es enth\u00e4lt nur erweiterte Geb\u00e4ude, nicht 71043 16060 Schloss Hogwarts<\/p>\n<p><img decoding=\"async\" class=\"alignnone size-full wp-image-177510\" src=\"https:\/\/pay.lpwstore.com\/wp-content\/uploads\/2019\/11\/article-2109071-11FC87B3000005DC-927_964x641.jpg\" alt=\" width=\" height=\"641\" title=\"-\"><\/p>\n<figure id=\"attachment_189024\" aria-describedby=\"caption-attachment-189024\" style=\"width: 1020px\" class=\"wp-caption alignnone\"><img fetchpriority=\"high\" decoding=\"async\" class=\"wp-image-189024 size-large\" src=\"https:\/\/pay.lpwstore.com\/wp-content\/uploads\/2019\/11\/48995349096_8f2ce4a6ff_o-Copy-1024x1024.jpg\" alt=\"-\" width=\"1020\" height=\"1020\" title=\"-\"><figcaption id=\"caption-attachment-189024\" class=\"wp-caption-text\">MOC FACTORY S7315 Hogwarts Castle Epische Erweiterung MOC-30884<\/figcaption><\/figure>\n<blockquote>\n<h4>MOC-Nummer: 30884<\/h4>\n<h4>Name: Schloss Hogwarts (71043) Epic Extension Designer von: Playwell Bricks<\/h4>\n<h4>Entwurfsjahr: 2019<\/h4>\n<h4>Anzahl der Teile: 19288<\/h4>\n<h4>Kategorie: Film\/Harry Potter<\/h4>\n<h4>Modifikation von: 71043\/ Lepin 16060 Schloss Hogwarts<\/h4>\n<\/blockquote>\n<h4>Ein tolles Bausteinset MOC 30884 Hogwart Castle Epic Extension<\/h4>\n<h4>\u2022 +19000 Teile aus hochwertigen 100% ABS-Kunststoffsteinen, sicher f\u00fcr Kinder, lange Spielzeit, 100% kompatibel mit anderen Steinmarken<\/h4>\n<h4>\u2022 Genau kompatibel mit 71043 16060 Schloss Hogwarts<\/h4>\n<p><span style=\"font-size: 14.4px\">\u2022 Einfach zu bauen mit manueller Anleitung von MOC 30884 Hogwart Castle Epic Extension <\/span><span style=\"font-size: 14.4px\">mit Stein-f\u00fcr-Stein-Anleitung und hochwertigen Bildern (+3000 Handbuchseiten)<\/span> <span style=\"font-size: 14.4px\">\u2022 Vollst\u00e4ndige Abmessungen von MOC 30884 Hogwart Castle Epic Extension:<\/span> Breite 130,6 cm (51,4 Zoll) L\u00e4nge 93,7 cm (36,9 Zoll) H\u00f6he 62,8 cm (24,7 Zoll)<\/p>\n<div class=\"mceTemp\"><\/div>\n<figure id=\"attachment_189025\" aria-describedby=\"caption-attachment-189025\" style=\"width: 790px\" class=\"wp-caption alignnone\"><img decoding=\"async\" class=\"size-full wp-image-189025\" src=\"https:\/\/pay.lpwstore.com\/wp-content\/uploads\/2019\/11\/MOC-FACTORY-S7315-Hogwart\u2019s-Castle-Epic-Extension-MOC-30884-15.png\" alt=\"-\" width=\"790\" height=\"574\" title=\"-\"><figcaption id=\"caption-attachment-189025\" class=\"wp-caption-text\">MOC FACTORY S7315 Hogwarts Castle Epische Erweiterung MOC-30884<\/figcaption><\/figure>\n<h4><strong>LIEFERUNG &amp; R\u00dcCKGABE<\/strong><\/h4>\n<ul>\n<li>Wir garantieren f\u00fcr MOC 30884 Hogwart Castle Epic Extension: \u2013 Volle R\u00fcckerstattung, wenn Sie Ihre Bestellung nicht erhalten \u2013 Kostenlose Bereitstellung f\u00fcr fehlende Teile oder manuelles Buch \u2013 Der Kunde zahlt keine Steuern und Zollgeb\u00fchren mehr. (Wenn Sie bezahlen m\u00fcssen, erstatten wir Ihnen zur\u00fcck)<\/li>\n<li>Der internationale Versand ist ziemlich kompliziert, wir bem\u00fchen uns, alle Ihre Probleme zu bearbeiten. Wenn Ihre Bestellung jedoch Probleme hat, kontaktieren Sie uns bitte per E-Mail<\/li>\n<li>Bestellung stornieren: Wenn Sie eine Bestellung stornieren m\u00fcssen, m\u00fcssen Sie uns so schnell wie m\u00f6glich per E-Mail an contact@pay.lpwstore.com kontaktieren. Wir k\u00f6nnen die Bestellung nicht vor 48 Stunden stoppen<\/li>\n<\/ul>\n<h4><strong>FEHLENDE TEILE<\/strong><\/h4>\n<p>Alle Teile der MOC 30884 Hogwart Castle Epic Extension werden vor dem Versand einer Qualit\u00e4tspr\u00fcfung unterzogen. Machen Sie sich also keine Sorgen, wenn Sie fehlende oder besch\u00e4digte Teile finden. Bitte kontaktieren Sie uns und wir senden sie Ihnen kostenlos zu, oder wir bieten Ihnen eine kleine R\u00fcckerstattung, damit Sie sie an anderen Orten kaufen k\u00f6nnen.<\/p>\n<figure id=\"attachment_192307\" aria-describedby=\"caption-attachment-192307\" style=\"width: 1020px\" class=\"wp-caption alignnone\"><img decoding=\"async\" class=\"wp-image-192307 size-large\" src=\"https:\/\/pay.lpwstore.com\/wp-content\/uploads\/2019\/11\/MOC-30884-Hogwart-Castle-Epic-Extension-by-Playwell-Bricks-1-1024x819.png\" alt=\"-\" width=\"1020\" height=\"816\" title=\"-\"><figcaption id=\"caption-attachment-192307\" class=\"wp-caption-text\">MOC 30884 Epische Erweiterung Schloss Hogwarts \u2013 TEIL 1<\/figcaption><\/figure>\n<figure id=\"attachment_192308\" aria-describedby=\"caption-attachment-192308\" style=\"width: 1020px\" class=\"wp-caption alignnone\"><img loading=\"lazy\" decoding=\"async\" class=\"wp-image-192308 size-large\" src=\"https:\/\/pay.lpwstore.com\/wp-content\/uploads\/2019\/11\/MOC-30884-Hogwart-Castle-Epic-Extension-by-Playwell-Bricks-2-1024x864.png\" alt=\"-\" width=\"1020\" height=\"861\" title=\"-\"><figcaption id=\"caption-attachment-192308\" class=\"wp-caption-text\">MOC 30884 Epische Erweiterung Schloss Hogwarts \u2013 TEIL 1<\/figcaption><\/figure>\n<figure id=\"attachment_192309\" aria-describedby=\"caption-attachment-192309\" style=\"width: 1020px\" class=\"wp-caption alignnone\"><img loading=\"lazy\" decoding=\"async\" class=\"wp-image-192309 size-large\" src=\"https:\/\/pay.lpwstore.com\/wp-content\/uploads\/2019\/11\/MOC-30884-Hogwart-Castle-Epic-Extension-by-Playwell-Bricks-3-1024x820.png\" alt=\"-\" width=\"1020\" height=\"817\" title=\"-\"><figcaption id=\"caption-attachment-192309\" class=\"wp-caption-text\">MOC 30884 Epische Erweiterung Schloss Hogwarts \u2013 TEIL 2<\/figcaption><\/figure>\n<figure id=\"attachment_192310\" aria-describedby=\"caption-attachment-192310\" style=\"width: 1020px\" class=\"wp-caption alignnone\"><img loading=\"lazy\" decoding=\"async\" class=\"wp-image-192310 size-large\" src=\"https:\/\/pay.lpwstore.com\/wp-content\/uploads\/2019\/11\/MOC-30884-Hogwart-Castle-Epic-Extension-by-Playwell-Bricks-4-1024x852.png\" alt=\"-\" width=\"1020\" height=\"849\" title=\"-\"><figcaption id=\"caption-attachment-192310\" class=\"wp-caption-text\">MOC 30884 Epische Erweiterung Schloss Hogwarts \u2013 TEIL 2<\/figcaption><\/figure>\n<figure id=\"attachment_192311\" aria-describedby=\"caption-attachment-192311\" style=\"width: 1020px\" class=\"wp-caption alignnone\"><img loading=\"lazy\" decoding=\"async\" class=\"wp-image-192311 size-large\" src=\"https:\/\/pay.lpwstore.com\/wp-content\/uploads\/2019\/11\/MOC-30884-Hogwart-Castle-Epic-Extension-by-Playwell-Bricks-5-1024x774.png\" alt=\"-\" width=\"1020\" height=\"771\" title=\"-\"><figcaption id=\"caption-attachment-192311\" class=\"wp-caption-text\">MOC 30884 Epische Erweiterung Schloss Hogwarts \u2013 TEIL 2<\/figcaption><\/figure>\n<figure id=\"attachment_192312\" aria-describedby=\"caption-attachment-192312\" style=\"width: 1020px\" class=\"wp-caption alignnone\"><img loading=\"lazy\" decoding=\"async\" class=\"wp-image-192312 size-large\" src=\"https:\/\/pay.lpwstore.com\/wp-content\/uploads\/2019\/11\/Screenshot_4-1024x852.png\" alt=\"-\" width=\"1020\" height=\"849\" title=\"-\"><figcaption id=\"caption-attachment-192312\" class=\"wp-caption-text\">MOC 30884 Epische Erweiterung Schloss Hogwarts \u2013 TEIL 2<\/figcaption><\/figure>\n<figure id=\"attachment_192313\" aria-describedby=\"caption-attachment-192313\" style=\"width: 1020px\" class=\"wp-caption alignnone\"><img loading=\"lazy\" decoding=\"async\" class=\"wp-image-192313 size-large\" src=\"https:\/\/pay.lpwstore.com\/wp-content\/uploads\/2019\/11\/Screenshot_5-1024x774.png\" alt=\"-\" width=\"1020\" height=\"771\" title=\"-\"><figcaption id=\"caption-attachment-192313\" class=\"wp-caption-text\">MOC 30884 Epische Erweiterung Schloss Hogwarts \u2013 TEIL 2<\/figcaption><\/figure>\n<figure id=\"attachment_189026\" aria-describedby=\"caption-attachment-189026\" style=\"width: 1020px\" class=\"wp-caption alignnone\"><img loading=\"lazy\" decoding=\"async\" class=\"size-large wp-image-189026\" src=\"https:\/\/pay.lpwstore.com\/wp-content\/uploads\/2019\/11\/MOC-FACTORY-S7315-Hogwart\u2019s-Castle-Epic-Extension-MOC-30884-2-1024x1024.jpg\" alt=\"-\" width=\"1020\" height=\"1020\" title=\"-\"><figcaption id=\"caption-attachment-189026\" class=\"wp-caption-text\">MOC FACTORY S7315 Hogwarts Castle Epische Erweiterung MOC-30884<\/figcaption><\/figure>\n<figure id=\"attachment_189027\" aria-describedby=\"caption-attachment-189027\" style=\"width: 1020px\" class=\"wp-caption alignnone\"><img loading=\"lazy\" decoding=\"async\" class=\"size-large wp-image-189027\" src=\"https:\/\/pay.lpwstore.com\/wp-content\/uploads\/2019\/11\/MOC-FACTORY-S7315-Hogwart\u2019s-Castle-Epic-Extension-MOC-30884-3-1024x1024.jpg\" alt=\"-\" width=\"1020\" height=\"1020\" title=\"-\"><figcaption id=\"caption-attachment-189027\" class=\"wp-caption-text\">MOC FACTORY S7315 Hogwarts Castle Epische Erweiterung MOC-30884<\/figcaption><\/figure>\n<figure id=\"attachment_189028\" aria-describedby=\"caption-attachment-189028\" style=\"width: 1020px\" class=\"wp-caption alignnone\"><img loading=\"lazy\" decoding=\"async\" class=\"size-large wp-image-189028\" src=\"https:\/\/pay.lpwstore.com\/wp-content\/uploads\/2019\/11\/MOC-FACTORY-S7315-Hogwart\u2019s-Castle-Epic-Extension-MOC-30884-4-1024x1024.jpg\" alt=\"-\" width=\"1020\" height=\"1020\" title=\"-\"><figcaption id=\"caption-attachment-189028\" class=\"wp-caption-text\">MOC FACTORY S7315 Hogwarts Castle Epische Erweiterung MOC-30884<\/figcaption><\/figure>\n<figure id=\"attachment_189029\" aria-describedby=\"caption-attachment-189029\" style=\"width: 510px\" class=\"wp-caption alignnone\"><img loading=\"lazy\" decoding=\"async\" class=\"size-full wp-image-189029\" src=\"https:\/\/pay.lpwstore.com\/wp-content\/uploads\/2019\/11\/MOC-FACTORY-S7315-Hogwart\u2019s-Castle-Epic-Extension-MOC-30884-11.png\" alt=\"-\" width=\"510\" height=\"510\" title=\"-\"><figcaption id=\"caption-attachment-189029\" class=\"wp-caption-text\">MOC FACTORY S7315 Hogwarts Castle Epische Erweiterung MOC-30884<\/figcaption><\/figure>\n<figure id=\"attachment_189030\" aria-describedby=\"caption-attachment-189030\" style=\"width: 790px\" class=\"wp-caption alignnone\"><img loading=\"lazy\" decoding=\"async\" class=\"size-full wp-image-189030\" src=\"https:\/\/pay.lpwstore.com\/wp-content\/uploads\/2019\/11\/MOC-FACTORY-S7315-Hogwart\u2019s-Castle-Epic-Extension-MOC-30884-14.png\" alt=\"-\" width=\"790\" height=\"882\" title=\"-\"><figcaption id=\"caption-attachment-189030\" class=\"wp-caption-text\">MOC FACTORY S7315 Hogwarts Castle Epische Erweiterung MOC-30884<\/figcaption><\/figure>\n<figure id=\"attachment_189032\" aria-describedby=\"caption-attachment-189032\" style=\"width: 790px\" class=\"wp-caption alignnone\"><img loading=\"lazy\" decoding=\"async\" class=\"size-full wp-image-189032\" src=\"https:\/\/pay.lpwstore.com\/wp-content\/uploads\/2019\/11\/MOC-FACTORY-S7315-Hogwart\u2019s-Castle-Epic-Extension-MOC-30884-16.png\" alt=\"-\" width=\"790\" height=\"557\" title=\"-\"><figcaption id=\"caption-attachment-189032\" class=\"wp-caption-text\">MOC FACTORY S7315 Hogwarts Castle Epische Erweiterung MOC-30884<\/figcaption><\/figure>\n<div id=\"gtx-trans\">\n<div class=\"gtx-trans-icon\"><\/div>\n<\/div>","protected":false},"excerpt":{"rendered":"<p style=\"text-align: left\"><strong style=\"color: #ed1c24;font-size: 14.4px\">AUF LAGER! ABER BEGRENZTE VORR\u00c4TE.\u00a0<\/strong><\/p>\n<p style=\"text-align: left\"><strong style=\"color: #ed1c24;font-size: 14.4px\">MOC 30884 + 71043\/16060 = FULL Hogwarts Castle<\/strong><\/p>\n<p>\u2022 Mit 19306+ Stk <strong>(Nicht enthalten 71043 16060 Hogwart Castle Brick Set)<\/strong><\/p>\n<p>\u2022 Beste ABS-Steine von hoher Qualit\u00e4t. Diese fantastische MOC 30884 Hogwart Castle Epic Extension von MOC FACTORY<\/p>\n<p>\u2022<strong> Wir brauchen <span style=\"color: #ed1c24\">10-20 Tage<\/span> zum Sammeln und Vorbereiten Ihrer Bestellung<\/strong><\/p>\n<p>\u2022 <strong>Anleitung per PDF<\/strong><\/p>\n<div class=\"jfk-bubble gtx-bubble\" role=\"alertdialog\" aria-describedby=\"bubble-7\">\n<div class=\"jfk-bubble-arrow-id jfk-bubble-arrow jfk-bubble-arrowup\">\n<div class=\"jfk-bubble-arrowimplbefore\"><\/div>\n<div class=\"jfk-bubble-arrowimplafter\"><\/div>\n<\/div>\n<\/div>","protected":false},"featured_media":19143,"comment_status":"open","ping_status":"closed","template":"","meta":{"_acf_changed":false},"product_cat":[15],"product_tag":[],"class_list":["product","first","instock","featured","shipping-taxable","purchasable","product-type-simple"],"acf":[],"_links":{"self":[{"href":"https:\/\/mouldking.store\/de\/wp-json\/wp\/v2\/product\/19150","targetHints":{"allow":["GET"]}}],"collection":[{"href":"https:\/\/mouldking.store\/de\/wp-json\/wp\/v2\/product"}],"about":[{"href":"https:\/\/mouldking.store\/de\/wp-json\/wp\/v2\/types\/product"}],"replies":[{"embeddable":true,"href":"https:\/\/mouldking.store\/de\/wp-json\/wp\/v2\/comments?post=19150"}],"wp:featuredmedia":[{"embeddable":true,"href":"https:\/\/mouldking.store\/de\/wp-json\/wp\/v2\/media\/19143"}],"wp:attachment":[{"href":"https:\/\/mouldking.store\/de\/wp-json\/wp\/v2\/media?parent=19150"}],"wp:term":[{"taxonomy":"product_cat","embeddable":true,"href":"https:\/\/mouldking.store\/de\/wp-json\/wp\/v2\/product_cat?post=19150"},{"taxonomy":"product_tag","embeddable":true,"href":"https:\/\/mouldking.store\/de\/wp-json\/wp\/v2\/product_tag?post=19150"}],"curies":[{"name":"wp","href":"https:\/\/api.w.org\/{rel}","templated":true}]}}