{"id":19438,"date":"2021-10-09T04:32:28","date_gmt":"2021-10-08T21:32:28","guid":{"rendered":"https:\/\/mouldking.store\/shop\/moc-factory-s7315-hogwarts-castle-epic-extension-moc-30884-part-1\/"},"modified":"2025-12-25T09:27:25","modified_gmt":"2025-12-25T02:27:25","slug":"moc-factory-s7315-hogwarts-castle-epic-extension-moc-30884-part-1","status":"publish","type":"product","link":"https:\/\/mouldking.store\/de\/shop\/moc-factory-s7315-hogwarts-castle-epic-extension-moc-30884-part-1\/","title":{"rendered":"MOC FACTORY S7315 Hogwarts Schloss Epische Erweiterung MOC-30884 Teil 1"},"content":{"rendered":"<div class=\"richtext_wrap\">\n<div class=\"richtext\">Die Vollversion des zentralen Innenhofs, des Auditoriums und des Brunnenplatzes von Schloss Hogwarts (Hogwarts Schloss (71043) Epische Erweiterung) geh\u00f6rt zu der Videospielserie der Baukl\u00f6tze. Das gesamte Set enth\u00e4lt 12918 Bausteinpartikel. Es wird 2019 eingef\u00fchrt.<\/div>\n<div><img fetchpriority=\"high\" decoding=\"async\" class=\"alignnone size-full wp-image-188418\" src=\"https:\/\/pay.lpwstore.com\/wp-content\/uploads\/2020\/04\/t\u1ea3i-xu\u1ed1ng-1-1.png\" alt=\"-\" width=\"790\" height=\"574\" title=\"-\"> <img decoding=\"async\" class=\"alignnone size-large wp-image-188419\" src=\"https:\/\/pay.lpwstore.com\/wp-content\/uploads\/2020\/04\/t\u1ea3i-xu\u1ed1ng-2-1.png\" alt=\"-\" width=\"790\" height=\"557\" title=\"-\"> <img decoding=\"async\" class=\"alignnone size-large wp-image-188421\" src=\"https:\/\/pay.lpwstore.com\/wp-content\/uploads\/2020\/04\/t\u1ea3i-xu\u1ed1ng-17.png\" alt=\"-\" width=\"790\" height=\"882\" title=\"-\"><\/div>\n<\/div>","protected":false},"excerpt":{"rendered":"<h1><strong style=\"color: #ed1c24;font-size: 14.4px\">MOC 30884 (S7315 + S7317) + 71043\/16060\/S7316 = FULL Hogwarts Castle<\/strong><\/h1>\n<p>Enthalten <strong>12918+<\/strong> St\u00fcck MOC FACTORY Hochwertiger Block<\/p>\n<p>TEIL 1<\/p>\n<div id=\"gtx-anchor\" style=\"width: 167.007px;height: 16.6667px\"><\/div>\n<div class=\"jfk-bubble gtx-bubble\" role=\"alertdialog\" aria-describedby=\"bubble-3\">\n<div id=\"bubble-3\" class=\"jfk-bubble-content-id\">\n<div id=\"gtx-host\" style=\"min-width: 200px;max-width: 400px\"><\/div>\n<\/div>\n<div class=\"jfk-bubble-closebtn-id jfk-bubble-closebtn\" role=\"button\" aria-label=\"Schlie\u00dfen\"><\/div>\n<div class=\"jfk-bubble-arrow-id jfk-bubble-arrow jfk-bubble-arrowup\">\n<div class=\"jfk-bubble-arrowimplbefore\"><\/div>\n<div class=\"jfk-bubble-arrowimplafter\"><\/div>\n<\/div>\n<\/div>","protected":false},"featured_media":19433,"comment_status":"open","ping_status":"closed","template":"","meta":{"_acf_changed":false},"product_cat":[15],"product_tag":[],"class_list":["product","first","instock","shipping-taxable","purchasable","product-type-simple"],"acf":[],"_links":{"self":[{"href":"https:\/\/mouldking.store\/de\/wp-json\/wp\/v2\/product\/19438","targetHints":{"allow":["GET"]}}],"collection":[{"href":"https:\/\/mouldking.store\/de\/wp-json\/wp\/v2\/product"}],"about":[{"href":"https:\/\/mouldking.store\/de\/wp-json\/wp\/v2\/types\/product"}],"replies":[{"embeddable":true,"href":"https:\/\/mouldking.store\/de\/wp-json\/wp\/v2\/comments?post=19438"}],"wp:featuredmedia":[{"embeddable":true,"href":"https:\/\/mouldking.store\/de\/wp-json\/wp\/v2\/media\/19433"}],"wp:attachment":[{"href":"https:\/\/mouldking.store\/de\/wp-json\/wp\/v2\/media?parent=19438"}],"wp:term":[{"taxonomy":"product_cat","embeddable":true,"href":"https:\/\/mouldking.store\/de\/wp-json\/wp\/v2\/product_cat?post=19438"},{"taxonomy":"product_tag","embeddable":true,"href":"https:\/\/mouldking.store\/de\/wp-json\/wp\/v2\/product_tag?post=19438"}],"curies":[{"name":"wp","href":"https:\/\/api.w.org\/{rel}","templated":true}]}}