{"id":19536,"date":"2021-10-09T04:35:07","date_gmt":"2021-10-09T04:35:07","guid":{"rendered":"https:\/\/mouldking.store\/shop\/moc-21541-mass-effect-3-normandy-sr-2-by-elijahlittle-moc-factory\/"},"modified":"2025-12-25T09:27:24","modified_gmt":"2025-12-25T02:27:24","slug":"moc-21541-mass-effect-3-normandy-sr-2-by-elijahlittle-moc-factory","status":"publish","type":"product","link":"https:\/\/mouldking.store\/de\/shop\/moc-21541-mass-effect-3-normandy-sr-2-by-elijahlittle-moc-factory\/","title":{"rendered":"MOC 21541 Mass Effect 3 Normandy SR 2 von ElijahLittle MOC FACTORY"},"content":{"rendered":"<p><strong>PRODUKTDETAIL<\/strong><\/p>\n<p>MOC 21541 Mass Effect 3 Normandy SR 2 by ElijahLittle MOC FACTORY is based\u00a0 on Normandy SR 2 in Mass Effect 3 Game.\u00a0 It&#8217;s an awesome Brick set MOC 21541 Mass Effect 3 Normandy SR 2 by ElijahLittle and Originally designed by Sebastian Br\u00fcckner<\/p>\n<p>The Normandy SR-2 is a starship that appears in 2185, and serves as the &#8220;successor&#8221; to the SR-1. The Illusive Man had Cerberus build the SR-2 for the newly revived Commander Shepard&#8217;s team to aid them in their mission to stop the Collectors&#8217; galaxy-wide campaign of human abductions. The ship serves as the headquarters of the Lazarus Cell.<\/p>\n<p>The ship is very similar to the Systems Alliance&#8217;s SSV Normandy SR-1, having been based on the design layout of the original. The Normandy SR-2 has several key differences, the most significant being that she is almost twice the mass of the original. Cerberus also designed the ship with more crew-oriented comforts by including civilian-grade accommodations (like leather chairs and a kitchen).<\/p>\n<p>The ship still retains the SSV Normandy SR-1&#8217;s stealth characteristics. However, unlike the SR-1, the SR-2 cannot land on every planet\u2014due to her increased mass\u2014requiring shore parties to use a shuttle to get to a planet&#8217;s surface.<\/p>\n<figure id=\"attachment_188129\" aria-describedby=\"caption-attachment-188129\" style=\"width: 1020px\" class=\"wp-caption alignnone\"><img fetchpriority=\"high\" decoding=\"async\" class=\"size-large wp-image-188129\" src=\"https:\/\/pay.lpwstore.com\/wp-content\/uploads\/2020\/05\/MOC-21541-Mass-Effect-3-Normandy-SR-2-by-ElijahLittle-MOC-FACTORY-1-1024x640.jpg\" alt=\"-\" width=\"1020\" height=\"638\" title=\"-\"><figcaption id=\"caption-attachment-188129\" class=\"wp-caption-text\">MOC 21541 Mass Effect 3 Normandy SR 2 von ElijahLittle MOC FACTORY<\/figcaption><\/figure>\n<ul>\n<li>+ 3320\u00a0 pieces made from high-quality 100% ABS plastic bricks, safe for children, long time to play, 100% compatible with other brick brands<\/li>\n<li><span style=\"font-size: 14.4px\">Easy-to-build with manual instruction of MOC 21541 Mass Effect 3 Normandy SR 2 by ElijahLittle MOC FACTORY <\/span><span style=\"font-size: 14.4px;color: #555555\">mit Stein-f\u00fcr-Stein-Anleitung und hochwertigen Bildern<\/span><\/li>\n<li><span style=\"font-size: 14.4px\">Full dimensions of MOC 21541 Mass Effect 3 Normandy SR 2 by ElijahLittle MOC FACTORY:<\/span><\/li>\n<\/ul>\n<p>&nbsp;<\/p>\n<blockquote>\n<p>MOC Number: 21541<br \/>\nName: Mass Effect 3 Normandy SR-2<br \/>\nDesigned by: ElijahLittle<br \/>\nDesigned Year: 2017<br \/>\nNumber of parts: 3320 parts<br \/>\nKategorie: Weltraum<\/p>\n<\/blockquote>\n<h4><strong>LIEFERUNG &amp; R\u00dcCKGABE<\/strong><\/h4>\n<p>We guarantee for MOC 21541 Mass Effect 3 Normandy SR 2 by ElijahLittle MOC FACTORY<\/p>\n<ul>\n<li>Volle R\u00fcckerstattung, wenn Sie Ihre Bestellung nicht erhalten<\/li>\n<li>Kostenlos f\u00fcr fehlende Teile oder Handbuchbuch sorgen<\/li>\n<li>Der Kunde zahlt keine Steuern und Zollgeb\u00fchren mehr. (Wenn Sie bezahlen m\u00fcssen, erstatten wir Ihnen zur\u00fcck)<\/li>\n<li>Der internationale Versand ist ziemlich kompliziert, wir bem\u00fchen uns, alle Ihre Probleme zu bearbeiten. Wenn Ihre Bestellung jedoch Probleme hat, kontaktieren Sie uns bitte per E-Mail<\/li>\n<li><span data-text-color=\"alert\"><strong>Bestellung stornieren:<\/strong><\/span> Wenn Sie eine Bestellung stornieren m\u00fcssen, m\u00fcssen Sie uns so schnell wie m\u00f6glich per E-Mail an contact@pay.lpwstore.com kontaktieren. Wir k\u00f6nnen die Bestellung nicht vor 48 Stunden stoppen<\/li>\n<\/ul>\n<h4><strong>FEHLENDE TEILE<\/strong><\/h4>\n<p>All parts of MOC 21541 Mass Effect 3 Normandy SR 2 by ElijahLittle MOC FACTORY \u00a0are quality checked before shipping, so if you find some missing or damaged parts, don&#8217;t worry. Please contact us and we will send them to you without any fees, or we will offer a small refund for you to buy in other places.<\/p>\n<h4><strong>PAKET<\/strong><\/h4>\n<p>MOC 21541 Mass Effect 3 Normandy SR 2 by ElijahLittle MOC FACTORY new in sealed Bag with Bubble Safty Packing (No original box, original box is too big and easy to be broken during shipping, and this will save cost for you. We promise to pack the blocks well.<\/p>\n<figure id=\"attachment_188131\" aria-describedby=\"caption-attachment-188131\" style=\"width: 1020px\" class=\"wp-caption alignnone\"><img decoding=\"async\" class=\"size-large wp-image-188131\" src=\"https:\/\/pay.lpwstore.com\/wp-content\/uploads\/2020\/05\/MOC-21541-Mass-Effect-3-Normandy-SR-2-by-ElijahLittle-MOC-FACTORY-2-1024x509.jpg\" alt=\"-\" width=\"1020\" height=\"507\" title=\"-\"><figcaption id=\"caption-attachment-188131\" class=\"wp-caption-text\">MOC 21541 Mass Effect 3 Normandy SR 2 von ElijahLittle MOC FACTORY<\/figcaption><\/figure>\n<figure id=\"attachment_188132\" aria-describedby=\"caption-attachment-188132\" style=\"width: 1020px\" class=\"wp-caption alignnone\"><img decoding=\"async\" class=\"size-large wp-image-188132\" src=\"https:\/\/pay.lpwstore.com\/wp-content\/uploads\/2020\/05\/MOC-21541-Mass-Effect-3-Normandy-SR-2-by-ElijahLittle-MOC-FACTORY-3-1024x445.jpg\" alt=\"-\" width=\"1020\" height=\"443\" title=\"-\"><figcaption id=\"caption-attachment-188132\" class=\"wp-caption-text\">MOC 21541 Mass Effect 3 Normandy SR 2 von ElijahLittle MOC FACTORY<\/figcaption><\/figure>\n<figure id=\"attachment_188133\" aria-describedby=\"caption-attachment-188133\" style=\"width: 1020px\" class=\"wp-caption alignnone\"><img loading=\"lazy\" decoding=\"async\" class=\"wp-image-188133 size-large\" src=\"https:\/\/pay.lpwstore.com\/wp-content\/uploads\/2020\/05\/MOC-21541-Mass-Effect-3-Normandy-SR-2-by-ElijahLittle-MOC-FACTORY-4-1024x331.jpg\" alt=\"-\" width=\"1020\" height=\"330\" title=\"-\"><figcaption id=\"caption-attachment-188133\" class=\"wp-caption-text\">MOC 21541 Mass Effect 3 Normandy SR 2 von ElijahLittle MOC FACTORY<\/figcaption><\/figure>\n<figure id=\"attachment_188134\" aria-describedby=\"caption-attachment-188134\" style=\"width: 1020px\" class=\"wp-caption alignnone\"><img loading=\"lazy\" decoding=\"async\" class=\"size-large wp-image-188134\" src=\"https:\/\/pay.lpwstore.com\/wp-content\/uploads\/2020\/05\/MOC-21541-Mass-Effect-3-Normandy-SR-2-by-ElijahLittle-MOC-FACTORY-5-1024x380.jpg\" alt=\"-\" width=\"1020\" height=\"379\" title=\"-\"><figcaption id=\"caption-attachment-188134\" class=\"wp-caption-text\">MOC 21541 Mass Effect 3 Normandy SR 2 von ElijahLittle MOC FACTORY<\/figcaption><\/figure>","protected":false},"excerpt":{"rendered":"<h3><strong>MOC 21541 Mass Effect 3 Normandy SR 2 von ElijahLittle MOC FACTORY<\/strong><\/h3>\n<h3><span data-text-color=\"alert\"><strong>Available in July 2020\/Subcribe email and get notice when it released<\/strong><\/span><\/h3>\n<ul>\n<li>Ziegelmenge: <strong>3320+ <\/strong>pcs + Full stickers<\/li>\n<li>Service: Kostenlose Ersatzteile<\/li>\n<li>Notiz: <span style=\"text-decoration: underline\" data-text-color=\"alert\"><strong>Keine Originalverpackung<\/strong><\/span>, Verwenden Sie einen Luftpolsterbeutel oder einen leeren Karton.<\/li>\n<\/ul>\n<div id=\"gtx-trans\">\n<div class=\"gtx-trans-icon\"><\/div>\n<\/div>","protected":false},"featured_media":19529,"comment_status":"open","ping_status":"closed","template":"","meta":{"_acf_changed":false},"product_cat":[15],"product_tag":[],"class_list":["product","first","outofstock","shipping-taxable","purchasable","product-type-simple"],"acf":[],"_links":{"self":[{"href":"https:\/\/mouldking.store\/de\/wp-json\/wp\/v2\/product\/19536","targetHints":{"allow":["GET"]}}],"collection":[{"href":"https:\/\/mouldking.store\/de\/wp-json\/wp\/v2\/product"}],"about":[{"href":"https:\/\/mouldking.store\/de\/wp-json\/wp\/v2\/types\/product"}],"replies":[{"embeddable":true,"href":"https:\/\/mouldking.store\/de\/wp-json\/wp\/v2\/comments?post=19536"}],"wp:featuredmedia":[{"embeddable":true,"href":"https:\/\/mouldking.store\/de\/wp-json\/wp\/v2\/media\/19529"}],"wp:attachment":[{"href":"https:\/\/mouldking.store\/de\/wp-json\/wp\/v2\/media?parent=19536"}],"wp:term":[{"taxonomy":"product_cat","embeddable":true,"href":"https:\/\/mouldking.store\/de\/wp-json\/wp\/v2\/product_cat?post=19536"},{"taxonomy":"product_tag","embeddable":true,"href":"https:\/\/mouldking.store\/de\/wp-json\/wp\/v2\/product_tag?post=19536"}],"curies":[{"name":"wp","href":"https:\/\/api.w.org\/{rel}","templated":true}]}}