{"id":19761,"date":"2021-10-09T04:37:20","date_gmt":"2021-10-09T04:37:20","guid":{"rendered":"https:\/\/mouldking.store\/shop\/moc-factory-moc-29848-tow-truck-mk-ii-super-vehicle-by-lucioswitch81\/"},"modified":"2025-12-25T09:27:12","modified_gmt":"2025-12-25T02:27:12","slug":"moc-factory-moc-29848-tow-truck-mk-ii-super-vehicle-by-lucioswitch81","status":"publish","type":"product","link":"https:\/\/mouldking.store\/de\/shop\/moc-factory-moc-29848-tow-truck-mk-ii-super-vehicle-by-lucioswitch81\/","title":{"rendered":"MOC FACTORY MOC 29848 Tow Truck MK II Superfahrzeug von Lucioswitch81"},"content":{"rendered":"<p><strong>PRODUKTDETAIL<\/strong><\/p>\n<p>MOC FACTORY MOC 29848 Tow Truck MK II von Lucioswitch81 basiert auf MOC 29848 Tow Truck MK II von Lucioswitch81 in rebrickable . Es ist ein tolles Brick-Set MOC FACTORY MOC 29848 Tow Truck MK II von Lucioswitch81<\/p>\n<ul>\n<li>+ 10.100 Teile aus hochwertigen 100% ABS-Kunststoffsteinen, sicher f\u00fcr Kinder, lange Spielzeit, 100% kompatibel mit anderen Steinmarken<\/li>\n<li><span style=\"font-size: 14.4px\">Einfach zu bauen mit manueller Anleitung von MOC FACTORY MOC 29848 Tow Truck MK II von Lucioswitch81 <\/span><span style=\"font-size: 14.4px;color: #555555\">mit Stein-f\u00fcr-Stein-Anleitung und hochwertigen Bildern<\/span><\/li>\n<li><span style=\"font-size: 14.4px\">Vollst\u00e4ndige Abmessungen des MOC FACTORY MOC 29848 Tow Truck MK II von Lucioswitch81:\u00a0<\/span><\/li>\n<\/ul>\n<figure id=\"attachment_189261\" aria-describedby=\"caption-attachment-189261\" style=\"width: 1020px\" class=\"wp-caption alignnone\"><img fetchpriority=\"high\" decoding=\"async\" class=\"size-large wp-image-189261\" src=\"https:\/\/pay.lpwstore.com\/wp-content\/uploads\/2020\/05\/MOC-FACTORY-MOC-29848-Tow-Truck-MK-II-3-Copy-1024x745.png\" alt=\"-\" width=\"1020\" height=\"742\" title=\"-\"><figcaption id=\"caption-attachment-189261\" class=\"wp-caption-text\">MOC FACTORY MOC 29848 Abschleppwagen MK II<\/figcaption><\/figure>\n<p>L\u00e4nge: 88 cm 110 Nieten<br \/>\nBreite: 24,8 cm 31 Nieten, 28 cm 35 Nieten mit Spiegeln<br \/>\nH\u00f6he: 32,8 cm 41 Nieten<br \/>\nGewicht: 12,5 kg<\/p>\n<h4><strong>LIEFERUNG &amp; R\u00dcCKGABE<\/strong><\/h4>\n<p>Wir garantieren f\u00fcr MOC FACTORY MOC 29848 Tow Truck MK II von Lucioswitch81<\/p>\n<ul>\n<li>Volle R\u00fcckerstattung, wenn Sie Ihre Bestellung nicht erhalten<\/li>\n<li>Kostenlos f\u00fcr fehlende Teile oder Handbuchbuch sorgen<\/li>\n<li>Der Kunde zahlt keine Steuern und Zollgeb\u00fchren mehr. (Wenn Sie bezahlen m\u00fcssen, erstatten wir Ihnen zur\u00fcck)<\/li>\n<li>Der internationale Versand ist ziemlich kompliziert, wir bem\u00fchen uns, alle Ihre Probleme zu bearbeiten. Wenn Ihre Bestellung jedoch Probleme hat, kontaktieren Sie uns bitte per E-Mail<\/li>\n<li><span data-text-color=\"alert\"><strong>Bestellung stornieren:<\/strong><\/span> Wenn Sie eine Bestellung stornieren m\u00fcssen, m\u00fcssen Sie uns so schnell wie m\u00f6glich per E-Mail an contact@pay.lpwstore.com kontaktieren. Wir k\u00f6nnen die Bestellung nicht vor 48 Stunden stoppen<\/li>\n<\/ul>\n<h4><strong>FEHLENDE TEILE<\/strong><\/h4>\n<p>Alle Teile des MOC FACTORY MOC 29848 Tow Truck MK II von Lucioswitch81 werden vor dem Versand einer Qualit\u00e4tspr\u00fcfung unterzogen. Wenn Sie also fehlende oder besch\u00e4digte Teile finden, machen Sie sich keine Sorgen. Bitte kontaktieren Sie uns und wir senden sie Ihnen kostenlos zu, oder wir bieten Ihnen eine kleine R\u00fcckerstattung, damit Sie sie an anderen Orten kaufen k\u00f6nnen.<\/p>\n<h4><strong>PAKET<\/strong><\/h4>\n<p>MOC FACTORY MOC 29848 Abschleppwagen MK II von Lucioswitch81 neu in versiegelter Tasche mit Luftpolsterverpackung (keine Originalverpackung, die Originalverpackung ist zu gro\u00df und kann beim Versand leicht besch\u00e4digt werden, wodurch Sie Kosten sparen. Wir versprechen, die Bl\u00f6cke zu verpacken Also.<\/p>\n<figure id=\"attachment_189254\" aria-describedby=\"caption-attachment-189254\" style=\"width: 1020px\" class=\"wp-caption alignnone\"><img decoding=\"async\" class=\"size-large wp-image-189254\" src=\"https:\/\/pay.lpwstore.com\/wp-content\/uploads\/2020\/05\/40158-1024x769.jpg\" alt=\"-\" width=\"1020\" height=\"766\" title=\"-\"><figcaption id=\"caption-attachment-189254\" class=\"wp-caption-text\">MOC FACTORY MOC 29848 Abschleppwagen MK II von Lucioswitch81<\/figcaption><\/figure>\n<figure id=\"attachment_189255\" aria-describedby=\"caption-attachment-189255\" style=\"width: 1020px\" class=\"wp-caption alignnone\"><img decoding=\"async\" class=\"size-large wp-image-189255\" src=\"https:\/\/pay.lpwstore.com\/wp-content\/uploads\/2020\/05\/40158_BqkfYTK-1024x768.jpg\" alt=\"-\" width=\"1020\" height=\"765\" title=\"-\"><figcaption id=\"caption-attachment-189255\" class=\"wp-caption-text\">MOC FACTORY MOC 29848 Abschleppwagen MK II von Lucioswitch81<\/figcaption><\/figure>\n<figure id=\"attachment_189256\" aria-describedby=\"caption-attachment-189256\" style=\"width: 768px\" class=\"wp-caption alignnone\"><img loading=\"lazy\" decoding=\"async\" class=\"size-large wp-image-189256\" src=\"https:\/\/pay.lpwstore.com\/wp-content\/uploads\/2020\/05\/40158_kNPtlaF-768x1024.jpg\" alt=\"-\" width=\"768\" height=\"1024\" title=\"-\"><figcaption id=\"caption-attachment-189256\" class=\"wp-caption-text\">MOC FACTORY MOC 29848 Abschleppwagen MK II von Lucioswitch81<\/figcaption><\/figure>\n<figure id=\"attachment_189257\" aria-describedby=\"caption-attachment-189257\" style=\"width: 1020px\" class=\"wp-caption alignnone\"><img loading=\"lazy\" decoding=\"async\" class=\"size-large wp-image-189257\" src=\"https:\/\/pay.lpwstore.com\/wp-content\/uploads\/2020\/05\/40158_O5Rg0yU-1024x768.jpg\" alt=\"-\" width=\"1020\" height=\"765\" title=\"-\"><figcaption id=\"caption-attachment-189257\" class=\"wp-caption-text\">MOC FACTORY MOC 29848 Abschleppwagen MK II von Lucioswitch81<\/figcaption><\/figure>\n<figure id=\"attachment_189258\" aria-describedby=\"caption-attachment-189258\" style=\"width: 898px\" class=\"wp-caption alignnone\"><img loading=\"lazy\" decoding=\"async\" class=\"size-large wp-image-189258\" src=\"https:\/\/pay.lpwstore.com\/wp-content\/uploads\/2020\/05\/40158_rBfHrCL-898x1024.jpg\" alt=\"-\" width=\"898\" height=\"1024\" title=\"-\"><figcaption id=\"caption-attachment-189258\" class=\"wp-caption-text\">MOC FACTORY MOC 29848 Abschleppwagen MK II von Lucioswitch81<\/figcaption><\/figure>\n<p>MOC FACTORY MOC 29848 Abschleppwagen MK II von Lucioswitch81<\/p>\n<figure id=\"attachment_189238\" aria-describedby=\"caption-attachment-189238\" style=\"width: 1020px\" class=\"wp-caption alignnone\"><img loading=\"lazy\" decoding=\"async\" class=\"size-large wp-image-189238\" src=\"https:\/\/pay.lpwstore.com\/wp-content\/uploads\/2020\/05\/MOC-FACTORY-MOC-29848-Tow-Truck-MK-II-1-1024x576.jpg\" alt=\"-\" width=\"1020\" height=\"574\" title=\"-\"><figcaption id=\"caption-attachment-189238\" class=\"wp-caption-text\">MOC FACTORY MOC 29848 Abschleppwagen MK II von Lucioswitch81<\/figcaption><\/figure>\n<figure id=\"attachment_189240\" aria-describedby=\"caption-attachment-189240\" style=\"width: 1020px\" class=\"wp-caption alignnone\"><img loading=\"lazy\" decoding=\"async\" class=\"size-large wp-image-189240\" src=\"https:\/\/pay.lpwstore.com\/wp-content\/uploads\/2020\/05\/MOC-FACTORY-MOC-29848-Tow-Truck-MK-II-2-1024x576.jpg\" alt=\"-\" width=\"1020\" height=\"574\" title=\"-\"><figcaption id=\"caption-attachment-189240\" class=\"wp-caption-text\">MOC FACTORY MOC 29848 Abschleppwagen MK II von Lucioswitch81<\/figcaption><\/figure>\n<figure id=\"attachment_189241\" aria-describedby=\"caption-attachment-189241\" style=\"width: 1020px\" class=\"wp-caption alignnone\"><img loading=\"lazy\" decoding=\"async\" class=\"size-large wp-image-189241\" src=\"https:\/\/pay.lpwstore.com\/wp-content\/uploads\/2020\/05\/MOC-FACTORY-MOC-29848-Tow-Truck-MK-II-3-1024x576.jpg\" alt=\"-\" width=\"1020\" height=\"574\" title=\"-\"><figcaption id=\"caption-attachment-189241\" class=\"wp-caption-text\">MOC FACTORY MOC 29848 Abschleppwagen MK II von Lucioswitch81<\/figcaption><\/figure>\n<figure id=\"attachment_189242\" aria-describedby=\"caption-attachment-189242\" style=\"width: 1020px\" class=\"wp-caption alignnone\"><img loading=\"lazy\" decoding=\"async\" class=\"size-large wp-image-189242\" src=\"https:\/\/pay.lpwstore.com\/wp-content\/uploads\/2020\/05\/MOC-FACTORY-MOC-29848-Tow-Truck-MK-II-4-1024x576.jpg\" alt=\"-\" width=\"1020\" height=\"574\" title=\"-\"><figcaption id=\"caption-attachment-189242\" class=\"wp-caption-text\">MOC FACTORY MOC 29848 Abschleppwagen MK II von Lucioswitch81<\/figcaption><\/figure>\n<figure id=\"attachment_189243\" aria-describedby=\"caption-attachment-189243\" style=\"width: 1020px\" class=\"wp-caption alignnone\"><img loading=\"lazy\" decoding=\"async\" class=\"size-large wp-image-189243\" src=\"https:\/\/pay.lpwstore.com\/wp-content\/uploads\/2020\/05\/MOC-FACTORY-MOC-29848-Tow-Truck-MK-II-5-1024x576.jpg\" alt=\"-\" width=\"1020\" height=\"574\" title=\"-\"><figcaption id=\"caption-attachment-189243\" class=\"wp-caption-text\">MOC FACTORY MOC 29848 Abschleppwagen MK II von Lucioswitch81<\/figcaption><\/figure>\n<figure id=\"attachment_189244\" aria-describedby=\"caption-attachment-189244\" style=\"width: 1020px\" class=\"wp-caption alignnone\"><img loading=\"lazy\" decoding=\"async\" class=\"size-large wp-image-189244\" src=\"https:\/\/pay.lpwstore.com\/wp-content\/uploads\/2020\/05\/MOC-FACTORY-MOC-29848-Tow-Truck-MK-II-6-1024x576.jpg\" alt=\"-\" width=\"1020\" height=\"574\" title=\"-\"><figcaption id=\"caption-attachment-189244\" class=\"wp-caption-text\">MOC FACTORY MOC 29848 Abschleppwagen MK II von Lucioswitch81<\/figcaption><\/figure>\n<figure id=\"attachment_189245\" aria-describedby=\"caption-attachment-189245\" style=\"width: 830px\" class=\"wp-caption alignnone\"><img loading=\"lazy\" decoding=\"async\" class=\"size-large wp-image-189245\" src=\"https:\/\/pay.lpwstore.com\/wp-content\/uploads\/2020\/05\/MOC-FACTORY-MOC-29848-Tow-Truck-MK-II-7-830x1024.jpg\" alt=\"-\" width=\"830\" height=\"1024\" title=\"-\"><figcaption id=\"caption-attachment-189245\" class=\"wp-caption-text\">MOC FACTORY MOC 29848 Abschleppwagen MK II von Lucioswitch81<\/figcaption><\/figure>\n<figure id=\"attachment_189246\" aria-describedby=\"caption-attachment-189246\" style=\"width: 1020px\" class=\"wp-caption alignnone\"><img loading=\"lazy\" decoding=\"async\" class=\"size-large wp-image-189246\" src=\"https:\/\/pay.lpwstore.com\/wp-content\/uploads\/2020\/05\/MOC-FACTORY-MOC-29848-Tow-Truck-MK-II-8-1024x576.jpg\" alt=\"-\" width=\"1020\" height=\"574\" title=\"-\"><figcaption id=\"caption-attachment-189246\" class=\"wp-caption-text\">MOC FACTORY MOC 29848 Abschleppwagen MK II von Lucioswitch81<\/figcaption><\/figure>\n<figure id=\"attachment_189247\" aria-describedby=\"caption-attachment-189247\" style=\"width: 1020px\" class=\"wp-caption alignnone\"><img loading=\"lazy\" decoding=\"async\" class=\"size-large wp-image-189247\" src=\"https:\/\/pay.lpwstore.com\/wp-content\/uploads\/2020\/05\/MOC-FACTORY-MOC-29848-Tow-Truck-MK-II-9-1024x576.jpg\" alt=\"-\" width=\"1020\" height=\"574\" title=\"-\"><figcaption id=\"caption-attachment-189247\" class=\"wp-caption-text\">MOC FACTORY MOC 29848 Abschleppwagen MK II von Lucioswitch81<\/figcaption><\/figure>\n<figure id=\"attachment_189248\" aria-describedby=\"caption-attachment-189248\" style=\"width: 1020px\" class=\"wp-caption alignnone\"><img loading=\"lazy\" decoding=\"async\" class=\"size-large wp-image-189248\" src=\"https:\/\/pay.lpwstore.com\/wp-content\/uploads\/2020\/05\/MOC-FACTORY-MOC-29848-Tow-Truck-MK-II-10-1024x576.jpg\" alt=\"-\" width=\"1020\" height=\"574\" title=\"-\"><figcaption id=\"caption-attachment-189248\" class=\"wp-caption-text\">MOC FACTORY MOC 29848 Abschleppwagen MK II von Lucioswitch81<\/figcaption><\/figure>\n<figure id=\"attachment_189249\" aria-describedby=\"caption-attachment-189249\" style=\"width: 1020px\" class=\"wp-caption alignnone\"><img loading=\"lazy\" decoding=\"async\" class=\"size-large wp-image-189249\" src=\"https:\/\/pay.lpwstore.com\/wp-content\/uploads\/2020\/05\/MOC-FACTORY-MOC-29848-Tow-Truck-MK-II-11-1024x576.jpg\" alt=\"-\" width=\"1020\" height=\"574\" title=\"-\"><figcaption id=\"caption-attachment-189249\" class=\"wp-caption-text\">MOC FACTORY MOC 29848 Abschleppwagen MK II von Lucioswitch81<\/figcaption><\/figure>\n<figure id=\"attachment_189250\" aria-describedby=\"caption-attachment-189250\" style=\"width: 1020px\" class=\"wp-caption alignnone\"><img loading=\"lazy\" decoding=\"async\" class=\"size-large wp-image-189250\" src=\"https:\/\/pay.lpwstore.com\/wp-content\/uploads\/2020\/05\/MOC-FACTORY-MOC-29848-Tow-Truck-MK-II-12-1024x840.jpg\" alt=\"-\" width=\"1020\" height=\"837\" title=\"-\"><figcaption id=\"caption-attachment-189250\" class=\"wp-caption-text\">MOC FACTORY MOC 29848 Abschleppwagen MK II von Lucioswitch81<\/figcaption><\/figure>\n<figure id=\"attachment_189251\" aria-describedby=\"caption-attachment-189251\" style=\"width: 1020px\" class=\"wp-caption alignnone\"><img loading=\"lazy\" decoding=\"async\" class=\"size-large wp-image-189251\" src=\"https:\/\/pay.lpwstore.com\/wp-content\/uploads\/2020\/05\/MOC-FACTORY-MOC-29848-Tow-Truck-MK-II-13-1024x576.jpg\" alt=\"-\" width=\"1020\" height=\"574\" title=\"-\"><figcaption id=\"caption-attachment-189251\" class=\"wp-caption-text\">MOC FACTORY MOC 29848 Abschleppwagen MK II von Lucioswitch81<\/figcaption><\/figure>\n<figure id=\"attachment_189252\" aria-describedby=\"caption-attachment-189252\" style=\"width: 1020px\" class=\"wp-caption alignnone\"><img loading=\"lazy\" decoding=\"async\" class=\"size-large wp-image-189252\" src=\"https:\/\/pay.lpwstore.com\/wp-content\/uploads\/2020\/05\/MOC-FACTORY-MOC-29848-Tow-Truck-MK-II-14-1024x576.jpg\" alt=\"-\" width=\"1020\" height=\"574\" title=\"-\"><figcaption id=\"caption-attachment-189252\" class=\"wp-caption-text\">MOC FACTORY MOC 29848 Abschleppwagen MK II von Lucioswitch81<\/figcaption><\/figure>\n<figure id=\"attachment_189253\" aria-describedby=\"caption-attachment-189253\" style=\"width: 1020px\" class=\"wp-caption alignnone\"><img loading=\"lazy\" decoding=\"async\" class=\"size-large wp-image-189253\" src=\"https:\/\/pay.lpwstore.com\/wp-content\/uploads\/2020\/05\/MOC-FACTORY-MOC-29848-Tow-Truck-MK-II-15-1024x576.jpg\" alt=\"-\" width=\"1020\" height=\"574\" title=\"-\"><figcaption id=\"caption-attachment-189253\" class=\"wp-caption-text\">MOC FACTORY MOC 29848 Abschleppwagen MK II von Lucioswitch81<\/figcaption><\/figure>","protected":false},"excerpt":{"rendered":"<h3><strong>MOC FACTORY MOC 29848 Abschleppwagen MK II von Lucioswitch81<\/strong><\/h3>\n<h3><span data-text-color=\"alert\"><strong>Mit Motorversion<\/strong><\/span><\/h3>\n<ul>\n<li>Ziegelmenge: <strong>10.100+ <\/strong>Stck. und\n<ul>\n<li>PF-Elemente:<\/li>\n<li>M-Motor: 8<\/li>\n<li>L-Motor: 4<\/li>\n<li>XL-Motor: 4<\/li>\n<li>Servomotor: 3<\/li>\n<li>PF-LED: 5<\/li>\n<li>Lipo-Akku: 2<\/li>\n<li>Klassische Batteriebox: 1<\/li>\n<li>und einige Drahtverl\u00e4ngerungen.<\/li>\n<\/ul>\n<\/li>\n<li>Pneumatische Elemente:\n<ul>\n<li>Kleine Pumpen: 1<\/li>\n<li>1\u00d75 Zylinder: 2<\/li>\n<li>Mittlerer Zylinder neu: 2<\/li>\n<li>Ventil: 1<\/li>\n<\/ul>\n<\/li>\n<li>Service: Kostenlose Ersatzteile<\/li>\n<li>Notiz: <span style=\"text-decoration: underline\" data-text-color=\"alert\"><strong>Keine Originalverpackung<\/strong><\/span>, Verwenden Sie einen Luftpolsterbeutel oder einen leeren Karton.<\/li>\n<\/ul>\n<div id=\"gtx-trans\">\n<div class=\"gtx-trans-icon\"><\/div>\n<\/div>","protected":false},"featured_media":19739,"comment_status":"open","ping_status":"closed","template":"","meta":{"_acf_changed":false},"product_cat":[15],"product_tag":[],"class_list":["product","first","instock","shipping-taxable","purchasable","product-type-simple"],"acf":[],"_links":{"self":[{"href":"https:\/\/mouldking.store\/de\/wp-json\/wp\/v2\/product\/19761","targetHints":{"allow":["GET"]}}],"collection":[{"href":"https:\/\/mouldking.store\/de\/wp-json\/wp\/v2\/product"}],"about":[{"href":"https:\/\/mouldking.store\/de\/wp-json\/wp\/v2\/types\/product"}],"replies":[{"embeddable":true,"href":"https:\/\/mouldking.store\/de\/wp-json\/wp\/v2\/comments?post=19761"}],"wp:featuredmedia":[{"embeddable":true,"href":"https:\/\/mouldking.store\/de\/wp-json\/wp\/v2\/media\/19739"}],"wp:attachment":[{"href":"https:\/\/mouldking.store\/de\/wp-json\/wp\/v2\/media?parent=19761"}],"wp:term":[{"taxonomy":"product_cat","embeddable":true,"href":"https:\/\/mouldking.store\/de\/wp-json\/wp\/v2\/product_cat?post=19761"},{"taxonomy":"product_tag","embeddable":true,"href":"https:\/\/mouldking.store\/de\/wp-json\/wp\/v2\/product_tag?post=19761"}],"curies":[{"name":"wp","href":"https:\/\/api.w.org\/{rel}","templated":true}]}}