{"id":19819,"date":"2021-10-09T04:37:57","date_gmt":"2021-10-09T04:37:57","guid":{"rendered":"https:\/\/mouldking.store\/shop\/moc-4446-airport-crash-tender-super-vehicle-by-lucioswitch81-moc-factory\/"},"modified":"2025-12-25T09:27:12","modified_gmt":"2025-12-25T02:27:12","slug":"moc-4446-airport-crash-tender-super-vehicle-by-lucioswitch81-moc-factory","status":"publish","type":"product","link":"https:\/\/mouldking.store\/de\/shop\/moc-4446-airport-crash-tender-super-vehicle-by-lucioswitch81-moc-factory\/","title":{"rendered":"MOC 4446 Airport Crash Tender Superfahrzeug von Lucioswitch81 MOC FACTORY"},"content":{"rendered":"<p><strong>PRODUKTDETAIL<\/strong><\/p>\n<p>MOC 4446 Airport Crash Tender by Lucioswitch81 MOC FACTORY is based\u00a0 on MOC 4446 Airport Crash Tender by Lucioswitch81 in rebrickable .\u00a0 It&#8217;s an awesome Brick set MOC 4446 Airport Crash Tender by Lucioswitch81 MOC FACTORY<\/p>\n<figure id=\"attachment_189400\" aria-describedby=\"caption-attachment-189400\" style=\"width: 1020px\" class=\"wp-caption alignnone\"><img fetchpriority=\"high\" decoding=\"async\" class=\"size-large wp-image-189400\" src=\"https:\/\/pay.lpwstore.com\/wp-content\/uploads\/2020\/05\/afca60478eaa31cb-1024x768.png\" alt=\"-\" width=\"1020\" height=\"765\" title=\"-\"><figcaption id=\"caption-attachment-189400\" class=\"wp-caption-text\">MOC 4446 Airport Crash Tender by Lucioswitch81 MOC FACTORY<\/figcaption><\/figure>\n<ul>\n<li>+ 7177\u00a0 pieces made from high-quality 100% ABS plastic bricks, safe for children, long time to play, 100% compatible with other brick brands<\/li>\n<li><span style=\"font-size: 14.4px\">Easy-to-build with manual instruction of MOC 4446 Airport Crash Tender by Lucioswitch81 MOC FACTORY <\/span><span style=\"font-size: 14.4px;color: #555555\">mit Stein-f\u00fcr-Stein-Anleitung und hochwertigen Bildern<\/span><\/li>\n<li><span style=\"font-size: 14.4px\">Full dimensions of MOC 4446 Airport Crash Tender by Lucioswitch81 MOC FACTORY :\u00a0<\/span><\/li>\n<\/ul>\n<blockquote>\n<p>MOC No: 4446<br \/>\nName: Airport Crash Tender<br \/>\nDesigned by: Lucioswitch81<br \/>\nDesigned Year: 2015<br \/>\nNumber of parts: 7177 parts<br \/>\nCatgory: Technic<\/p>\n<\/blockquote>\n<h4><strong>LIEFERUNG &amp; R\u00dcCKGABE<\/strong><\/h4>\n<p>We guarantee for MOC 4446 Airport Crash Tender by Lucioswitch81 MOC FACTORY<\/p>\n<ul>\n<li>Volle R\u00fcckerstattung, wenn Sie Ihre Bestellung nicht erhalten<\/li>\n<li>Kostenlos f\u00fcr fehlende Teile oder Handbuchbuch sorgen<\/li>\n<li>Der Kunde zahlt keine Steuern und Zollgeb\u00fchren mehr. (Wenn Sie bezahlen m\u00fcssen, erstatten wir Ihnen zur\u00fcck)<\/li>\n<li>Der internationale Versand ist ziemlich kompliziert, wir bem\u00fchen uns, alle Ihre Probleme zu bearbeiten. Wenn Ihre Bestellung jedoch Probleme hat, kontaktieren Sie uns bitte per E-Mail<\/li>\n<li><span data-text-color=\"alert\"><strong>Bestellung stornieren:<\/strong><\/span> Wenn Sie eine Bestellung stornieren m\u00fcssen, m\u00fcssen Sie uns so schnell wie m\u00f6glich per E-Mail an contact@pay.lpwstore.com kontaktieren. Wir k\u00f6nnen die Bestellung nicht vor 48 Stunden stoppen<\/li>\n<\/ul>\n<h4><strong>FEHLENDE TEILE<\/strong><\/h4>\n<p>All parts of MOC 4446 Airport Crash Tender by Lucioswitch81 MOC FACTORY \u00a0are quality checked before shipping, so if you find some missing or damaged parts, don&#8217;t worry. Please contact us and we will send them to you without any fees, or we will offer a small refund for you to buy in other places.<\/p>\n<h4><strong>PAKET<\/strong><\/h4>\n<p>MOC 4446 Airport Crash Tender by Lucioswitch81 MOC FACTORY new in sealed Bag with Bubble Safty Packing (No original box, original box is too big and easy to be broken during shipping, and this will save cost for you. We promise to pack the blocks well.<\/p>","protected":false},"excerpt":{"rendered":"<h3><strong>MOC 4446 Airport Crash Tender by Lucioswitch81 MOC FACTORY <\/strong><\/h3>\n<h3><span data-text-color=\"alert\"><strong>15-20 days for processing order<\/strong><\/span><\/h3>\n<h3><span data-text-color=\"alert\"><strong>Mit Motorversion<\/strong><\/span><\/h3>\n<h3><\/h3>\n<h3><\/h3>\n<ul>\n<li>Ziegelmenge: <strong>7177+ <\/strong>Stck<\/li>\n<li>Service: Kostenlose Ersatzteile<\/li>\n<li>Notiz: <span style=\"text-decoration: underline\" data-text-color=\"alert\"><strong>Keine Originalverpackung<\/strong><\/span>, Verwenden Sie einen Luftpolsterbeutel oder einen leeren Karton.<\/li>\n<\/ul>\n<div id=\"gtx-trans\">\n<div class=\"gtx-trans-icon\"><\/div>\n<\/div>","protected":false},"featured_media":19817,"comment_status":"open","ping_status":"closed","template":"","meta":{"_acf_changed":false},"product_cat":[15],"product_tag":[],"class_list":["product","first","outofstock","shipping-taxable","purchasable","product-type-simple"],"acf":[],"_links":{"self":[{"href":"https:\/\/mouldking.store\/de\/wp-json\/wp\/v2\/product\/19819","targetHints":{"allow":["GET"]}}],"collection":[{"href":"https:\/\/mouldking.store\/de\/wp-json\/wp\/v2\/product"}],"about":[{"href":"https:\/\/mouldking.store\/de\/wp-json\/wp\/v2\/types\/product"}],"replies":[{"embeddable":true,"href":"https:\/\/mouldking.store\/de\/wp-json\/wp\/v2\/comments?post=19819"}],"wp:featuredmedia":[{"embeddable":true,"href":"https:\/\/mouldking.store\/de\/wp-json\/wp\/v2\/media\/19817"}],"wp:attachment":[{"href":"https:\/\/mouldking.store\/de\/wp-json\/wp\/v2\/media?parent=19819"}],"wp:term":[{"taxonomy":"product_cat","embeddable":true,"href":"https:\/\/mouldking.store\/de\/wp-json\/wp\/v2\/product_cat?post=19819"},{"taxonomy":"product_tag","embeddable":true,"href":"https:\/\/mouldking.store\/de\/wp-json\/wp\/v2\/product_tag?post=19819"}],"curies":[{"name":"wp","href":"https:\/\/api.w.org\/{rel}","templated":true}]}}