{"id":20201,"date":"2021-10-09T04:44:33","date_gmt":"2021-10-08T21:44:33","guid":{"rendered":"https:\/\/mouldking.store\/shop\/moc-32576-assembly-square-alternative-lego-10255-by-inyongbricks-moc-factory\/"},"modified":"2025-12-25T09:26:54","modified_gmt":"2025-12-25T02:26:54","slug":"moc-32576-assembly-square-alternative-lego-10255-by-inyongbricks-moc-factory","status":"publish","type":"product","link":"https:\/\/mouldking.store\/de\/shop\/moc-32576-assembly-square-alternative-lego-10255-by-inyongbricks-moc-factory\/","title":{"rendered":"MOC 32576 Assembly Square Alternative LEGO 10255 von InyongBricks MOC FACTORY"},"content":{"rendered":"<div>Anleitung f\u00fcr einen alternativen Umbau des LEGO(R) 10255 Assembly Square in ein europ\u00e4isches Jazz-Caf\u00e9.<\/div>\n<div><\/div>\n<div>Dieses Modell besteht aus 3 Ebenen, die einen au\u00dfergew\u00f6hnlichen Punkt f\u00fcr Punkt im Inneren enthalten.<\/div>\n<div><\/div>\n<div>Im Erdgeschoss befindet sich ein ger\u00e4umiges Bistro mit belebender Veranda.<\/div>\n<div><\/div>\n<div>In der K\u00fcche des Bistros finden Sie alles, was Sie f\u00fcr eine ansprechende Umgebung ben\u00f6tigen. Die K\u00fcche umfasst eine Vintage-Espressomaschine mit Espressomaschine, Broiler zum Erhitzen von Geb\u00e4ck, eine Vitrine und es gibt auch eine charmante Maschine f\u00fcr gefrorenen Joghurt.<\/div>\n<div><\/div>\n<div>Auf der gegen\u00fcberliegenden Seite entdecken Sie ein Badezimmer, das sich unter der Treppe befindet.<\/div>\n<div><\/div>\n<div>Auf der mittleren Ebene gibt es zus\u00e4tzliche Sitzgelegenheiten und Sie finden den kleinen Versammlungsplatz. Ebenfalls auf dieser Ebene ist das B\u00fchnenbild enthalten und f\u00fcr die Jazz-Show vorbereitet, insgesamt mit verschiedenen Instrumenten.<\/div>\n<div><\/div>\n<div>Auf der oberen Ebene, abgesehen von der B\u00fchne, gibt es zus\u00e4tzliche Sitzpl\u00e4tze in einem zus\u00e4tzlichen Sitzbereich. Au\u00dferdem werden Sie Scheinwerfer entdecken, die auf die B\u00fchne gerichtet sind. Sie werden auch die kleine Spitzenverbindung erleben, die innen f\u00fcr das Innendesign gemacht wurde.<\/div>\n<div><\/div>\n<div><\/div>\n<div>Die Au\u00dfenseite der Struktur umfasst eine Mischung aus Barock, Art Deco der 1930er Jahre und anderen aktuellen Stilen. Merkmale erinnern an einen au\u00dfergew\u00f6hnlich feink\u00f6rnigen Giebel f\u00fcr das richtige Furnier,<\/div>\n<div><\/div>\n<div>makellos gebogener Gipfel auf der Spitze, au\u00dfergew\u00f6hnlich geformte T\u00fcrme an den Fenstern auf der linken Au\u00dfenseite und unvoreingenommene Farbt\u00f6ne, darunter schwaches, sandgr\u00fcnes, braunes und wei\u00dfes.<\/div>\n<div><\/div>\n<div>\n<figure id=\"attachment_31970\" aria-describedby=\"caption-attachment-31970\" style=\"width: 1000px\" class=\"wp-caption aligncenter\"><img fetchpriority=\"high\" decoding=\"async\" class=\"wp-image-31970 size-full\" src=\"https:\/\/mouldking.store\/wp-content\/uploads\/2021\/10\/MOC-32576-Assembly-Square-Alternative-LEGO-10255-by-InyongBricks-MOC-FACTORY.jpg\" alt=\"MOC 32576 Assembly Square Alternative LEGO 10255 by InyongBricks MOC FACTORY\" width=\"1000\" height=\"1000\" title=\"-\" srcset=\"https:\/\/mouldking.store\/wp-content\/uploads\/2021\/10\/MOC-32576-Assembly-Square-Alternative-LEGO-10255-by-InyongBricks-MOC-FACTORY.jpg 1000w, https:\/\/mouldking.store\/wp-content\/uploads\/2021\/10\/MOC-32576-Assembly-Square-Alternative-LEGO-10255-by-InyongBricks-MOC-FACTORY-300x300.jpg 300w, https:\/\/mouldking.store\/wp-content\/uploads\/2021\/10\/MOC-32576-Assembly-Square-Alternative-LEGO-10255-by-InyongBricks-MOC-FACTORY-768x768.jpg 768w, https:\/\/mouldking.store\/wp-content\/uploads\/2021\/10\/MOC-32576-Assembly-Square-Alternative-LEGO-10255-by-InyongBricks-MOC-FACTORY-600x600.jpg 600w, https:\/\/mouldking.store\/wp-content\/uploads\/2021\/10\/MOC-32576-Assembly-Square-Alternative-LEGO-10255-by-InyongBricks-MOC-FACTORY-150x150.jpg 150w\" sizes=\"(max-width: 1000px) 100vw, 1000px\" \/><figcaption id=\"caption-attachment-31970\" class=\"wp-caption-text\">MOC 32576 Assembly Square Alternative LEGO 10255 von InyongBricks MOC FACTORY<\/figcaption><\/figure>\n<figure id=\"attachment_31971\" aria-describedby=\"caption-attachment-31971\" style=\"width: 1000px\" class=\"wp-caption aligncenter\"><img decoding=\"async\" class=\"wp-image-31971 size-full\" src=\"https:\/\/mouldking.store\/wp-content\/uploads\/2021\/10\/89100-jiestar-creative-expert-street-vie_main-5.jpg\" alt=\"MOC 32576 Assembly Square Alternative LEGO 10255 by InyongBricks MOC FACTORY\" width=\"1000\" height=\"1000\" title=\"-\" srcset=\"https:\/\/mouldking.store\/wp-content\/uploads\/2021\/10\/89100-jiestar-creative-expert-street-vie_main-5.jpg 1000w, https:\/\/mouldking.store\/wp-content\/uploads\/2021\/10\/89100-jiestar-creative-expert-street-vie_main-5-300x300.jpg 300w, https:\/\/mouldking.store\/wp-content\/uploads\/2021\/10\/89100-jiestar-creative-expert-street-vie_main-5-768x768.jpg 768w, https:\/\/mouldking.store\/wp-content\/uploads\/2021\/10\/89100-jiestar-creative-expert-street-vie_main-5-600x600.jpg 600w, https:\/\/mouldking.store\/wp-content\/uploads\/2021\/10\/89100-jiestar-creative-expert-street-vie_main-5-150x150.jpg 150w\" sizes=\"(max-width: 1000px) 100vw, 1000px\" \/><figcaption id=\"caption-attachment-31971\" class=\"wp-caption-text\">MOC 32576 Assembly Square Alternative LEGO 10255 von InyongBricks MOC FACTORY<\/figcaption><\/figure>\n<figure id=\"attachment_31974\" aria-describedby=\"caption-attachment-31974\" style=\"width: 1000px\" class=\"wp-caption aligncenter\"><img decoding=\"async\" class=\"wp-image-31974 size-full\" src=\"https:\/\/mouldking.store\/wp-content\/uploads\/2021\/10\/89100-jiestar-creative-expert-street-vie_main-2.jpg\" alt=\"MOC 32576 Assembly Square Alternative LEGO 10255 by InyongBricks MOC FACTORY\" width=\"1000\" height=\"1000\" title=\"-\" srcset=\"https:\/\/mouldking.store\/wp-content\/uploads\/2021\/10\/89100-jiestar-creative-expert-street-vie_main-2.jpg 1000w, https:\/\/mouldking.store\/wp-content\/uploads\/2021\/10\/89100-jiestar-creative-expert-street-vie_main-2-300x300.jpg 300w, https:\/\/mouldking.store\/wp-content\/uploads\/2021\/10\/89100-jiestar-creative-expert-street-vie_main-2-768x768.jpg 768w, https:\/\/mouldking.store\/wp-content\/uploads\/2021\/10\/89100-jiestar-creative-expert-street-vie_main-2-600x600.jpg 600w, https:\/\/mouldking.store\/wp-content\/uploads\/2021\/10\/89100-jiestar-creative-expert-street-vie_main-2-150x150.jpg 150w\" sizes=\"(max-width: 1000px) 100vw, 1000px\" \/><figcaption id=\"caption-attachment-31974\" class=\"wp-caption-text\">MOC 32576 Assembly Square Alternative LEGO 10255 von InyongBricks MOC FACTORY<\/figcaption><\/figure>\n<figure id=\"attachment_31973\" aria-describedby=\"caption-attachment-31973\" style=\"width: 1000px\" class=\"wp-caption aligncenter\"><img loading=\"lazy\" decoding=\"async\" class=\"wp-image-31973 size-full\" src=\"https:\/\/mouldking.store\/wp-content\/uploads\/2021\/10\/89100-jiestar-creative-expert-street-vie_main-3.jpg\" alt=\"MOC 32576 Assembly Square Alternative LEGO 10255 by InyongBricks MOC FACTORY\" width=\"1000\" height=\"1000\" title=\"-\" srcset=\"https:\/\/mouldking.store\/wp-content\/uploads\/2021\/10\/89100-jiestar-creative-expert-street-vie_main-3.jpg 1000w, https:\/\/mouldking.store\/wp-content\/uploads\/2021\/10\/89100-jiestar-creative-expert-street-vie_main-3-300x300.jpg 300w, https:\/\/mouldking.store\/wp-content\/uploads\/2021\/10\/89100-jiestar-creative-expert-street-vie_main-3-768x768.jpg 768w, https:\/\/mouldking.store\/wp-content\/uploads\/2021\/10\/89100-jiestar-creative-expert-street-vie_main-3-600x600.jpg 600w, https:\/\/mouldking.store\/wp-content\/uploads\/2021\/10\/89100-jiestar-creative-expert-street-vie_main-3-150x150.jpg 150w\" sizes=\"(max-width: 1000px) 100vw, 1000px\" \/><figcaption id=\"caption-attachment-31973\" class=\"wp-caption-text\">MOC 32576 Assembly Square Alternative LEGO 10255 von InyongBricks MOC FACTORY<\/figcaption><\/figure>\n<figure id=\"attachment_31972\" aria-describedby=\"caption-attachment-31972\" style=\"width: 1000px\" class=\"wp-caption aligncenter\"><img loading=\"lazy\" decoding=\"async\" class=\"wp-image-31972 size-full\" src=\"https:\/\/mouldking.store\/wp-content\/uploads\/2021\/10\/89100-jiestar-creative-expert-street-vie_main-4.jpg\" alt=\"MOC 32576 Assembly Square Alternative LEGO 10255 by InyongBricks MOC FACTORY\" width=\"1000\" height=\"1000\" title=\"-\" srcset=\"https:\/\/mouldking.store\/wp-content\/uploads\/2021\/10\/89100-jiestar-creative-expert-street-vie_main-4.jpg 1000w, https:\/\/mouldking.store\/wp-content\/uploads\/2021\/10\/89100-jiestar-creative-expert-street-vie_main-4-300x300.jpg 300w, https:\/\/mouldking.store\/wp-content\/uploads\/2021\/10\/89100-jiestar-creative-expert-street-vie_main-4-768x768.jpg 768w, https:\/\/mouldking.store\/wp-content\/uploads\/2021\/10\/89100-jiestar-creative-expert-street-vie_main-4-600x600.jpg 600w, https:\/\/mouldking.store\/wp-content\/uploads\/2021\/10\/89100-jiestar-creative-expert-street-vie_main-4-150x150.jpg 150w\" sizes=\"(max-width: 1000px) 100vw, 1000px\" \/><figcaption id=\"caption-attachment-31972\" class=\"wp-caption-text\">MOC 32576 Assembly Square Alternative LEGO 10255 von InyongBricks MOC FACTORY<\/figcaption><\/figure>\n<\/div>\n<div><\/div>","protected":false},"excerpt":{"rendered":"<ul>\n<li>Enthalten <strong>3262+<\/strong> Stck<\/li>\n<li>Online-PDF-Anleitung<\/li>\n<li>Hochwertiger ABS-Block<\/li>\n<\/ul>","protected":false},"featured_media":31971,"comment_status":"open","ping_status":"closed","template":"","meta":{"_acf_changed":false},"product_cat":[1395],"product_tag":[5673,5671,5670,5672],"class_list":["product","first","instock","shipping-taxable","purchasable","product-type-simple"],"acf":[],"_links":{"self":[{"href":"https:\/\/mouldking.store\/de\/wp-json\/wp\/v2\/product\/20201","targetHints":{"allow":["GET"]}}],"collection":[{"href":"https:\/\/mouldking.store\/de\/wp-json\/wp\/v2\/product"}],"about":[{"href":"https:\/\/mouldking.store\/de\/wp-json\/wp\/v2\/types\/product"}],"replies":[{"embeddable":true,"href":"https:\/\/mouldking.store\/de\/wp-json\/wp\/v2\/comments?post=20201"}],"wp:featuredmedia":[{"embeddable":true,"href":"https:\/\/mouldking.store\/de\/wp-json\/wp\/v2\/media\/31971"}],"wp:attachment":[{"href":"https:\/\/mouldking.store\/de\/wp-json\/wp\/v2\/media?parent=20201"}],"wp:term":[{"taxonomy":"product_cat","embeddable":true,"href":"https:\/\/mouldking.store\/de\/wp-json\/wp\/v2\/product_cat?post=20201"},{"taxonomy":"product_tag","embeddable":true,"href":"https:\/\/mouldking.store\/de\/wp-json\/wp\/v2\/product_tag?post=20201"}],"curies":[{"name":"wp","href":"https:\/\/api.w.org\/{rel}","templated":true}]}}