{"id":20211,"date":"2021-10-09T04:44:38","date_gmt":"2021-10-08T21:44:38","guid":{"rendered":"https:\/\/mouldking.store\/shop\/moc-21508-10248-f1-racer-super-car-by-nkubate-moc-factory\/"},"modified":"2025-12-25T09:26:48","modified_gmt":"2025-12-25T02:26:48","slug":"moc-21508-10248-f1-racer-super-car-by-nkubate-moc-factory","status":"publish","type":"product","link":"https:\/\/mouldking.store\/de\/shop\/moc-21508-10248-f1-racer-super-car-by-nkubate-moc-factory\/","title":{"rendered":"MOC 21508 10248 F1 Racer Super Car von Nkubate MOC FACTORY"},"content":{"rendered":"<p>Dieser Renner ist ein Ersatzmodell des Sets 10248 Ferrari F40 Creator Expert. Der Test bestand darin, es zu einer starken Form zu machen, was schlie\u00dflich erreicht wurde (mit Ausnahme der zerbrechlicheren Spoilerfl\u00fcgel, die jedoch den echten F1-Fahrzeugen sehr \u00e4hnlich sind).<\/p>\n<p><img fetchpriority=\"high\" decoding=\"async\" class=\"alignnone size-full wp-image-192246\" src=\"https:\/\/pay.lpwstore.com\/wp-content\/uploads\/2020\/06\/New-Project-13.png\" alt=\"MOC-21508\" width=\"800\" height=\"800\" title=\"-\"> <img decoding=\"async\" class=\"alignnone size-full wp-image-192245\" src=\"https:\/\/pay.lpwstore.com\/wp-content\/uploads\/2020\/06\/New-Project-14.png\" alt=\"-\" width=\"800\" height=\"800\" title=\"-\"> <img decoding=\"async\" class=\"alignnone size-full wp-image-192244\" src=\"https:\/\/pay.lpwstore.com\/wp-content\/uploads\/2020\/06\/New-Project-15.png\" alt=\"MOC-21508\" width=\"800\" height=\"800\" title=\"-\"><\/p>","protected":false},"excerpt":{"rendered":"<ul>\n<li>Enthalten <strong>518<\/strong><strong>+<\/strong> Stck<\/li>\n<li>Online-PDF-Anleitung<\/li>\n<li>Hochwertiger ABS-Block<\/li>\n<\/ul>","protected":false},"featured_media":20208,"comment_status":"open","ping_status":"closed","template":"","meta":{"_acf_changed":false},"product_cat":[364],"product_tag":[],"class_list":["product","first","instock","shipping-taxable","purchasable","product-type-simple"],"acf":[],"_links":{"self":[{"href":"https:\/\/mouldking.store\/de\/wp-json\/wp\/v2\/product\/20211","targetHints":{"allow":["GET"]}}],"collection":[{"href":"https:\/\/mouldking.store\/de\/wp-json\/wp\/v2\/product"}],"about":[{"href":"https:\/\/mouldking.store\/de\/wp-json\/wp\/v2\/types\/product"}],"replies":[{"embeddable":true,"href":"https:\/\/mouldking.store\/de\/wp-json\/wp\/v2\/comments?post=20211"}],"wp:featuredmedia":[{"embeddable":true,"href":"https:\/\/mouldking.store\/de\/wp-json\/wp\/v2\/media\/20208"}],"wp:attachment":[{"href":"https:\/\/mouldking.store\/de\/wp-json\/wp\/v2\/media?parent=20211"}],"wp:term":[{"taxonomy":"product_cat","embeddable":true,"href":"https:\/\/mouldking.store\/de\/wp-json\/wp\/v2\/product_cat?post=20211"},{"taxonomy":"product_tag","embeddable":true,"href":"https:\/\/mouldking.store\/de\/wp-json\/wp\/v2\/product_tag?post=20211"}],"curies":[{"name":"wp","href":"https:\/\/api.w.org\/{rel}","templated":true}]}}