{"id":20239,"date":"2021-10-09T04:44:53","date_gmt":"2021-10-08T21:44:53","guid":{"rendered":"https:\/\/mouldking.store\/shop\/moc-13219-star-war-first-order-special-forces-fighter-minifig-scale-by-brickvault-moc-factory\/"},"modified":"2025-12-25T09:26:48","modified_gmt":"2025-12-25T02:26:48","slug":"moc-13219-star-war-first-order-special-forces-fighter-minifig-scale-by-brickvault-moc-factory","status":"publish","type":"product","link":"https:\/\/mouldking.store\/de\/shop\/moc-13219-star-war-first-order-special-forces-fighter-minifig-scale-by-brickvault-moc-factory\/","title":{"rendered":"MOC 13219 Star War First Order Special Forces Fighter \u2013 Minifig Scale von brickvault MOC FACTORY"},"content":{"rendered":"<p>Zu Recht aus dem Film demonstriert, werden Sie in Lego keine zunehmend exakte Form dieses TIE-Kriegers finden. Unser First Order Special Forces TIE (Twin Particle Motor) Fighter enth\u00e4lt einen idealen Minifiguren-Ma\u00dfstabsplan und einen angenehm angepassten K\u00f6rper. Jerac hat seinen einzigartigen TIE-Plan genommen und ihn mit gr\u00f6\u00dferer N\u00fctzlichkeit erweitert, indem er Sitzpl\u00e4tze f\u00fcr einen Spezialisten und Piloten f\u00fcr schwere Waffen bietet. Es enth\u00e4lt zus\u00e4tzlich einen schwenkbaren unteren Turm und den ber\u00fcchtigten roten Streifen.<\/p>\n<p><img fetchpriority=\"high\" decoding=\"async\" class=\"alignnone size-full wp-image-192293\" src=\"https:\/\/pay.lpwstore.com\/wp-content\/uploads\/2020\/06\/New-Project-24.png\" alt=\"MOC 13219\" width=\"800\" height=\"800\" title=\"-\"> <img decoding=\"async\" class=\"alignnone size-full wp-image-192292\" src=\"https:\/\/pay.lpwstore.com\/wp-content\/uploads\/2020\/06\/New-Project-1-2.png\" alt=\"-\" width=\"800\" height=\"800\" title=\"-\"> <img decoding=\"async\" class=\"alignnone size-full wp-image-192291\" src=\"https:\/\/pay.lpwstore.com\/wp-content\/uploads\/2020\/06\/New-Project-2-1.png\" alt=\"MOC 13219\" width=\"800\" height=\"800\" title=\"-\"><\/p>","protected":false},"excerpt":{"rendered":"<ul>\n<li>Enthalten <strong>903+<\/strong> Stck<\/li>\n<li>Online-PDF-Anleitung<\/li>\n<li>Hochwertiger ABS-Block<\/li>\n<\/ul>","protected":false},"featured_media":20236,"comment_status":"open","ping_status":"closed","template":"","meta":{"_acf_changed":false},"product_cat":[15],"product_tag":[],"class_list":["product","first","instock","shipping-taxable","purchasable","product-type-simple"],"acf":[],"_links":{"self":[{"href":"https:\/\/mouldking.store\/de\/wp-json\/wp\/v2\/product\/20239","targetHints":{"allow":["GET"]}}],"collection":[{"href":"https:\/\/mouldking.store\/de\/wp-json\/wp\/v2\/product"}],"about":[{"href":"https:\/\/mouldking.store\/de\/wp-json\/wp\/v2\/types\/product"}],"replies":[{"embeddable":true,"href":"https:\/\/mouldking.store\/de\/wp-json\/wp\/v2\/comments?post=20239"}],"wp:featuredmedia":[{"embeddable":true,"href":"https:\/\/mouldking.store\/de\/wp-json\/wp\/v2\/media\/20236"}],"wp:attachment":[{"href":"https:\/\/mouldking.store\/de\/wp-json\/wp\/v2\/media?parent=20239"}],"wp:term":[{"taxonomy":"product_cat","embeddable":true,"href":"https:\/\/mouldking.store\/de\/wp-json\/wp\/v2\/product_cat?post=20239"},{"taxonomy":"product_tag","embeddable":true,"href":"https:\/\/mouldking.store\/de\/wp-json\/wp\/v2\/product_tag?post=20239"}],"curies":[{"name":"wp","href":"https:\/\/api.w.org\/{rel}","templated":true}]}}