{"id":20248,"date":"2021-10-09T04:44:59","date_gmt":"2021-10-08T21:44:59","guid":{"rendered":"https:\/\/mouldking.store\/shop\/moc-5920-roadster-tc9-super-car-by-muffinbrick-moc-factory\/"},"modified":"2025-12-25T09:26:48","modified_gmt":"2025-12-25T02:26:48","slug":"moc-5920-roadster-tc9-super-car-by-muffinbrick-moc-factory","status":"publish","type":"product","link":"https:\/\/mouldking.store\/de\/shop\/moc-5920-roadster-tc9-super-car-by-muffinbrick-moc-factory\/","title":{"rendered":"MOC 5920 Roadster (TC9) Superauto von Muffinbrick MOC FACTORY"},"content":{"rendered":"<p>Modell des Roadsters f\u00fcr den Eurobricks Technic Contest (TC9).<\/p>\n<p>Highlights des Modells:<br \/>\n\u2013 n\u00fctzliche Lenkung mittels HOG+Lenkrad<br \/>\n\u2013 n\u00fctzliches hinteres Differential, das mit dem 180 \u00b0 V4-Motor verbunden ist<br \/>\n\u2013 faltbares Dach<br \/>\n\u2013 zu \u00f6ffnende Eing\u00e4nge und H\u00fcte<br \/>\n\u2013 Rad unter der Fronthaube aufbewahren<\/p>\n<p>Das Modell in den Richtlinien hat einige kleine Unterschiede zu meiner letzten Form, aber Aussehen und F\u00e4higkeiten sind nicht zu unterscheiden. Au\u00dferdem habe ich in der Teileliste einige Abschnitte in ungew\u00f6hnlichen Farbt\u00f6nen in zunehmend normale Farbt\u00f6ne ge\u00e4ndert.<\/p>\n<p><img fetchpriority=\"high\" decoding=\"async\" class=\"alignnone size-full wp-image-192305\" src=\"https:\/\/pay.lpwstore.com\/wp-content\/uploads\/2020\/06\/New-Project-7-1.png\" alt=\"MOC 5920\" width=\"800\" height=\"800\" title=\"-\"> <img decoding=\"async\" class=\"alignnone size-full wp-image-192304\" src=\"https:\/\/pay.lpwstore.com\/wp-content\/uploads\/2020\/06\/New-Project-8-1.png\" alt=\"-\" width=\"800\" height=\"800\" title=\"-\"> <img decoding=\"async\" class=\"alignnone size-full wp-image-192303\" src=\"https:\/\/pay.lpwstore.com\/wp-content\/uploads\/2020\/06\/New-Project-9-1.png\" alt=\"-\" width=\"800\" height=\"800\" title=\"-\"> <img loading=\"lazy\" decoding=\"async\" class=\"alignnone size-full wp-image-192302\" src=\"https:\/\/pay.lpwstore.com\/wp-content\/uploads\/2020\/06\/New-Project-10-1.png\" alt=\"MOC 5920\" width=\"800\" height=\"800\" title=\"-\"><\/p>","protected":false},"excerpt":{"rendered":"<ul>\n<li>Enthalten <strong>955+<\/strong> Stck<\/li>\n<li>Online-PDF-Anleitung<\/li>\n<li>Hochwertiger ABS-Block<\/li>\n<\/ul>","protected":false},"featured_media":20244,"comment_status":"open","ping_status":"closed","template":"","meta":{"_acf_changed":false},"product_cat":[364],"product_tag":[],"class_list":["product","first","instock","shipping-taxable","purchasable","product-type-simple"],"acf":[],"_links":{"self":[{"href":"https:\/\/mouldking.store\/de\/wp-json\/wp\/v2\/product\/20248","targetHints":{"allow":["GET"]}}],"collection":[{"href":"https:\/\/mouldking.store\/de\/wp-json\/wp\/v2\/product"}],"about":[{"href":"https:\/\/mouldking.store\/de\/wp-json\/wp\/v2\/types\/product"}],"replies":[{"embeddable":true,"href":"https:\/\/mouldking.store\/de\/wp-json\/wp\/v2\/comments?post=20248"}],"wp:featuredmedia":[{"embeddable":true,"href":"https:\/\/mouldking.store\/de\/wp-json\/wp\/v2\/media\/20244"}],"wp:attachment":[{"href":"https:\/\/mouldking.store\/de\/wp-json\/wp\/v2\/media?parent=20248"}],"wp:term":[{"taxonomy":"product_cat","embeddable":true,"href":"https:\/\/mouldking.store\/de\/wp-json\/wp\/v2\/product_cat?post=20248"},{"taxonomy":"product_tag","embeddable":true,"href":"https:\/\/mouldking.store\/de\/wp-json\/wp\/v2\/product_tag?post=20248"}],"curies":[{"name":"wp","href":"https:\/\/api.w.org\/{rel}","templated":true}]}}