{"id":20277,"date":"2021-10-09T04:45:16","date_gmt":"2021-10-09T04:45:16","guid":{"rendered":"https:\/\/mouldking.store\/shop\/moc-22560-thors-hammer-mjolnir-desktop-build-super-heroes-marvel-by-lioncity-mocs-moc-factory\/"},"modified":"2025-12-25T09:26:47","modified_gmt":"2025-12-25T02:26:47","slug":"moc-22560-thors-hammer-mjolnir-desktop-build-super-heroes-marvel-by-lioncity-mocs-moc-factory","status":"publish","type":"product","link":"https:\/\/mouldking.store\/de\/shop\/moc-22560-thors-hammer-mjolnir-desktop-build-super-heroes-marvel-by-lioncity-mocs-moc-factory\/","title":{"rendered":"MOC-22560 Thors Hammer \u2013 Mjolnir (Desktop-Build) Super Heroes Marvel von Lioncity Mocs MOC FACTORY"},"content":{"rendered":"<p>St\u00fcckz\u00e4hler: 181 St\u00fcck<\/p>\n<p>Sch\u00e4tzungen: 9,5 cm (Breite) x 9,5 cm (L\u00e4nge) x 16 cm (H\u00f6he)<\/p>\n<p>Gewicht: 180 Gramm<\/p>\n<p>Einer der Helden der Avengers ist der fesselnde Thor, der nordische Gott des Gebr\u00fclls aus Asgard. Er hat den verzauberten Hammer namens Mjolnir, der es ihm erm\u00f6glicht, zu fliegen und seine Gegner mit Blitzen zu treffen.<\/p>\n<p><img fetchpriority=\"high\" decoding=\"async\" class=\"alignnone size-full wp-image-192466\" src=\"https:\/\/pay.lpwstore.com\/wp-content\/uploads\/2020\/06\/New-Project-28.png\" alt=\"MOC22560\" width=\"800\" height=\"800\" title=\"-\"> <img decoding=\"async\" class=\"alignnone size-full wp-image-192465\" src=\"https:\/\/pay.lpwstore.com\/wp-content\/uploads\/2020\/06\/New-Project-29.png\" alt=\"-\" width=\"800\" height=\"800\" title=\"-\"> <img decoding=\"async\" class=\"alignnone size-full wp-image-192464\" src=\"https:\/\/pay.lpwstore.com\/wp-content\/uploads\/2020\/06\/New-Project-30.png\" alt=\"MOC22560\" width=\"800\" height=\"800\" title=\"-\"><\/p>","protected":false},"excerpt":{"rendered":"<ul>\n<li>Enthalten <strong>181+<\/strong> Stck<\/li>\n<li>Online-PDF-Anleitung<\/li>\n<li>Hochwertiger ABS-Block<\/li>\n<\/ul>","protected":false},"featured_media":20274,"comment_status":"open","ping_status":"closed","template":"","meta":{"_acf_changed":false},"product_cat":[15],"product_tag":[],"class_list":["product","first","instock","shipping-taxable","purchasable","product-type-simple"],"acf":[],"_links":{"self":[{"href":"https:\/\/mouldking.store\/de\/wp-json\/wp\/v2\/product\/20277","targetHints":{"allow":["GET"]}}],"collection":[{"href":"https:\/\/mouldking.store\/de\/wp-json\/wp\/v2\/product"}],"about":[{"href":"https:\/\/mouldking.store\/de\/wp-json\/wp\/v2\/types\/product"}],"replies":[{"embeddable":true,"href":"https:\/\/mouldking.store\/de\/wp-json\/wp\/v2\/comments?post=20277"}],"wp:featuredmedia":[{"embeddable":true,"href":"https:\/\/mouldking.store\/de\/wp-json\/wp\/v2\/media\/20274"}],"wp:attachment":[{"href":"https:\/\/mouldking.store\/de\/wp-json\/wp\/v2\/media?parent=20277"}],"wp:term":[{"taxonomy":"product_cat","embeddable":true,"href":"https:\/\/mouldking.store\/de\/wp-json\/wp\/v2\/product_cat?post=20277"},{"taxonomy":"product_tag","embeddable":true,"href":"https:\/\/mouldking.store\/de\/wp-json\/wp\/v2\/product_tag?post=20277"}],"curies":[{"name":"wp","href":"https:\/\/api.w.org\/{rel}","templated":true}]}}