{"id":20335,"date":"2021-10-09T04:46:08","date_gmt":"2021-10-09T04:46:08","guid":{"rendered":"https:\/\/mouldking.store\/shop\/moc-19683-elf-workshop-creator-by-jkbrickworks-moc-factory\/"},"modified":"2025-12-25T09:25:27","modified_gmt":"2025-12-25T02:25:27","slug":"moc-19683-elf-workshop-creator-by-jkbrickworks-moc-factory","status":"publish","type":"product","link":"https:\/\/mouldking.store\/de\/shop\/moc-19683-elf-workshop-creator-by-jkbrickworks-moc-factory\/","title":{"rendered":"MOC-19683 Elf Workshop Creator von JKBrickworks MOC FACTORY"},"content":{"rendered":"<p>Ein kleines Modell einiger mythischer Menschen in ihrer Werkstatt, die eine Spielzeugeisenbahn herstellen.<\/p>\n<p>Es gibt einen kleinen Schalter am Modell, mit dem die mythischen Menschen hin und her gedreht werden k\u00f6nnen, damit es so aussieht, als w\u00fcrden sie den Zug durch das mechanische Produktionssystem \u00fcbergeben.<\/p>\n<p><img fetchpriority=\"high\" decoding=\"async\" class=\"alignnone size-full wp-image-192801\" src=\"https:\/\/pay.lpwstore.com\/wp-content\/uploads\/2020\/07\/New-Project-82.png\" alt=\"MOC-19683\" width=\"800\" height=\"800\" title=\"-\"> <img decoding=\"async\" class=\"alignnone size-full wp-image-192803\" src=\"https:\/\/pay.lpwstore.com\/wp-content\/uploads\/2020\/07\/New-Project-81-1.png\" alt=\"MOC-19683\" width=\"800\" height=\"800\" title=\"-\"><\/p>","protected":false},"excerpt":{"rendered":"<ul>\n<li>Enthalten <strong>361<\/strong><strong>+<\/strong> Stck<\/li>\n<li>Online-PDF-Anleitung<\/li>\n<li>Hochwertiger ABS-Block<\/li>\n<\/ul>","protected":false},"featured_media":20333,"comment_status":"open","ping_status":"closed","template":"","meta":{"_acf_changed":false},"product_cat":[371],"product_tag":[],"class_list":["product","first","instock","shipping-taxable","purchasable","product-type-simple"],"acf":[],"_links":{"self":[{"href":"https:\/\/mouldking.store\/de\/wp-json\/wp\/v2\/product\/20335","targetHints":{"allow":["GET"]}}],"collection":[{"href":"https:\/\/mouldking.store\/de\/wp-json\/wp\/v2\/product"}],"about":[{"href":"https:\/\/mouldking.store\/de\/wp-json\/wp\/v2\/types\/product"}],"replies":[{"embeddable":true,"href":"https:\/\/mouldking.store\/de\/wp-json\/wp\/v2\/comments?post=20335"}],"wp:featuredmedia":[{"embeddable":true,"href":"https:\/\/mouldking.store\/de\/wp-json\/wp\/v2\/media\/20333"}],"wp:attachment":[{"href":"https:\/\/mouldking.store\/de\/wp-json\/wp\/v2\/media?parent=20335"}],"wp:term":[{"taxonomy":"product_cat","embeddable":true,"href":"https:\/\/mouldking.store\/de\/wp-json\/wp\/v2\/product_cat?post=20335"},{"taxonomy":"product_tag","embeddable":true,"href":"https:\/\/mouldking.store\/de\/wp-json\/wp\/v2\/product_tag?post=20335"}],"curies":[{"name":"wp","href":"https:\/\/api.w.org\/{rel}","templated":true}]}}