{"id":20341,"date":"2021-10-09T04:46:11","date_gmt":"2021-10-08T21:46:11","guid":{"rendered":"https:\/\/mouldking.store\/shop\/moc-31640-balance-clock-with-remontoire-technic-by-nico71-moc-factory\/"},"modified":"2025-12-25T09:25:27","modified_gmt":"2025-12-25T02:25:27","slug":"moc-31640-balance-clock-with-remontoire-technic-by-nico71-moc-factory","status":"publish","type":"product","link":"https:\/\/mouldking.store\/de\/shop\/moc-31640-balance-clock-with-remontoire-technic-by-nico71-moc-factory\/","title":{"rendered":"MOC-31640 Unruhuhr mit Remontoire-Technik von Nico71 MOC FACTORY"},"content":{"rendered":"<p>Diese Uhr wird von einem Batteriekasten als Gewicht, einem Korfhage-Differential mit einem Planetengetriebe am Antrieb der Uhr und einem weiteren Planetengetriebe am M-Motor angetrieben. Ein mit einem Schalter verbundener Schalter bet\u00e4tigte das Uhrwerk durch Kontaktierung der Endanschl\u00e4ge. Die Hemmung ist eine Ankerhemmung, die sich leicht einstellen l\u00e4sst. Die Uhr l\u00e4uft, solange die Batterie h\u00e4lt, und hat eine Ganggenauigkeit von ca. 1\u20135 Minuten\/Tag.<\/p>\n<p><img fetchpriority=\"high\" decoding=\"async\" class=\"alignnone size-full wp-image-192810\" src=\"https:\/\/pay.lpwstore.com\/wp-content\/uploads\/2020\/07\/New-Project-85.png\" alt=\"MOC-31640\" width=\"800\" height=\"800\" title=\"-\"> <img decoding=\"async\" class=\"alignnone size-full wp-image-192809\" src=\"https:\/\/pay.lpwstore.com\/wp-content\/uploads\/2020\/07\/New-Project-86.png\" alt=\"MOC-31640\" width=\"800\" height=\"800\" title=\"-\"><\/p>","protected":false},"excerpt":{"rendered":"<ul>\n<li>Enthalten <strong>688<\/strong><strong>+<\/strong> Stck<\/li>\n<li>Online-PDF-Anleitung<\/li>\n<li>Hochwertiger ABS-Block<\/li>\n<\/ul>","protected":false},"featured_media":20339,"comment_status":"open","ping_status":"closed","template":"","meta":{"_acf_changed":false},"product_cat":[364],"product_tag":[],"class_list":["product","first","instock","shipping-taxable","purchasable","product-type-simple"],"acf":[],"_links":{"self":[{"href":"https:\/\/mouldking.store\/de\/wp-json\/wp\/v2\/product\/20341","targetHints":{"allow":["GET"]}}],"collection":[{"href":"https:\/\/mouldking.store\/de\/wp-json\/wp\/v2\/product"}],"about":[{"href":"https:\/\/mouldking.store\/de\/wp-json\/wp\/v2\/types\/product"}],"replies":[{"embeddable":true,"href":"https:\/\/mouldking.store\/de\/wp-json\/wp\/v2\/comments?post=20341"}],"wp:featuredmedia":[{"embeddable":true,"href":"https:\/\/mouldking.store\/de\/wp-json\/wp\/v2\/media\/20339"}],"wp:attachment":[{"href":"https:\/\/mouldking.store\/de\/wp-json\/wp\/v2\/media?parent=20341"}],"wp:term":[{"taxonomy":"product_cat","embeddable":true,"href":"https:\/\/mouldking.store\/de\/wp-json\/wp\/v2\/product_cat?post=20341"},{"taxonomy":"product_tag","embeddable":true,"href":"https:\/\/mouldking.store\/de\/wp-json\/wp\/v2\/product_tag?post=20341"}],"curies":[{"name":"wp","href":"https:\/\/api.w.org\/{rel}","templated":true}]}}