{"id":20424,"date":"2021-10-09T04:48:26","date_gmt":"2021-10-08T21:48:26","guid":{"rendered":"https:\/\/mouldking.store\/shop\/moc-4162-8053-forwarder-technic-by-tomik-moc-factory\/"},"modified":"2025-12-25T09:25:21","modified_gmt":"2025-12-25T02:25:21","slug":"moc-4162-8053-forwarder-technic-by-tomik-moc-factory","status":"publish","type":"product","link":"https:\/\/mouldking.store\/de\/shop\/moc-4162-8053-forwarder-technic-by-tomik-moc-factory\/","title":{"rendered":"MOC-4162 8053: Speditionstechnik von Tomik MOC FACTORY"},"content":{"rendered":"<p>Dieser Spediteur f\u00fcr den Versand von Protokollen wird von Noe NF410 geweckt und es ist mein erstes Modell, das aus \u00fcber 1000 Abschnitten besteht. Der Spediteur betont das Lenken, das durch das Zahnrad oben auf dem Taxi eingeschr\u00e4nkt ist, das Heben der Vorderkante, das durch den Nabenverbinder auf der Motorhaube eingeschr\u00e4nkt ist, das Heben, das durch zwei Ger\u00e4te auf der Seite unter dem Kran eingeschr\u00e4nkt ist, das Wenden, das durch das Nabenschloss auf der Seite unter dem Kran eingeschr\u00e4nkt ist, den \u00d6ffnungshaken, der durch das Nabenanschluss eingeschr\u00e4nkt ist auf der Seite des Fang- und Drehsitzes im Taxi. Das Modell wird um ein Protokoll erweitert.<\/p>\n<p><img fetchpriority=\"high\" decoding=\"async\" class=\"alignnone size-full wp-image-193626\" src=\"https:\/\/pay.lpwstore.com\/wp-content\/uploads\/2020\/07\/New-Project-8.png\" alt=\"MOC-4162\" width=\"800\" height=\"800\" title=\"-\"><\/p>","protected":false},"excerpt":{"rendered":"<ul>\n<li>Enthalten\u00a0<strong>1037+<\/strong>\u00a0Stck<\/li>\n<li>PDF-Anleitungsbuch<\/li>\n<li>Hochwertiger ABS-Block<\/li>\n<\/ul>","protected":false},"featured_media":20423,"comment_status":"open","ping_status":"closed","template":"","meta":{"_acf_changed":false},"product_cat":[364],"product_tag":[],"class_list":["product","first","instock","shipping-taxable","purchasable","product-type-simple"],"acf":[],"_links":{"self":[{"href":"https:\/\/mouldking.store\/de\/wp-json\/wp\/v2\/product\/20424","targetHints":{"allow":["GET"]}}],"collection":[{"href":"https:\/\/mouldking.store\/de\/wp-json\/wp\/v2\/product"}],"about":[{"href":"https:\/\/mouldking.store\/de\/wp-json\/wp\/v2\/types\/product"}],"replies":[{"embeddable":true,"href":"https:\/\/mouldking.store\/de\/wp-json\/wp\/v2\/comments?post=20424"}],"wp:featuredmedia":[{"embeddable":true,"href":"https:\/\/mouldking.store\/de\/wp-json\/wp\/v2\/media\/20423"}],"wp:attachment":[{"href":"https:\/\/mouldking.store\/de\/wp-json\/wp\/v2\/media?parent=20424"}],"wp:term":[{"taxonomy":"product_cat","embeddable":true,"href":"https:\/\/mouldking.store\/de\/wp-json\/wp\/v2\/product_cat?post=20424"},{"taxonomy":"product_tag","embeddable":true,"href":"https:\/\/mouldking.store\/de\/wp-json\/wp\/v2\/product_tag?post=20424"}],"curies":[{"name":"wp","href":"https:\/\/api.w.org\/{rel}","templated":true}]}}