{"id":20440,"date":"2021-10-09T04:49:11","date_gmt":"2021-10-08T21:49:11","guid":{"rendered":"https:\/\/mouldking.store\/shop\/moc-37840-ucs-razor-crest-by-papaglop-moc-factory\/"},"modified":"2025-12-25T09:25:21","modified_gmt":"2025-12-25T02:25:21","slug":"moc-37840-ucs-razor-crest-by-papaglop-moc-factory","status":"publish","type":"product","link":"https:\/\/mouldking.store\/de\/shop\/moc-37840-ucs-razor-crest-by-papaglop-moc-factory\/","title":{"rendered":"MOC 37840 UCS Razor Crest von Papaglop MOC FACTORY"},"content":{"rendered":"<p><strong>PRODUKTINFORMATION<\/strong><\/p>\n<p>MOC 37840 UCS Razor Crest von Papaglop MOC FACTORY basiert auf einem ber\u00fchmten Raumschiff aus der Filmreihe Star Wars, MOC 37840, entworfen von dropey1479 in rebrickable, mit einigen kleinen modifizierten und KEINEN MINIFIGUREN ENTHALTEN. Es ist ein tolles Brick-Set MOC 37840 UCS Razor Crest von Papaglop MOC FACTORY<\/p>\n<figure id=\"attachment_193719\" class=\"wp-caption alignnone\" style=\"width: 640px\" aria-describedby=\"caption-attachment-193719\"><figcaption id=\"caption-attachment-193719\" class=\"wp-caption-text\">\n<figure id=\"attachment_26274\" aria-describedby=\"caption-attachment-26274\" style=\"width: 800px\" class=\"wp-caption aligncenter\"><img fetchpriority=\"high\" decoding=\"async\" class=\"wp-image-26274 size-full\" src=\"https:\/\/mocfactory.com\/wp-content\/uploads\/2020\/12\/MOC-37840-Star-Wars-UCS-Razor-Crest-Designer-Papaglop.jpg\" alt=\"MOC-37840 Star Wars UCS Razor Crest - Designer Papaglop\" width=\"800\" height=\"800\" title=\"-\"><figcaption id=\"caption-attachment-26274\" class=\"wp-caption-text\">MOC-37840 Star Wars UCS Razor Crest \u2013 Designer Papaglop<\/figcaption><\/figure>\n<figure id=\"attachment_26275\" aria-describedby=\"caption-attachment-26275\" style=\"width: 800px\" class=\"wp-caption aligncenter\"><img decoding=\"async\" class=\"wp-image-26275 size-full\" src=\"https:\/\/mocfactory.com\/wp-content\/uploads\/2020\/12\/MOC-37840-Star-Wars-UCS-Razor-Crest-Designer-Papaglop-4.jpg\" alt=\"MOC-37840 Star Wars UCS Razor Crest - Designer Papaglop\" width=\"800\" height=\"800\" title=\"-\"><figcaption id=\"caption-attachment-26275\" class=\"wp-caption-text\">MOC-37840 Star Wars UCS Razor Crest \u2013 Designer Papaglop<\/figcaption><\/figure>\n<figure id=\"attachment_26276\" aria-describedby=\"caption-attachment-26276\" style=\"width: 800px\" class=\"wp-caption aligncenter\"><img decoding=\"async\" class=\"wp-image-26276 size-full\" src=\"https:\/\/mocfactory.com\/wp-content\/uploads\/2020\/12\/MOC-37840-Star-Wars-UCS-Razor-Crest-Designer-Papaglop-2.jpg\" alt=\"MOC-37840 Star Wars UCS Razor Crest - Designer Papaglop\" width=\"800\" height=\"800\" title=\"-\"><figcaption id=\"caption-attachment-26276\" class=\"wp-caption-text\">MOC-37840 Star Wars UCS Razor Crest \u2013 Designer Papaglop<\/figcaption><\/figure>\n<figure id=\"attachment_26277\" aria-describedby=\"caption-attachment-26277\" style=\"width: 800px\" class=\"wp-caption aligncenter\"><img loading=\"lazy\" decoding=\"async\" class=\"wp-image-26277 size-full\" src=\"https:\/\/mocfactory.com\/wp-content\/uploads\/2020\/12\/MOC-37840-Star-Wars-UCS-Razor-Crest-Designer-Papaglop-3.jpg\" alt=\"MOC-37840 Star Wars UCS Razor Crest - Designer Papaglop\" width=\"800\" height=\"800\" title=\"-\"><figcaption id=\"caption-attachment-26277\" class=\"wp-caption-text\">MOC-37840 Star Wars UCS Razor Crest \u2013 Designer Papaglop<\/figcaption><\/figure>\n<\/figcaption><\/figure>\n<blockquote><p>MOC-Nummer: 37840<br \/>\nName des MOC: UCS Razor Crest von Papaglop<br \/>\nEntworfen von: papaglop<br \/>\nEntwurfsjahr: 2020<br \/>\nAnzahl der Teile: 4190 Teile<br \/>\nKategorie: Star Wars &gt; Ultimate Collector Series<\/p><\/blockquote>\n<p>&nbsp;<\/p>\n<ul>\n<li>+ 4190 Teile aus hochwertigen 100% ABS-Kunststoffsteinen, sicher f\u00fcr Kinder, lange Spielzeit, 100% kompatibel mit anderen Steinmarken<\/li>\n<li><span style=\"font-size: 14.4px\">Einfach zu bauen mit manueller Anleitung von MOC 37840 UCS Razor Crest von Papaglop MOC FACTORY <\/span><span style=\"font-size: 14.4px;color: #555555\">mit Stein-f\u00fcr-Stein-Anleitung und hochwertigen Bildern<\/span><\/li>\n<li><span style=\"font-size: 14.4px\">Vollst\u00e4ndige Abmessungen des MOC 37840 UCS Razor Crest von Papaglop MOC FACTORY<\/span><\/li>\n<\/ul>\n<h4><strong>GARANTIE<\/strong><\/h4>\n<p>Wir garantieren f\u00fcr MOC 37840 UCS Razor Crest von Papaglop MOC FACTORY<\/p>\n<ul>\n<li>Volle R\u00fcckerstattung, wenn Sie Ihre Bestellung nicht erhalten<\/li>\n<li>Kostenlos f\u00fcr fehlende Teile oder Handbuchbuch sorgen<\/li>\n<li>Kunden zahlen keine Steuern und Zollgeb\u00fchren mehr. (Wenn Sie bezahlen m\u00fcssen, erstatten wir Ihnen zur\u00fcck)<\/li>\n<li>Der internationale Versand ist ziemlich kompliziert, wir bem\u00fchen uns, alle Ihre Probleme zu bearbeiten. Wenn Ihre Bestellung jedoch Probleme hat, kontaktieren Sie uns bitte per E-Mail<\/li>\n<li><span data-text-color=\"alert\"><strong>Bestellung stornieren:<\/strong><\/span> Wenn Sie die Bestellung stornieren m\u00fcssen, m\u00fcssen Sie uns so schnell wie m\u00f6glich per E-Mail an contact@pay.lpwstore.com kontaktieren. Wir k\u00f6nnen die Bestellung nicht vor 48 Stunden stoppen<\/li>\n<\/ul>\n<h4><strong>VERSAND<\/strong><\/h4>\n<p>MOC 37840 UCS Razor Crest von Papaglop MOC FACTORY wird im SEPTEMBER 2020 versandfertig sein. Bitte warten Sie auf uns. Wenn Sie die Vorbestellung stornieren m\u00f6chten, kontaktieren Sie uns per E-Mail, wir erstatten Ihnen den vollen Betrag zur\u00fcck<\/p>\n<h4><strong>FEHLENDE TEILE<\/strong><\/h4>\n<p>Alle Teile des MOC 37840 UCS Razor Crest von Papaglop MOC FACTORY werden vor dem Versand einer Qualit\u00e4tspr\u00fcfung unterzogen. Wenn Sie also fehlende oder besch\u00e4digte Teile finden, machen Sie sich keine Sorgen. Bitte kontaktieren Sie uns und wir senden sie Ihnen kostenlos zu, oder wir bieten Ihnen eine kleine R\u00fcckerstattung, damit Sie sie an anderen Orten kaufen k\u00f6nnen.<\/p>","protected":false},"excerpt":{"rendered":"<h3><strong>MOC 37840 UCS Razor Crest von Papaglop MOC FACTORY<\/strong><\/h3>\n<h3><span data-text-color=\"alert\"><strong>VERF\u00dcGBAR IM SEPTEMBER 2020<\/strong><\/span><\/h3>\n<ul>\n<li>Ziegelmenge:<strong> +4190 <\/strong>Stck<\/li>\n<li>Service: Kostenlose Ersatzteile<\/li>\n<li>Hinweis: Keine Originalverpackung, verwenden Sie einen Luftpolsterbeutel oder eine leere Kartonschachtel.<\/li>\n<li>Vorbereitungszeit: 4-8 Wochen<\/li>\n<\/ul>","protected":false},"featured_media":20427,"comment_status":"open","ping_status":"closed","template":"","meta":{"_acf_changed":false},"product_cat":[415],"product_tag":[10503,10501,430,10499,10505,10498,461,10500,4093,10502,10504],"class_list":["product","first","instock","shipping-taxable","purchasable","product-type-simple"],"acf":[],"_links":{"self":[{"href":"https:\/\/mouldking.store\/de\/wp-json\/wp\/v2\/product\/20440","targetHints":{"allow":["GET"]}}],"collection":[{"href":"https:\/\/mouldking.store\/de\/wp-json\/wp\/v2\/product"}],"about":[{"href":"https:\/\/mouldking.store\/de\/wp-json\/wp\/v2\/types\/product"}],"replies":[{"embeddable":true,"href":"https:\/\/mouldking.store\/de\/wp-json\/wp\/v2\/comments?post=20440"}],"wp:featuredmedia":[{"embeddable":true,"href":"https:\/\/mouldking.store\/de\/wp-json\/wp\/v2\/media\/20427"}],"wp:attachment":[{"href":"https:\/\/mouldking.store\/de\/wp-json\/wp\/v2\/media?parent=20440"}],"wp:term":[{"taxonomy":"product_cat","embeddable":true,"href":"https:\/\/mouldking.store\/de\/wp-json\/wp\/v2\/product_cat?post=20440"},{"taxonomy":"product_tag","embeddable":true,"href":"https:\/\/mouldking.store\/de\/wp-json\/wp\/v2\/product_tag?post=20440"}],"curies":[{"name":"wp","href":"https:\/\/api.w.org\/{rel}","templated":true}]}}