{"id":20470,"date":"2021-10-09T04:50:01","date_gmt":"2021-10-08T21:50:01","guid":{"rendered":"https:\/\/mouldking.store\/shop\/moc-22018-bomber-twin-ion-engine-bomber-star-wars-by-barneius-moc-factory\/"},"modified":"2025-12-25T09:25:21","modified_gmt":"2025-12-25T02:25:21","slug":"moc-22018-bomber-twin-ion-engine-bomber-star-wars-by-barneius-moc-factory","status":"publish","type":"product","link":"https:\/\/mouldking.store\/de\/shop\/moc-22018-bomber-twin-ion-engine-bomber-star-wars-by-barneius-moc-factory\/","title":{"rendered":"MOC-22018 Bomber (Twin Ion Engine Bomber) Star Wars von barneius MOC FACTORY"},"content":{"rendered":"<p>TIE-Bomber. Das dritte Modell in meiner beispielhaften majest\u00e4tischen TIE-Reihe. Die beiden Strukturen basieren und verbinden sich zusammen mit einer Methodenskizze, die das Modell unflexibel und stark macht. Die Bretter werden mit einer \u00e4hnlichen Methode bearbeitet, die ich in meinem TIE Interceptor verwendet habe. Dadurch werden die oberen und unteren Teile sicher und mit den richtigen Kanten befestigt. Alle Feinheiten sind zweckm\u00e4\u00dfig \u2013 sie sollten sich an die echte Arbeit dieses \u00e4u\u00dferst faszinierenden Bootes im Hinblick auf das Star Wars-Universum anlehnen (Dank an Jerac f\u00fcr die Motivation zum Formen der Vorderseite der Bombenstruktur).<\/p>\n<p><img fetchpriority=\"high\" decoding=\"async\" class=\"alignnone size-full wp-image-193959\" src=\"https:\/\/pay.lpwstore.com\/wp-content\/uploads\/2020\/07\/New-Project-24.png\" alt=\"MOC-22018\" width=\"800\" height=\"800\" title=\"-\"><\/p>\n<p>&nbsp;<\/p>\n<p>Es ist von der Gr\u00f6\u00dfe her recht beachtlich, was dem Charakter des Bootes wirklich zugute kommt. Im Cockpit ist nur begrenzt Platz f\u00fcr eine Minifigur. Das Modell passt zu jedem offiziellen LEGO-Set-Sortiment, genau wie meine verschiedenen TIEs. Sie k\u00f6nnen es auf einem engagierten Showcase-Stand vorstellen.<\/p>\n<p><img decoding=\"async\" class=\"alignnone size-full wp-image-193960\" src=\"https:\/\/pay.lpwstore.com\/wp-content\/uploads\/2020\/07\/New-Project-26.png\" alt=\"MOC-22018\" width=\"800\" height=\"800\" title=\"-\"> <img decoding=\"async\" class=\"alignnone size-full wp-image-193961\" src=\"https:\/\/pay.lpwstore.com\/wp-content\/uploads\/2020\/07\/New-Project-25.png\" alt=\"MOC-22018\" width=\"800\" height=\"800\" title=\"-\"><\/p>\n<p>&nbsp;<\/p>","protected":false},"excerpt":{"rendered":"<ul>\n<li>Enthalten\u00a0<strong>1644+<\/strong>\u00a0Stck<\/li>\n<li>PDF-Anleitungsbuch<\/li>\n<li>Hochwertiger ABS-Block<\/li>\n<\/ul>","protected":false},"featured_media":20467,"comment_status":"open","ping_status":"closed","template":"","meta":{"_acf_changed":false},"product_cat":[415],"product_tag":[],"class_list":["product","first","instock","shipping-taxable","purchasable","product-type-simple"],"acf":[],"_links":{"self":[{"href":"https:\/\/mouldking.store\/de\/wp-json\/wp\/v2\/product\/20470","targetHints":{"allow":["GET"]}}],"collection":[{"href":"https:\/\/mouldking.store\/de\/wp-json\/wp\/v2\/product"}],"about":[{"href":"https:\/\/mouldking.store\/de\/wp-json\/wp\/v2\/types\/product"}],"replies":[{"embeddable":true,"href":"https:\/\/mouldking.store\/de\/wp-json\/wp\/v2\/comments?post=20470"}],"wp:featuredmedia":[{"embeddable":true,"href":"https:\/\/mouldking.store\/de\/wp-json\/wp\/v2\/media\/20467"}],"wp:attachment":[{"href":"https:\/\/mouldking.store\/de\/wp-json\/wp\/v2\/media?parent=20470"}],"wp:term":[{"taxonomy":"product_cat","embeddable":true,"href":"https:\/\/mouldking.store\/de\/wp-json\/wp\/v2\/product_cat?post=20470"},{"taxonomy":"product_tag","embeddable":true,"href":"https:\/\/mouldking.store\/de\/wp-json\/wp\/v2\/product_tag?post=20470"}],"curies":[{"name":"wp","href":"https:\/\/api.w.org\/{rel}","templated":true}]}}