{"id":20527,"date":"2021-10-09T04:51:20","date_gmt":"2021-10-08T21:51:20","guid":{"rendered":"https:\/\/mouldking.store\/shop\/moc-25026-space-1999-eagle-by-divinglog-moc-factory\/"},"modified":"2025-12-25T09:25:10","modified_gmt":"2025-12-25T02:25:10","slug":"moc-25026-space-1999-eagle-by-divinglog-moc-factory","status":"publish","type":"product","link":"https:\/\/mouldking.store\/de\/shop\/moc-25026-space-1999-eagle-by-divinglog-moc-factory\/","title":{"rendered":"MOC-25026 Space 1999 Eagle von divelog MOC FACTORY"},"content":{"rendered":"<div>Weltraum 1999 Adler<\/div>\n<div><\/div>\n<div>Dies ist ein MOC des Eagle-Tr\u00e4gers aus der TV-Show Space 1999 (Mondbasis Alpha 1 auf Deutsch, Cosmos 1999 auf Franz\u00f6sisch) von 1975. Der Traveller-Koffer hat volles Inneres und kann wie im Arrangement vom Eagle-Tr\u00e4ger isoliert werden (S\u00e4ulen ausgenommen aus St\u00fcckliste). Eine frei w\u00e4hlbare Treppe (f\u00fcr St\u00fcckliste nicht vergessen) kann mit dem Geh\u00e4use verbunden werden und die Eing\u00e4nge k\u00f6nnen entfernt werden.<\/div>\n<div><\/div>\n<div>Messungen:<\/div>\n<div><\/div>\n<div>L\u00e4nge: 44,3 cm<\/div>\n<div><\/div>\n<div>Breite: 17,1 cm<\/div>\n<div><\/div>\n<div>H\u00f6he: 9,9 cm<\/div>\n<div><\/div>\n<div>Gewicht: 886 gr<\/div>\n<div><\/div>\n<div><img fetchpriority=\"high\" decoding=\"async\" class=\"alignnone size-full wp-image-194292\" src=\"https:\/\/pay.lpwstore.com\/wp-content\/uploads\/2020\/07\/New-Project-90.png\" alt=\"MOC-25026 Space 1999 Eagle Space by divinglog MOC FACTORY\" width=\"800\" height=\"800\" title=\"-\"> <img decoding=\"async\" class=\"alignnone size-full wp-image-194291\" src=\"https:\/\/pay.lpwstore.com\/wp-content\/uploads\/2020\/07\/New-Project-91-1.png\" alt=\"MOC-25026 Space 1999 Eagle Space by divinglog MOC FACTORY\" width=\"800\" height=\"800\" title=\"-\"><\/div>","protected":false},"excerpt":{"rendered":"<ul>\n<li>Enthalten\u00a0<strong>1137+<\/strong>\u00a0Stck<\/li>\n<li>PDF-Anleitungsbuch<\/li>\n<li>Hochwertiger ABS-Block<\/li>\n<\/ul>","protected":false},"featured_media":20525,"comment_status":"open","ping_status":"closed","template":"","meta":{"_acf_changed":false},"product_cat":[371],"product_tag":[],"class_list":["product","first","instock","shipping-taxable","purchasable","product-type-simple"],"acf":[],"_links":{"self":[{"href":"https:\/\/mouldking.store\/de\/wp-json\/wp\/v2\/product\/20527","targetHints":{"allow":["GET"]}}],"collection":[{"href":"https:\/\/mouldking.store\/de\/wp-json\/wp\/v2\/product"}],"about":[{"href":"https:\/\/mouldking.store\/de\/wp-json\/wp\/v2\/types\/product"}],"replies":[{"embeddable":true,"href":"https:\/\/mouldking.store\/de\/wp-json\/wp\/v2\/comments?post=20527"}],"wp:featuredmedia":[{"embeddable":true,"href":"https:\/\/mouldking.store\/de\/wp-json\/wp\/v2\/media\/20525"}],"wp:attachment":[{"href":"https:\/\/mouldking.store\/de\/wp-json\/wp\/v2\/media?parent=20527"}],"wp:term":[{"taxonomy":"product_cat","embeddable":true,"href":"https:\/\/mouldking.store\/de\/wp-json\/wp\/v2\/product_cat?post=20527"},{"taxonomy":"product_tag","embeddable":true,"href":"https:\/\/mouldking.store\/de\/wp-json\/wp\/v2\/product_tag?post=20527"}],"curies":[{"name":"wp","href":"https:\/\/api.w.org\/{rel}","templated":true}]}}