{"id":20535,"date":"2021-10-09T04:51:23","date_gmt":"2021-10-09T04:51:23","guid":{"rendered":"https:\/\/mouldking.store\/shop\/moc-18016-game-of-thrones-westeros-skyline-architecture-by-momatteo79-moc-factory\/"},"modified":"2025-12-25T09:25:09","modified_gmt":"2025-12-25T02:25:09","slug":"moc-18016-game-of-thrones-westeros-skyline-architecture-by-momatteo79-moc-factory","status":"publish","type":"product","link":"https:\/\/mouldking.store\/de\/shop\/moc-18016-game-of-thrones-westeros-skyline-architecture-by-momatteo79-moc-factory\/","title":{"rendered":"MOC-18016 Game Of Thrones \u2013 Westeros Skyline Architektur von MOMAtteo79 MOC FACTORY"},"content":{"rendered":"<div><strong>Sonnenspeer<\/strong> \u2013 Der Sitz des Hauses Martell und die Hauptstadt von Dorne<\/div>\n<div><strong>Landung des Herrschers<\/strong> \u2013 Die Hauptstadt der Sieben K\u00f6nigslande<\/div>\n<div><strong>Pik<\/strong> \u2013 Der Sitz von Haus Greyjoy<\/div>\n<div><strong>Die Zwillinge<\/strong> \u2013 Der Sitz des Hauses Frey<\/div>\n<div><strong>Winterfell<\/strong> \u2013 Der Sitz des Hauses Stark, gilt als Hauptstadt des Nordens<\/div>\n<div><strong>Die Mauer<\/strong> \u2013 Das gigantische Hindernis aus Eis, das sich \u00fcber den n\u00f6rdlichen Rand der Sieben K\u00f6nigreiche erstreckt und die Dom\u00e4ne vor den Wildlingen sch\u00fctzt, die dort leben<\/div>\n<div><\/div>\n<div>Absolute Teile: 442<\/div>\n<div><\/div>\n<div>Ma\u00dfe: 44 x 8 x 10 Nieten<\/div>\n<div>35,5 x 7 x 8 cm<\/div>\n<div>14 2,8 3,2 Zoll<\/div>\n<div><\/div>\n<div><img fetchpriority=\"high\" decoding=\"async\" class=\"alignnone size-full wp-image-194313\" src=\"https:\/\/pay.lpwstore.com\/wp-content\/uploads\/2020\/07\/New-Project-98-1.png\" alt=\"MOC-18016 Game Of Thrones - Westeros Skyline Architecture by MOMAtteo79 MOC FACTORY\" width=\"800\" height=\"800\" title=\"-\"> <img decoding=\"async\" class=\"alignnone size-full wp-image-194312\" src=\"https:\/\/pay.lpwstore.com\/wp-content\/uploads\/2020\/07\/New-Project-99-1.png\" alt=\"MOC-18016 Game Of Thrones - Westeros Skyline Architecture by MOMAtteo79 MOC FACTORY\" width=\"800\" height=\"800\" title=\"-\"><\/div>","protected":false},"excerpt":{"rendered":"<ul>\n<li>Enthalten\u00a0<strong>454+<\/strong>\u00a0Stck<\/li>\n<li>PDF-Anleitungsbuch<\/li>\n<li>Hochwertiger ABS-Block<\/li>\n<\/ul>","protected":false},"featured_media":20534,"comment_status":"open","ping_status":"closed","template":"","meta":{"_acf_changed":false},"product_cat":[15],"product_tag":[],"class_list":["product","first","instock","shipping-taxable","purchasable","product-type-simple"],"acf":[],"_links":{"self":[{"href":"https:\/\/mouldking.store\/de\/wp-json\/wp\/v2\/product\/20535","targetHints":{"allow":["GET"]}}],"collection":[{"href":"https:\/\/mouldking.store\/de\/wp-json\/wp\/v2\/product"}],"about":[{"href":"https:\/\/mouldking.store\/de\/wp-json\/wp\/v2\/types\/product"}],"replies":[{"embeddable":true,"href":"https:\/\/mouldking.store\/de\/wp-json\/wp\/v2\/comments?post=20535"}],"wp:featuredmedia":[{"embeddable":true,"href":"https:\/\/mouldking.store\/de\/wp-json\/wp\/v2\/media\/20534"}],"wp:attachment":[{"href":"https:\/\/mouldking.store\/de\/wp-json\/wp\/v2\/media?parent=20535"}],"wp:term":[{"taxonomy":"product_cat","embeddable":true,"href":"https:\/\/mouldking.store\/de\/wp-json\/wp\/v2\/product_cat?post=20535"},{"taxonomy":"product_tag","embeddable":true,"href":"https:\/\/mouldking.store\/de\/wp-json\/wp\/v2\/product_tag?post=20535"}],"curies":[{"name":"wp","href":"https:\/\/api.w.org\/{rel}","templated":true}]}}