{"id":20597,"date":"2021-10-09T04:52:06","date_gmt":"2021-10-08T21:52:06","guid":{"rendered":"https:\/\/mouldking.store\/shop\/moc-11224-blooming-blossoms-modular-building-by-kristel-moc-factory\/"},"modified":"2025-12-25T09:25:08","modified_gmt":"2025-12-25T02:25:08","slug":"moc-11224-blooming-blossoms-modular-building-by-kristel-moc-factory","status":"publish","type":"product","link":"https:\/\/mouldking.store\/de\/shop\/moc-11224-blooming-blossoms-modular-building-by-kristel-moc-factory\/","title":{"rendered":"MOC-11224 Blooming Blossoms Modulares Geb\u00e4ude von Kristel MOC FACTORY"},"content":{"rendered":"<ul>\n<li>The Blooming Blossoms ist ein 16-st\u00f6ckiges, abgelegenes Geb\u00e4ude, das nach dem Blumenverk\u00e4ufer benannt ist, der sich im Erdgeschoss befindet. Es gibt eine Ein-Zimmer-Wohnung in den oberen Stockwerken, mit der K\u00fcche, dem Festsaal und dem Salon im Erdgeschoss und einem kleinen Raum, einem offenen Territorium und einem Waschraum mit einer antiquierten Latrine mit Kettensp\u00fclung im zweiten Stock.<\/li>\n<li>Arrangement-Zeit: 4-7 Wochen (Sonderanfertigung)<\/li>\n<\/ul>\n<p>&nbsp;<\/p>\n<figure id=\"attachment_31977\" aria-describedby=\"caption-attachment-31977\" style=\"width: 800px\" class=\"wp-caption aligncenter\"><img fetchpriority=\"high\" decoding=\"async\" class=\"wp-image-31977 size-full\" src=\"https:\/\/mouldking.store\/wp-content\/uploads\/2021\/10\/MOCBRICKLAND-MOC-11224-Blooming-Blossoms-2.jpg\" alt=\"MOC-11224 Blooming Blossoms Modular Building by Kristel MOC FACTORY\" width=\"800\" height=\"800\" title=\"-\" srcset=\"https:\/\/mouldking.store\/wp-content\/uploads\/2021\/10\/MOCBRICKLAND-MOC-11224-Blooming-Blossoms-2.jpg 800w, https:\/\/mouldking.store\/wp-content\/uploads\/2021\/10\/MOCBRICKLAND-MOC-11224-Blooming-Blossoms-2-300x300.jpg 300w, https:\/\/mouldking.store\/wp-content\/uploads\/2021\/10\/MOCBRICKLAND-MOC-11224-Blooming-Blossoms-2-768x768.jpg 768w, https:\/\/mouldking.store\/wp-content\/uploads\/2021\/10\/MOCBRICKLAND-MOC-11224-Blooming-Blossoms-2-600x600.jpg 600w, https:\/\/mouldking.store\/wp-content\/uploads\/2021\/10\/MOCBRICKLAND-MOC-11224-Blooming-Blossoms-2-150x150.jpg 150w\" sizes=\"(max-width: 800px) 100vw, 800px\" \/><figcaption id=\"caption-attachment-31977\" class=\"wp-caption-text\">MOC-11224 Blooming Blossoms Modulares Geb\u00e4ude von Kristel MOC FACTORY<\/figcaption><\/figure>\n<p>&nbsp;<\/p>","protected":false},"excerpt":{"rendered":"<ul>\n<li>Enthalten <strong>1565+\u00a0<\/strong>Stck<\/li>\n<li>PDF-Anleitungsbuch<\/li>\n<li>Hochwertiger ABS-Block<\/li>\n<\/ul>","protected":false},"featured_media":20595,"comment_status":"open","ping_status":"closed","template":"","meta":{"_acf_changed":false},"product_cat":[1395],"product_tag":[5683,5682,5681,5680],"class_list":["product","first","instock","shipping-taxable","purchasable","product-type-simple"],"acf":[],"_links":{"self":[{"href":"https:\/\/mouldking.store\/de\/wp-json\/wp\/v2\/product\/20597","targetHints":{"allow":["GET"]}}],"collection":[{"href":"https:\/\/mouldking.store\/de\/wp-json\/wp\/v2\/product"}],"about":[{"href":"https:\/\/mouldking.store\/de\/wp-json\/wp\/v2\/types\/product"}],"replies":[{"embeddable":true,"href":"https:\/\/mouldking.store\/de\/wp-json\/wp\/v2\/comments?post=20597"}],"wp:featuredmedia":[{"embeddable":true,"href":"https:\/\/mouldking.store\/de\/wp-json\/wp\/v2\/media\/20595"}],"wp:attachment":[{"href":"https:\/\/mouldking.store\/de\/wp-json\/wp\/v2\/media?parent=20597"}],"wp:term":[{"taxonomy":"product_cat","embeddable":true,"href":"https:\/\/mouldking.store\/de\/wp-json\/wp\/v2\/product_cat?post=20597"},{"taxonomy":"product_tag","embeddable":true,"href":"https:\/\/mouldking.store\/de\/wp-json\/wp\/v2\/product_tag?post=20597"}],"curies":[{"name":"wp","href":"https:\/\/api.w.org\/{rel}","templated":true}]}}