{"id":20622,"date":"2021-10-09T04:53:33","date_gmt":"2021-10-09T04:53:33","guid":{"rendered":"https:\/\/mouldking.store\/shop\/moc-90012-tenshukaku-of-osaka-castle-architecture-moc-factory\/"},"modified":"2025-12-25T09:25:00","modified_gmt":"2025-12-25T02:25:00","slug":"moc-90012-tenshukaku-of-osaka-castle-architecture-moc-factory","status":"publish","type":"product","link":"https:\/\/mouldking.store\/de\/shop\/moc-90012-tenshukaku-of-osaka-castle-architecture-moc-factory\/","title":{"rendered":"MOC-90012 Tenshukaku von Osaka Castle Architecture MOC FACTORY"},"content":{"rendered":"<p>Tenshukaku von Osaka Castle, Osakas Image, das von seinen Bewohnern immer noch gesch\u00e4tzt wird.<\/p>\n<p>Tenshukaku oder Herrenhausgipfel der Burg von Osaka basierte auf einem erh\u00f6hten Hang von Uemachidaichi im Brennpunkt der Stadt als Osakas Bild. Die Burg von Osaka ist seit der Heisei-Reproduktion im Jahr 1997 sch\u00f6ner und einfacher f\u00fcr Urlauber geworden. Es gibt eine nachweisbare Galerie im Inneren des Herrenhauses, und die h\u00f6chste Ebene ist die Aussichtsplattform. Der Osaka Castle Park, der sich \u00fcber den Main Tower erstreckt, wird f\u00fcr seine gelegentlichen Sprossen gefeiert. In der N\u00e4he befindet sich die Japan Mint, ein bekannter Ort f\u00fcr ihre Kirschbl\u00fcten, und Sie k\u00f6nnen auch die Wasserstra\u00dfenfahrt mit dem Aqua-Transport \u201eWater Liner\u201c genie\u00dfen.<img fetchpriority=\"high\" decoding=\"async\" class=\"alignnone size-full wp-image-194516\" src=\"https:\/\/pay.lpwstore.com\/wp-content\/uploads\/2020\/08\/New-Project-2020-08-04T213320.289.png\" alt=\"MOC-90012 Tenshukaku of Osaka Castle Creator MOC FACTORY\" width=\"800\" height=\"800\" title=\"-\"><\/p>","protected":false},"excerpt":{"rendered":"<ul>\n<li>Enthalten\u00a0<strong>21145+<\/strong>\u00a0Stck<\/li>\n<li>PDF-Anleitungsbuch<\/li>\n<li>Hochwertiger ABS-Block<\/li>\n<\/ul>","protected":false},"featured_media":20621,"comment_status":"open","ping_status":"closed","template":"","meta":{"_acf_changed":false},"product_cat":[15],"product_tag":[],"class_list":["product","first","instock","shipping-taxable","purchasable","product-type-simple"],"acf":[],"_links":{"self":[{"href":"https:\/\/mouldking.store\/de\/wp-json\/wp\/v2\/product\/20622","targetHints":{"allow":["GET"]}}],"collection":[{"href":"https:\/\/mouldking.store\/de\/wp-json\/wp\/v2\/product"}],"about":[{"href":"https:\/\/mouldking.store\/de\/wp-json\/wp\/v2\/types\/product"}],"replies":[{"embeddable":true,"href":"https:\/\/mouldking.store\/de\/wp-json\/wp\/v2\/comments?post=20622"}],"wp:featuredmedia":[{"embeddable":true,"href":"https:\/\/mouldking.store\/de\/wp-json\/wp\/v2\/media\/20621"}],"wp:attachment":[{"href":"https:\/\/mouldking.store\/de\/wp-json\/wp\/v2\/media?parent=20622"}],"wp:term":[{"taxonomy":"product_cat","embeddable":true,"href":"https:\/\/mouldking.store\/de\/wp-json\/wp\/v2\/product_cat?post=20622"},{"taxonomy":"product_tag","embeddable":true,"href":"https:\/\/mouldking.store\/de\/wp-json\/wp\/v2\/product_tag?post=20622"}],"curies":[{"name":"wp","href":"https:\/\/api.w.org\/{rel}","templated":true}]}}