{"id":20671,"date":"2021-10-09T04:54:20","date_gmt":"2021-10-09T04:54:20","guid":{"rendered":"https:\/\/mouldking.store\/shop\/moc-15873-mercedes-benz-300sl-creator-by-timeremembered-moc-factory\/"},"modified":"2025-12-25T09:24:58","modified_gmt":"2025-12-25T02:24:58","slug":"moc-15873-mercedes-benz-300sl-creator-by-timeremembered-moc-factory","status":"publish","type":"product","link":"https:\/\/mouldking.store\/de\/shop\/moc-15873-mercedes-benz-300sl-creator-by-timeremembered-moc-factory\/","title":{"rendered":"MOC-15873 Mercedes-Benz 300SL Creator by timeremembered MOC FACTORY"},"content":{"rendered":"<p>Mercedes 300SL ist mein un\u00fcbertroffenes Traumfahrzeug. Diese Form mit 6 Nieten besteht aus LEGO 75884 1968 Ford Mustang Fastback und einigen zus\u00e4tzlichen Bl\u00f6cken.<\/p>\n<p>Seine bemerkenswerten Gullwing-Eing\u00e4nge wurden aktualisiert, aber der Rand wurde eingeschr\u00e4nkt.<\/p>\n<p>Das Lager erfasst sozusagen die zus\u00e4tzlichen Teile. Der gesamte Ablauf ist mit den Strukturrichtungen verbunden.<\/p>\n<p><img fetchpriority=\"high\" decoding=\"async\" class=\"alignnone size-full wp-image-194658\" src=\"https:\/\/pay.lpwstore.com\/wp-content\/uploads\/2020\/08\/New-Project-2020-08-10T102549.247.png\" alt=\"MOC-15873 Mercedes-Benz 300SL Creator by timeremembered MOC FACTORY\" width=\"800\" height=\"800\" title=\"-\"> <img decoding=\"async\" class=\"alignnone size-full wp-image-194657\" src=\"https:\/\/pay.lpwstore.com\/wp-content\/uploads\/2020\/08\/New-Project-2020-08-10T102628.759.png\" alt=\"MOC-15873 Mercedes-Benz 300SL Creator by timeremembered MOC FACTORY\" width=\"800\" height=\"800\" title=\"-\"><\/p>","protected":false},"excerpt":{"rendered":"<ul>\n<li>Enthalten\u00a0<strong>102+<\/strong>\u00a0Stck<\/li>\n<li>Online-PDF-Anleitung<\/li>\n<li>Hochwertiger ABS-Qualit\u00e4tsblock<\/li>\n<\/ul>","protected":false},"featured_media":20669,"comment_status":"open","ping_status":"closed","template":"","meta":{"_acf_changed":false},"product_cat":[371],"product_tag":[],"class_list":["product","first","instock","shipping-taxable","purchasable","product-type-simple"],"acf":[],"_links":{"self":[{"href":"https:\/\/mouldking.store\/de\/wp-json\/wp\/v2\/product\/20671","targetHints":{"allow":["GET"]}}],"collection":[{"href":"https:\/\/mouldking.store\/de\/wp-json\/wp\/v2\/product"}],"about":[{"href":"https:\/\/mouldking.store\/de\/wp-json\/wp\/v2\/types\/product"}],"replies":[{"embeddable":true,"href":"https:\/\/mouldking.store\/de\/wp-json\/wp\/v2\/comments?post=20671"}],"wp:featuredmedia":[{"embeddable":true,"href":"https:\/\/mouldking.store\/de\/wp-json\/wp\/v2\/media\/20669"}],"wp:attachment":[{"href":"https:\/\/mouldking.store\/de\/wp-json\/wp\/v2\/media?parent=20671"}],"wp:term":[{"taxonomy":"product_cat","embeddable":true,"href":"https:\/\/mouldking.store\/de\/wp-json\/wp\/v2\/product_cat?post=20671"},{"taxonomy":"product_tag","embeddable":true,"href":"https:\/\/mouldking.store\/de\/wp-json\/wp\/v2\/product_tag?post=20671"}],"curies":[{"name":"wp","href":"https:\/\/api.w.org\/{rel}","templated":true}]}}