{"id":20831,"date":"2021-10-09T04:56:26","date_gmt":"2021-10-08T21:56:26","guid":{"rendered":"https:\/\/mouldking.store\/shop\/moc-15858-the-music-club-inverted-corner-modular-building-by-huaojozu-moc-factory\/"},"modified":"2025-12-25T09:24:47","modified_gmt":"2025-12-25T02:24:47","slug":"moc-15858-the-music-club-inverted-corner-modular-building-by-huaojozu-moc-factory","status":"publish","type":"product","link":"https:\/\/mouldking.store\/de\/shop\/moc-15858-the-music-club-inverted-corner-modular-building-by-huaojozu-moc-factory\/","title":{"rendered":"MOC-15858 The Music Club Inverted Corner Modular Building von Huaojozu MOC FACTORY"},"content":{"rendered":"<div>Die Hauptetage beherbergt die B\u00fchne und etwas Platz f\u00fcr die Fans, ebenso wie eine Jukebox, wenn es keine Live-Pr\u00e4sentation gibt, und zwei oder drei Tische, auf denen Sie Ihr Getr\u00e4nk abstellen k\u00f6nnen. Apropos Getr\u00e4nke, Sie k\u00f6nnen die Bar auf der n\u00e4chsten Etage entdecken, wo eine alternative Art der Hinrichtung stattfindet. \u00c4ndern Sie das riesige Lichtarrangement von oben oder nehmen Sie die Kraft der Live-Show von einem angenehmen Aussichtspunkt auf.<\/div>\n<div><\/div>\n<div>Schlie\u00dflich empf\u00e4ngt Sie im dritten Stock ein sehr Punkt f\u00fcr Punkt im Inneren mit einem komplett ausgestatteten Waschraum, einem Wohnzimmer, einer K\u00fcche und einem Zimmer. F\u00fcr die Kinder gibt es zus\u00e4tzlich eine Schaukel am vorderen Eingang!<\/div>\n<div><\/div>\n<div><img fetchpriority=\"high\" decoding=\"async\" class=\"alignnone size-full wp-image-195182\" src=\"https:\/\/pay.lpwstore.com\/wp-content\/uploads\/2020\/08\/New-Project-2020-08-24T160507.079.png\" alt=\"MOC-15858 The Music Club Inverted Corner Modular Building by Huaojozu MOC FACTORY\" width=\"800\" height=\"800\" title=\"-\"> <img decoding=\"async\" class=\"alignnone size-full wp-image-195181\" src=\"https:\/\/pay.lpwstore.com\/wp-content\/uploads\/2020\/08\/New-Project-2020-08-24T160538.432.png\" alt=\"MOC-15858 The Music Club Inverted Corner Modular Building by Huaojozu MOC FACTORY\" width=\"800\" height=\"800\" title=\"-\"><\/div>","protected":false},"excerpt":{"rendered":"<ul>\n<li>Enthalten\u00a0<strong>3336+<\/strong>\u00a0Stck<\/li>\n<li>PDF-Anleitungsbuch<\/li>\n<li>Hochwertiger ABS-Block<\/li>\n<\/ul>","protected":false},"featured_media":20829,"comment_status":"open","ping_status":"closed","template":"","meta":{"_acf_changed":false},"product_cat":[390],"product_tag":[],"class_list":["product","first","instock","shipping-taxable","purchasable","product-type-simple"],"acf":[],"_links":{"self":[{"href":"https:\/\/mouldking.store\/de\/wp-json\/wp\/v2\/product\/20831","targetHints":{"allow":["GET"]}}],"collection":[{"href":"https:\/\/mouldking.store\/de\/wp-json\/wp\/v2\/product"}],"about":[{"href":"https:\/\/mouldking.store\/de\/wp-json\/wp\/v2\/types\/product"}],"replies":[{"embeddable":true,"href":"https:\/\/mouldking.store\/de\/wp-json\/wp\/v2\/comments?post=20831"}],"wp:featuredmedia":[{"embeddable":true,"href":"https:\/\/mouldking.store\/de\/wp-json\/wp\/v2\/media\/20829"}],"wp:attachment":[{"href":"https:\/\/mouldking.store\/de\/wp-json\/wp\/v2\/media?parent=20831"}],"wp:term":[{"taxonomy":"product_cat","embeddable":true,"href":"https:\/\/mouldking.store\/de\/wp-json\/wp\/v2\/product_cat?post=20831"},{"taxonomy":"product_tag","embeddable":true,"href":"https:\/\/mouldking.store\/de\/wp-json\/wp\/v2\/product_tag?post=20831"}],"curies":[{"name":"wp","href":"https:\/\/api.w.org\/{rel}","templated":true}]}}