{"id":20932,"date":"2021-10-09T04:58:12","date_gmt":"2021-10-08T21:58:12","guid":{"rendered":"https:\/\/mouldking.store\/shop\/moc-12003-fortune-tellers-house-modular-buildings-by-brickvice-moc-factory\/"},"modified":"2025-12-25T09:24:23","modified_gmt":"2025-12-25T02:24:23","slug":"moc-12003-fortune-tellers-house-modular-buildings-by-brickvice-moc-factory","status":"publish","type":"product","link":"https:\/\/mouldking.store\/de\/shop\/moc-12003-fortune-tellers-house-modular-buildings-by-brickvice-moc-factory\/","title":{"rendered":"MOC-12003 Wahrsagerhaus Modulare Geb\u00e4ude von BrickVice MOC FACTORY"},"content":{"rendered":"<div>Im Erdgeschoss entdecken wir den Arbeitsplatz der Wahrsagerin mit einem kleinen Loungebereich, in dem sie ihre F\u00e4higkeiten des Kartenverst\u00e4ndnisses und des Zauberzirkels \u00fcbt.<\/div>\n<div><\/div>\n<div>Wenn wir weiter nach oben gehen, betreten wir das echte Zuhause mit K\u00fcche und Atelierecke<\/div>\n<div><\/div>\n<div>In der Schlafzone (auf der dritten Ebene) entdecken wir das \u00dcberhangbett und den Toilettenbereich mit einer angenehmen Wanne.<\/div>\n<div><\/div>\n<div><img fetchpriority=\"high\" decoding=\"async\" class=\"alignnone size-full wp-image-195573\" src=\"https:\/\/pay.lpwstore.com\/wp-content\/uploads\/2020\/09\/New-Project-2020-09-04T165427.671.png\" alt=\"MOC-12003 Fortune Teller&#039;s House Modular Buildings by BrickVice MOC FACTORY\" width=\"800\" height=\"800\" title=\"-\"> <img decoding=\"async\" class=\"alignnone size-full wp-image-195572\" src=\"https:\/\/pay.lpwstore.com\/wp-content\/uploads\/2020\/09\/New-Project-2020-09-04T165441.479.png\" alt=\"MOC-12003 Fortune Teller&#039;s House Modular Buildings by BrickVice MOC FACTORY\" width=\"800\" height=\"800\" title=\"-\"><\/div>","protected":false},"excerpt":{"rendered":"<ul>\n<li>Enthalten\u00a0<strong>2399+<\/strong>\u00a0Stck<\/li>\n<li>Manuelles Lehrbuch<\/li>\n<li>Hochwertiger ABS-Block<\/li>\n<\/ul>","protected":false},"featured_media":20930,"comment_status":"open","ping_status":"closed","template":"","meta":{"_acf_changed":false},"product_cat":[390],"product_tag":[],"class_list":["product","first","instock","shipping-taxable","purchasable","product-type-simple"],"acf":[],"_links":{"self":[{"href":"https:\/\/mouldking.store\/de\/wp-json\/wp\/v2\/product\/20932","targetHints":{"allow":["GET"]}}],"collection":[{"href":"https:\/\/mouldking.store\/de\/wp-json\/wp\/v2\/product"}],"about":[{"href":"https:\/\/mouldking.store\/de\/wp-json\/wp\/v2\/types\/product"}],"replies":[{"embeddable":true,"href":"https:\/\/mouldking.store\/de\/wp-json\/wp\/v2\/comments?post=20932"}],"wp:featuredmedia":[{"embeddable":true,"href":"https:\/\/mouldking.store\/de\/wp-json\/wp\/v2\/media\/20930"}],"wp:attachment":[{"href":"https:\/\/mouldking.store\/de\/wp-json\/wp\/v2\/media?parent=20932"}],"wp:term":[{"taxonomy":"product_cat","embeddable":true,"href":"https:\/\/mouldking.store\/de\/wp-json\/wp\/v2\/product_cat?post=20932"},{"taxonomy":"product_tag","embeddable":true,"href":"https:\/\/mouldking.store\/de\/wp-json\/wp\/v2\/product_tag?post=20932"}],"curies":[{"name":"wp","href":"https:\/\/api.w.org\/{rel}","templated":true}]}}