{"id":20991,"date":"2021-10-09T04:58:39","date_gmt":"2021-10-08T21:58:39","guid":{"rendered":"https:\/\/mouldking.store\/shop\/moc-42632-back-to-the-future-1985-delorean-time-machine-by-luissaladrigas-moc-factory\/"},"modified":"2025-12-25T09:24:21","modified_gmt":"2025-12-25T02:24:21","slug":"moc-42632-back-to-the-future-1985-delorean-time-machine-by-luissaladrigas-moc-factory","status":"publish","type":"product","link":"https:\/\/mouldking.store\/de\/shop\/moc-42632-back-to-the-future-1985-delorean-time-machine-by-luissaladrigas-moc-factory\/","title":{"rendered":"MOC 42632 Zur\u00fcck in die Zukunft 1985 DeLorean Time Machine von luissaladrigas MOC FACTORY"},"content":{"rendered":"<p><strong>PRODUKTINFORMATION<\/strong><\/p>\n<p>MOC 42632 Back to the Future 1985 DeLorean Time Machine by luissaladrigas MOC FACTORY is based\u00a0 on a famous car &#8211; Time Machine in the\u00a0 film: Back to the Future franchise, MOC 4262 designed by dropey1479 in rebrickable, with some small modified and , NO CHROME BRICKS, NO INCLUDE MINIFIGURES.\u00a0 It&#8217;s an awesome Brick set MOC 42632 Back to the Future 1985 DeLorean Time Machine by luissaladrigas MOC FACTORY<\/p>\n<p>In the Back to the Future franchise, the DeLorean time machine is a time travel device made by retro fitting a DMC DeLorean vehicle with a flux capacitor. The car requires 1.21 gigawatts of power and needs to travel 88 miles per hour (142 km\/h) to initiate time travel.One of the cars used in filming is on display in a museum in Paarl, South Africa. The official Back to the Future DeLorean can be viewed at the Petersen Automotive Museum.<\/p>\n<figure id=\"attachment_193748\" class=\"wp-caption alignnone\" style=\"width: 1020px\" aria-describedby=\"caption-attachment-193748\"><img fetchpriority=\"high\" decoding=\"async\" class=\"wp-image-193748 size-large\" src=\"https:\/\/pay.lpwstore.com\/wp-content\/uploads\/2020\/07\/MOC-42632-Back-to-the-Future-1985-DeLorean-Time-Machine-byluissaladrigas-MOC-FACTORY-9-1024x576.jpg\" alt=\"-\" width=\"1020\" height=\"574\" title=\"-\"><figcaption id=\"caption-attachment-193748\" class=\"wp-caption-text\">MOC 42632 Zur\u00fcck in die Zukunft 1985 DeLorean Time Machine von luissaladrigas MOC FACTORY<\/figcaption><\/figure>\n<blockquote><p>MOC Number: 42632 Name of MOC: Back to the Future 1985 DeLorean Time Machine Designed by: luissaladrigas Designed in: 2020 Number of parts: 2583 parts Category: Other&gt;Film<\/p><\/blockquote>\n<ul>\n<li>+ 2583\u00a0 pieces made from high-quality 100% ABS plastic bricks, safe for children, long time to play, 100% compatible with other brick brands<\/li>\n<li><strong>NO CHROME PART, NO POWER FUNCTION, NO LABEL. Some pictures of this MOC are for illustrative purposes only<\/strong><\/li>\n<li><span style=\"font-size: 14.4px\">Easy-to-build with manual instruction of MOC 42632 Back to the Future 1985 DeLorean Time Machine by luissaladrigas MOC FACTORY <\/span><span style=\"font-size: 14.4px;color: #555555\">mit Stein-f\u00fcr-Stein-Anleitung und hochwertigen Bildern<\/span><\/li>\n<li><span style=\"font-size: 14.4px\">Full dimensions of MMOC 42632 Back to the Future 1985 DeLorean Time Machine by luissaladrigas MOC FACTORY<\/span><\/li>\n<\/ul>\n<h4><strong>GARANTIE<\/strong><\/h4>\n<p>We guarantee for MOC 42632 Back to the Future 1985 DeLorean Time Machine by luissaladrigas MOC FACTORY<\/p>\n<ul>\n<li>Volle R\u00fcckerstattung, wenn Sie Ihre Bestellung nicht erhalten<\/li>\n<li>Kostenlos f\u00fcr fehlende Teile oder Handbuchbuch sorgen<\/li>\n<li>Kunden zahlen keine Steuern und Zollgeb\u00fchren mehr. (Wenn Sie bezahlen m\u00fcssen, erstatten wir Ihnen zur\u00fcck)<\/li>\n<li>Der internationale Versand ist ziemlich kompliziert, wir bem\u00fchen uns, alle Ihre Probleme zu bearbeiten. Wenn Ihre Bestellung jedoch Probleme hat, kontaktieren Sie uns bitte per E-Mail<\/li>\n<li><span data-text-color=\"alert\"><strong>Bestellung stornieren:<\/strong><\/span> Wenn Sie die Bestellung stornieren m\u00fcssen, m\u00fcssen Sie uns so schnell wie m\u00f6glich per E-Mail an contact@pay.lpwstore.com kontaktieren. Wir k\u00f6nnen die Bestellung nicht vor 48 Stunden stoppen<\/li>\n<\/ul>\n<h4><strong>VERSAND<\/strong><\/h4>\n<p>MOC 42632 Back to the Future 1985 DeLorean Time Machine b yluissaladrigas MOC FACTORYY will be ready for ship in SEPTEMBER 2020. Please wait for us. If you want to cancel the pre-order, contact us via email, we will full refund to you<\/p>\n<h4><strong>FEHLENDE TEILE<\/strong><\/h4>\n<p>All parts of MOC 42632 Back to the Future 1985 DeLorean Time Machine by luissaladrigas MOC FACTORY \u00a0are quality checked before shipping, so if you find some missing or damaged parts, don&#8217;t worry. Please contact us and we will send them to you without any fees, or we will offer a small refund for you to buy in other places.<\/p>\n<figure id=\"attachment_193740\" class=\"wp-caption alignnone\" style=\"width: 1020px\" aria-describedby=\"caption-attachment-193740\"><img decoding=\"async\" class=\"wp-image-193740 size-large\" src=\"https:\/\/pay.lpwstore.com\/wp-content\/uploads\/2020\/07\/MOC-42632-Back-to-the-Future-1985-DeLorean-Time-Machine-byluissaladrigas-MOC-FACTORY-1-1024x576.png\" alt=\"-\" width=\"1020\" height=\"574\" title=\"-\"><figcaption id=\"caption-attachment-193740\" class=\"wp-caption-text\">MOC 42632 Zur\u00fcck in die Zukunft 1985 DeLorean Time Machine von luissaladrigas MOC FACTORY<\/figcaption><\/figure>\n<figure id=\"attachment_193739\" class=\"wp-caption alignnone\" style=\"width: 1020px\" aria-describedby=\"caption-attachment-193739\"><img decoding=\"async\" class=\"wp-image-193739 size-large\" src=\"https:\/\/pay.lpwstore.com\/wp-content\/uploads\/2020\/07\/MOC-42632-Back-to-the-Future-1985-DeLorean-Time-Machine-byluissaladrigas-MOC-FACTORY-1-1024x576.jpg\" alt=\"-\" width=\"1020\" height=\"574\" title=\"-\"><figcaption id=\"caption-attachment-193739\" class=\"wp-caption-text\">MOC 42632 Zur\u00fcck in die Zukunft 1985 DeLorean Time Machine von luissaladrigas MOC FACTORY<\/figcaption><\/figure>\n<figure id=\"attachment_193741\" class=\"wp-caption alignnone\" style=\"width: 1020px\" aria-describedby=\"caption-attachment-193741\"><img loading=\"lazy\" decoding=\"async\" class=\"wp-image-193741 size-large\" src=\"https:\/\/pay.lpwstore.com\/wp-content\/uploads\/2020\/07\/MOC-42632-Back-to-the-Future-1985-DeLorean-Time-Machine-byluissaladrigas-MOC-FACTORY-2-1024x576.jpg\" alt=\"-\" width=\"1020\" height=\"574\" title=\"-\"><figcaption id=\"caption-attachment-193741\" class=\"wp-caption-text\">MOC 42632 Zur\u00fcck in die Zukunft 1985 DeLorean Time Machine von luissaladrigas MOC FACTORY<\/figcaption><\/figure>\n<figure id=\"attachment_193742\" class=\"wp-caption alignnone\" style=\"width: 1020px\" aria-describedby=\"caption-attachment-193742\"><img loading=\"lazy\" decoding=\"async\" class=\"wp-image-193742 size-large\" src=\"https:\/\/pay.lpwstore.com\/wp-content\/uploads\/2020\/07\/MOC-42632-Back-to-the-Future-1985-DeLorean-Time-Machine-byluissaladrigas-MOC-FACTORY-3-1024x576.jpg\" alt=\"-\" width=\"1020\" height=\"574\" title=\"-\"><figcaption id=\"caption-attachment-193742\" class=\"wp-caption-text\">MOC 42632 Zur\u00fcck in die Zukunft 1985 DeLorean Time Machine von luissaladrigas MOC FACTORY<\/figcaption><\/figure>\n<figure id=\"attachment_193743\" class=\"wp-caption alignnone\" style=\"width: 1020px\" aria-describedby=\"caption-attachment-193743\"><img loading=\"lazy\" decoding=\"async\" class=\"wp-image-193743 size-large\" src=\"https:\/\/pay.lpwstore.com\/wp-content\/uploads\/2020\/07\/MOC-42632-Back-to-the-Future-1985-DeLorean-Time-Machine-byluissaladrigas-MOC-FACTORY-4-1024x576.jpg\" alt=\"-\" width=\"1020\" height=\"574\" title=\"-\"><figcaption id=\"caption-attachment-193743\" class=\"wp-caption-text\">MOC 42632 Zur\u00fcck in die Zukunft 1985 DeLorean Time Machine von luissaladrigas MOC FACTORY<\/figcaption><\/figure>\n<figure id=\"attachment_193744\" class=\"wp-caption alignnone\" style=\"width: 1020px\" aria-describedby=\"caption-attachment-193744\"><img loading=\"lazy\" decoding=\"async\" class=\"wp-image-193744 size-large\" src=\"https:\/\/pay.lpwstore.com\/wp-content\/uploads\/2020\/07\/MOC-42632-Back-to-the-Future-1985-DeLorean-Time-Machine-byluissaladrigas-MOC-FACTORY-5-1024x576.jpg\" alt=\"-\" width=\"1020\" height=\"574\" title=\"-\"><figcaption id=\"caption-attachment-193744\" class=\"wp-caption-text\">MOC 42632 Zur\u00fcck in die Zukunft 1985 DeLorean Time Machine von luissaladrigas MOC FACTORY<\/figcaption><\/figure>\n<figure id=\"attachment_193745\" class=\"wp-caption alignnone\" style=\"width: 1020px\" aria-describedby=\"caption-attachment-193745\"><img loading=\"lazy\" decoding=\"async\" class=\"wp-image-193745 size-large\" src=\"https:\/\/pay.lpwstore.com\/wp-content\/uploads\/2020\/07\/MOC-42632-Back-to-the-Future-1985-DeLorean-Time-Machine-byluissaladrigas-MOC-FACTORY-6-1024x576.jpg\" alt=\"-\" width=\"1020\" height=\"574\" title=\"-\"><figcaption id=\"caption-attachment-193745\" class=\"wp-caption-text\">MOC 42632 Zur\u00fcck in die Zukunft 1985 DeLorean Time Machine von luissaladrigas MOC FACTORY<\/figcaption><\/figure>\n<figure id=\"attachment_193746\" class=\"wp-caption alignnone\" style=\"width: 1020px\" aria-describedby=\"caption-attachment-193746\"><img loading=\"lazy\" decoding=\"async\" class=\"wp-image-193746 size-large\" src=\"https:\/\/pay.lpwstore.com\/wp-content\/uploads\/2020\/07\/MOC-42632-Back-to-the-Future-1985-DeLorean-Time-Machine-byluissaladrigas-MOC-FACTORY-7-1024x576.jpg\" alt=\"-\" width=\"1020\" height=\"574\" title=\"-\"><figcaption id=\"caption-attachment-193746\" class=\"wp-caption-text\">MOC 42632 Zur\u00fcck in die Zukunft 1985 DeLorean Time Machine von luissaladrigas MOC FACTORY<\/figcaption><\/figure>\n<figure id=\"attachment_193747\" class=\"wp-caption alignnone\" style=\"width: 1020px\" aria-describedby=\"caption-attachment-193747\"><img loading=\"lazy\" decoding=\"async\" class=\"wp-image-193747 size-large\" src=\"https:\/\/pay.lpwstore.com\/wp-content\/uploads\/2020\/07\/MOC-42632-Back-to-the-Future-1985-DeLorean-Time-Machine-byluissaladrigas-MOC-FACTORY-8-1024x576.jpg\" alt=\"-\" width=\"1020\" height=\"574\" title=\"-\"><figcaption id=\"caption-attachment-193747\" class=\"wp-caption-text\">MOC 42632 Zur\u00fcck in die Zukunft 1985 DeLorean Time Machine von luissaladrigas MOC FACTORY<\/figcaption><\/figure>\n<figure id=\"attachment_193749\" class=\"wp-caption alignnone\" style=\"width: 1020px\" aria-describedby=\"caption-attachment-193749\"><img loading=\"lazy\" decoding=\"async\" class=\"wp-image-193749 size-large\" src=\"https:\/\/pay.lpwstore.com\/wp-content\/uploads\/2020\/07\/MOC-42632-Back-to-the-Future-1985-DeLorean-Time-Machine-byluissaladrigas-MOC-FACTORY-10-1024x576.jpg\" alt=\"-\" width=\"1020\" height=\"574\" title=\"-\"><figcaption id=\"caption-attachment-193749\" class=\"wp-caption-text\">MOC 42632 Zur\u00fcck in die Zukunft 1985 DeLorean Time Machine von luissaladrigas MOC FACTORY<\/figcaption><\/figure>","protected":false},"excerpt":{"rendered":"<h3><strong>MOC 42632 Zur\u00fcck in die Zukunft 1985 DeLorean Time Machine von luissaladrigas MOC FACTORY<\/strong><\/h3>\n<ul>\n<li>Ziegelmenge:<strong> +2583 <\/strong>Stck<\/li>\n<li><strong><span data-text-color=\"alert\">NO CHROME PART, NO POWER FUNCTION, NO LABEL<\/span>. Some pictures of this MOC are for illustrative purposes only<\/strong><\/li>\n<li>Service: Kostenlose Ersatzteile<\/li>\n<li>Hinweis: Keine Originalverpackung, verwenden Sie einen Luftpolsterbeutel oder eine leere Kartonschachtel.<\/li>\n<\/ul>","protected":false},"featured_media":20979,"comment_status":"open","ping_status":"closed","template":"","meta":{"_acf_changed":false},"product_cat":[15],"product_tag":[],"class_list":["product","first","instock","shipping-taxable","purchasable","product-type-simple"],"acf":[],"_links":{"self":[{"href":"https:\/\/mouldking.store\/de\/wp-json\/wp\/v2\/product\/20991","targetHints":{"allow":["GET"]}}],"collection":[{"href":"https:\/\/mouldking.store\/de\/wp-json\/wp\/v2\/product"}],"about":[{"href":"https:\/\/mouldking.store\/de\/wp-json\/wp\/v2\/types\/product"}],"replies":[{"embeddable":true,"href":"https:\/\/mouldking.store\/de\/wp-json\/wp\/v2\/comments?post=20991"}],"wp:featuredmedia":[{"embeddable":true,"href":"https:\/\/mouldking.store\/de\/wp-json\/wp\/v2\/media\/20979"}],"wp:attachment":[{"href":"https:\/\/mouldking.store\/de\/wp-json\/wp\/v2\/media?parent=20991"}],"wp:term":[{"taxonomy":"product_cat","embeddable":true,"href":"https:\/\/mouldking.store\/de\/wp-json\/wp\/v2\/product_cat?post=20991"},{"taxonomy":"product_tag","embeddable":true,"href":"https:\/\/mouldking.store\/de\/wp-json\/wp\/v2\/product_tag?post=20991"}],"curies":[{"name":"wp","href":"https:\/\/api.w.org\/{rel}","templated":true}]}}