{"id":21043,"date":"2021-10-09T04:59:51","date_gmt":"2021-10-08T21:59:51","guid":{"rendered":"https:\/\/mouldking.store\/shop\/moc-49680-the-five-senses-creator-by-gabizon-mocfactory\/"},"modified":"2025-12-25T09:24:20","modified_gmt":"2025-12-25T02:24:20","slug":"moc-49680-the-five-senses-creator-by-gabizon-mocfactory","status":"publish","type":"product","link":"https:\/\/mouldking.store\/de\/shop\/moc-49680-the-five-senses-creator-by-gabizon-mocfactory\/","title":{"rendered":"MOC-49680 The Five Senses Creator von gabizon MOCFACTORY"},"content":{"rendered":"<p>Die F\u00fcnf erkennt: Das Modell ist ein lehrreiches Modell f\u00fcr Schulen und Organisationen, die eine Botschaft vermitteln und Jugendlichen auf angenehmere Weise zeigen m\u00fcssen.<\/p>\n<p><a href=\"https:\/\/pay.lpwstore.com\/wp-content\/uploads\/2020\/09\/MOC-49680-The-Five-Senses-Creator-by-gabizon-MOCFACTORY.jpg\" target=\"_blank\" rel=\"noopener\"><img fetchpriority=\"high\" decoding=\"async\" class=\"aligncenter wp-image-196106 size-full\" title=\"MOC-49680-The-Five-Senses-Creator-von-gabizon-MOCFACTORY\" src=\"https:\/\/pay.lpwstore.com\/wp-content\/uploads\/2020\/09\/MOC-49680-The-Five-Senses-Creator-by-gabizon-MOCFACTORY.jpg\" alt=\"MOC-49680-The-Five-Senses-Creator-by-gabizon-MOCFACTORY\" width=\"800\" height=\"800\" \/><\/a><\/p>","protected":false},"excerpt":{"rendered":"<ul>\n<li>Enthalten <strong>877+<\/strong> Stck<\/li>\n<li>Online-PDF-Anleitung<\/li>\n<li>Hochwertiger ABS-Block<\/li>\n<\/ul>","protected":false},"featured_media":21042,"comment_status":"open","ping_status":"closed","template":"","meta":{"_acf_changed":false},"product_cat":[371],"product_tag":[],"class_list":["product","first","instock","shipping-taxable","purchasable","product-type-simple"],"acf":[],"_links":{"self":[{"href":"https:\/\/mouldking.store\/de\/wp-json\/wp\/v2\/product\/21043","targetHints":{"allow":["GET"]}}],"collection":[{"href":"https:\/\/mouldking.store\/de\/wp-json\/wp\/v2\/product"}],"about":[{"href":"https:\/\/mouldking.store\/de\/wp-json\/wp\/v2\/types\/product"}],"replies":[{"embeddable":true,"href":"https:\/\/mouldking.store\/de\/wp-json\/wp\/v2\/comments?post=21043"}],"wp:featuredmedia":[{"embeddable":true,"href":"https:\/\/mouldking.store\/de\/wp-json\/wp\/v2\/media\/21042"}],"wp:attachment":[{"href":"https:\/\/mouldking.store\/de\/wp-json\/wp\/v2\/media?parent=21043"}],"wp:term":[{"taxonomy":"product_cat","embeddable":true,"href":"https:\/\/mouldking.store\/de\/wp-json\/wp\/v2\/product_cat?post=21043"},{"taxonomy":"product_tag","embeddable":true,"href":"https:\/\/mouldking.store\/de\/wp-json\/wp\/v2\/product_tag?post=21043"}],"curies":[{"name":"wp","href":"https:\/\/api.w.org\/{rel}","templated":true}]}}