{"id":21070,"date":"2021-10-09T05:00:36","date_gmt":"2021-10-09T05:00:36","guid":{"rendered":"https:\/\/mouldking.store\/shop\/moc-35846-black-interceptor-mad-max-movie-super-car-by-nikolayfx-mocfactory\/"},"modified":"2025-12-25T09:24:20","modified_gmt":"2025-12-25T02:24:20","slug":"moc-35846-black-interceptor-mad-max-movie-super-car-by-nikolayfx-mocfactory","status":"publish","type":"product","link":"https:\/\/mouldking.store\/de\/shop\/moc-35846-black-interceptor-mad-max-movie-super-car-by-nikolayfx-mocfactory\/","title":{"rendered":"MOC-35846 Schwarzer Interceptor Mad Max Movie Super Car von NikolayFX MOCFACTORY"},"content":{"rendered":"<div style=\"text-align: left\">This Wounded Beast wird in Zusammenarbeit mit Nikolay Gamurar und Mikhail Biktimirov vertrieben.<\/div>\n<div style=\"text-align: center\"><\/div>\n<div style=\"text-align: left\">The Last of the V8 Interceptors, auch \u201eInterest Special\u201c genannt, wird von Maxwell \u201eFrantic Max\u201c Rockatansky zum Ende von Mad Max und f\u00fcr die Haupth\u00e4lfte von Mad Max 2: The Road Warrior gefahren. Es h\u00e4ngt von einem in Australien hergestellten Ford Falcon XB GT Hardtop von 1973 ab, der von der Main Force Patrol intensiv angepasst wurde, um sich in einen Polizeiabfangj\u00e4ger zu verwandeln.<\/div>\n<div><img fetchpriority=\"high\" decoding=\"async\" class=\"alignnone size-full wp-image-196253 aligncenter\" src=\"https:\/\/pay.lpwstore.com\/wp-content\/uploads\/2020\/09\/2020-New-Black-Interceptor-RC-Muscle-Car-Supercar-MOC-35846-Technic-Model-blocks-Building-Blocks-Bricks-2.jpg\" alt=\"-\" width=\"800\" height=\"800\" title=\"-\"> <img decoding=\"async\" class=\"alignnone size-full wp-image-196254 aligncenter\" src=\"https:\/\/pay.lpwstore.com\/wp-content\/uploads\/2020\/09\/2020-New-Black-Interceptor-RC-Muscle-Car-Supercar-MOC-35846-Technic-Model-blocks-Building-Blocks-Bricks-3.jpg\" alt=\"-\" width=\"800\" height=\"800\" title=\"-\"> <img decoding=\"async\" class=\"alignnone size-full wp-image-196255 aligncenter\" src=\"https:\/\/pay.lpwstore.com\/wp-content\/uploads\/2020\/09\/2020-New-Black-Interceptor-RC-Muscle-Car-Supercar-MOC-35846-Technic-Model-blocks-Building-Blocks-Bricks-4.jpg\" alt=\"-\" width=\"800\" height=\"800\" title=\"-\"> <img loading=\"lazy\" decoding=\"async\" class=\"alignnone size-full wp-image-196256 aligncenter\" src=\"https:\/\/pay.lpwstore.com\/wp-content\/uploads\/2020\/09\/2020-New-Black-Interceptor-RC-Muscle-Car-Supercar-MOC-35846-Technic-Model-blocks-Building-Blocks-Bricks-5.jpg\" alt=\"-\" width=\"800\" height=\"800\" title=\"-\"> <img loading=\"lazy\" decoding=\"async\" class=\"alignnone size-full wp-image-196252 aligncenter\" src=\"https:\/\/pay.lpwstore.com\/wp-content\/uploads\/2020\/09\/2020-New-Black-Interceptor-RC-Muscle-Car-Supercar-MOC-35846-Technic-Model-blocks-Building-Blocks-Bricks-1.jpg\" alt=\"-\" width=\"800\" height=\"800\" title=\"-\"><\/div>","protected":false},"excerpt":{"rendered":"<ul>\n<li>Enthalten <strong>1510+<\/strong> Stck<\/li>\n<li>Online-PDF-Anleitung<\/li>\n<li>Hochwertiger ABS-Block<\/li>\n<li>Mit Motor<\/li>\n<\/ul>","protected":false},"featured_media":21064,"comment_status":"open","ping_status":"closed","template":"","meta":{"_acf_changed":false},"product_cat":[581],"product_tag":[],"class_list":["product","first","instock","shipping-taxable","purchasable","product-type-simple"],"acf":[],"_links":{"self":[{"href":"https:\/\/mouldking.store\/de\/wp-json\/wp\/v2\/product\/21070","targetHints":{"allow":["GET"]}}],"collection":[{"href":"https:\/\/mouldking.store\/de\/wp-json\/wp\/v2\/product"}],"about":[{"href":"https:\/\/mouldking.store\/de\/wp-json\/wp\/v2\/types\/product"}],"replies":[{"embeddable":true,"href":"https:\/\/mouldking.store\/de\/wp-json\/wp\/v2\/comments?post=21070"}],"wp:featuredmedia":[{"embeddable":true,"href":"https:\/\/mouldking.store\/de\/wp-json\/wp\/v2\/media\/21064"}],"wp:attachment":[{"href":"https:\/\/mouldking.store\/de\/wp-json\/wp\/v2\/media?parent=21070"}],"wp:term":[{"taxonomy":"product_cat","embeddable":true,"href":"https:\/\/mouldking.store\/de\/wp-json\/wp\/v2\/product_cat?post=21070"},{"taxonomy":"product_tag","embeddable":true,"href":"https:\/\/mouldking.store\/de\/wp-json\/wp\/v2\/product_tag?post=21070"}],"curies":[{"name":"wp","href":"https:\/\/api.w.org\/{rel}","templated":true}]}}