{"id":21128,"date":"2021-10-09T05:01:53","date_gmt":"2021-10-08T22:01:53","guid":{"rendered":"https:\/\/mouldking.store\/shop\/moc-45566-venator-class-republic-attack-cruiser-star-wars-by-red5-leader-mocfactory\/"},"modified":"2025-12-25T09:24:19","modified_gmt":"2025-12-25T02:24:19","slug":"moc-45566-venator-class-republic-attack-cruiser-star-wars-by-red5-leader-mocfactory","status":"publish","type":"product","link":"https:\/\/mouldking.store\/de\/shop\/moc-45566-venator-class-republic-attack-cruiser-star-wars-by-red5-leader-mocfactory\/","title":{"rendered":"MOC-45566 Republik-Angriffskreuzer der Venator-Klasse Star Wars von Red5-Leader MOCFACTORY"},"content":{"rendered":"<div style=\"text-align: left\">Die Venator-Eigenschaften sind die gro\u00dfen Motoren, die Doppelger\u00fcste und der \u00dcberhang unter dem Boot. Denken Sie an die Seitenverkleidung des Bootes. Dies verleiht ihm viel mehr Oberfl\u00e4che und macht es angenehmer anzusehen.<\/div>\n<div style=\"text-align: left\"><\/div>\n<div style=\"text-align: left\">Es tr\u00e4gt auch dazu bei, das Gr\u00f6\u00dfengef\u00fchl des Bootes zu verst\u00e4rken, wenn es richtig gemacht wird. Stellen Sie sicher, dass die rote Linie am Bug des Bootes einen Hauch der Keilform des echten Modells hat. F\u00fcgen Sie einen St\u00e4nder hinzu, der dezent im Design ist und seinen Zweck erf\u00fcllt. Es ist alles andere als schwierig, das Boot zu entfernen, um es in der Hand halten zu k\u00f6nnen, sodass Sie alle Punkte besser im Auge behalten k\u00f6nnen.<\/div>\n<div><a href=\"https:\/\/pay.lpwstore.com\/wp-content\/uploads\/2020\/10\/MOC-45566-Venator-Class-Republic-attack-cruiser-Star-Wars-by-Red5-Leader-MOCFACTORY.jpg\" target=\"_blank\" rel=\"noopener\"><img fetchpriority=\"high\" decoding=\"async\" class=\"aligncenter wp-image-196462 size-full\" title=\"MOC-45566-Venator-Klasse-Republik-Angriffskreuzer-Star-Wars-von-Red5-Leader-MOCFACTORY\" src=\"https:\/\/pay.lpwstore.com\/wp-content\/uploads\/2020\/10\/MOC-45566-Venator-Class-Republic-attack-cruiser-Star-Wars-by-Red5-Leader-MOCFACTORY.jpg\" alt=\"MOC-45566-Venator-Class-Republic-attack-cruiser-Star-Wars-by-Red5-Leader-MOCFACTORY\" width=\"800\" height=\"800\" \/><\/a> <img decoding=\"async\" class=\"alignnone size-full wp-image-196463 aligncenter\" src=\"https:\/\/pay.lpwstore.com\/wp-content\/uploads\/2020\/10\/MOC-45566-Venator-Class-Republic-attack-cruiser-Star-Wars-by-Red5-Leader-MOCFACTORY-2.jpg\" alt=\"MOC-45566-Venator-Class-Republic-attack-cruiser-Star-Wars-by-Red5-Leader-MOCFACTORY-2\" width=\"800\" height=\"800\" title=\"-\"> <img decoding=\"async\" class=\"alignnone size-full wp-image-196464 aligncenter\" src=\"https:\/\/pay.lpwstore.com\/wp-content\/uploads\/2020\/10\/MOC-45566-Venator-Class-Republic-attack-cruiser-Star-Wars-by-Red5-Leader-MOCFACTORY-3.jpg\" alt=\"MOC-45566-Venator-Class-Republic-attack-cruiser-Star-Wars-by-Red5-Leader-MOCFACTORY-3\" width=\"800\" height=\"800\" title=\"-\"> <img loading=\"lazy\" decoding=\"async\" class=\"alignnone size-full wp-image-196465 aligncenter\" src=\"https:\/\/pay.lpwstore.com\/wp-content\/uploads\/2020\/10\/MOC-45566-Venator-Class-Republic-attack-cruiser-Star-Wars-by-Red5-Leader-MOCFACTORY-4.jpg\" alt=\"MOC-45566-Venator-Class-Republic-attack-cruiser-Star-Wars-by-Red5-Leader-MOCFACTORY-4\" width=\"800\" height=\"800\" title=\"-\"> <img loading=\"lazy\" decoding=\"async\" class=\"alignnone size-full wp-image-196466 aligncenter\" src=\"https:\/\/pay.lpwstore.com\/wp-content\/uploads\/2020\/10\/MOC-45566-Venator-Class-Republic-attack-cruiser-Star-Wars-by-Red5-Leader-MOCFACTORY-5.jpg\" alt=\"MOC-45566-Venator-Class-Republic-attack-cruiser-Star-Wars-by-Red5-Leader-MOCFACTORY-5\" width=\"800\" height=\"800\" title=\"-\"><\/div>","protected":false},"excerpt":{"rendered":"<ul>\n<li>Enthalten <strong>908+<\/strong> Stck<\/li>\n<li>Online-PDF-Anleitung<\/li>\n<li>Hochwertiger ABS-Block<\/li>\n<\/ul>","protected":false},"featured_media":21123,"comment_status":"open","ping_status":"closed","template":"","meta":{"_acf_changed":false},"product_cat":[415],"product_tag":[],"class_list":["product","first","instock","shipping-taxable","purchasable","product-type-simple"],"acf":[],"_links":{"self":[{"href":"https:\/\/mouldking.store\/de\/wp-json\/wp\/v2\/product\/21128","targetHints":{"allow":["GET"]}}],"collection":[{"href":"https:\/\/mouldking.store\/de\/wp-json\/wp\/v2\/product"}],"about":[{"href":"https:\/\/mouldking.store\/de\/wp-json\/wp\/v2\/types\/product"}],"replies":[{"embeddable":true,"href":"https:\/\/mouldking.store\/de\/wp-json\/wp\/v2\/comments?post=21128"}],"wp:featuredmedia":[{"embeddable":true,"href":"https:\/\/mouldking.store\/de\/wp-json\/wp\/v2\/media\/21123"}],"wp:attachment":[{"href":"https:\/\/mouldking.store\/de\/wp-json\/wp\/v2\/media?parent=21128"}],"wp:term":[{"taxonomy":"product_cat","embeddable":true,"href":"https:\/\/mouldking.store\/de\/wp-json\/wp\/v2\/product_cat?post=21128"},{"taxonomy":"product_tag","embeddable":true,"href":"https:\/\/mouldking.store\/de\/wp-json\/wp\/v2\/product_tag?post=21128"}],"curies":[{"name":"wp","href":"https:\/\/api.w.org\/{rel}","templated":true}]}}