{"id":22485,"date":"2021-10-10T04:37:53","date_gmt":"2021-10-10T04:37:53","guid":{"rendered":"https:\/\/mouldking.store\/shop\/moc-54812-case-ih-technic-by-m_longer-moc-factory\/"},"modified":"2025-12-25T09:21:17","modified_gmt":"2025-12-25T02:21:17","slug":"moc-54812-case-ih-technic-by-m_longer-moc-factory","status":"publish","type":"product","link":"https:\/\/mouldking.store\/de\/shop\/moc-54812-case-ih-technic-by-m_longer-moc-factory\/","title":{"rendered":"MOC-54812 Case IH Technic by M_longer MOC FACTORY"},"content":{"rendered":"<p>MOC-54812 Case IH Technic by M_longer MOC FACTORY is a set in Technic collection, designed by apenello. This MOC 54812 comes with PDF instruction which is easy to build and find the missing pieces. The set contains 1075 pieces, first released in 2020.<\/p>\n<p><strong>NOTIZ:<\/strong><\/p>\n<ul>\n<li><strong>Die Farbe einzelner Teile entspricht nicht der von Zeichnungsteilen, was die Optik nicht beeintr\u00e4chtigt.<\/strong><\/li>\n<li><strong>Bitte kaufen Sie sorgf\u00e4ltig f\u00fcr diejenigen, die sich keine Sorgen \u00fcber die Genauigkeit und den Farbunterschied von Haushaltsteilen machen.<\/strong><\/li>\n<\/ul>\n<p><a href=\"https:\/\/pay.lpwstore.com\/wp-content\/uploads\/2021\/01\/MOC-54812-Case-IH-Technic-by-M_longer-MOC-FACTORY.jpg\" target=\"_blank\" rel=\"noopener\"><img fetchpriority=\"high\" decoding=\"async\" class=\"alignnone wp-image-200839 size-full\" title=\"MOC-54812-Case-IH-Technic-by-M_longer-MOC-FACTORY\" src=\"https:\/\/pay.lpwstore.com\/wp-content\/uploads\/2021\/01\/MOC-54812-Case-IH-Technic-by-M_longer-MOC-FACTORY.jpg\" alt=\"MOC-54812-Case-IH-Technic-by-M_longer-MOC-FACTORY\" width=\"800\" height=\"800\" \/><\/a> <img decoding=\"async\" class=\"alignnone size-full wp-image-200840\" src=\"https:\/\/pay.lpwstore.com\/wp-content\/uploads\/2021\/01\/MOC-54812-Case-IH-Technic-by-M_longer-MOC-FACTORY-2.jpg\" alt=\"-\" width=\"800\" height=\"800\" title=\"-\"> <img decoding=\"async\" class=\"alignnone size-full wp-image-200841\" src=\"https:\/\/pay.lpwstore.com\/wp-content\/uploads\/2021\/01\/MOC-54812-Case-IH-Technic-by-M_longer-MOC-FACTORY-3.jpg\" alt=\"-\" width=\"800\" height=\"800\" title=\"-\"> <img loading=\"lazy\" decoding=\"async\" class=\"alignnone size-full wp-image-200842\" src=\"https:\/\/pay.lpwstore.com\/wp-content\/uploads\/2021\/01\/MOC-54812-Case-IH-Technic-by-M_longer-MOC-FACTORY-4.jpg\" alt=\"-\" width=\"800\" height=\"800\" title=\"-\"> <img loading=\"lazy\" decoding=\"async\" class=\"alignnone size-full wp-image-200843\" src=\"https:\/\/pay.lpwstore.com\/wp-content\/uploads\/2021\/01\/MOC-54812-Case-IH-Technic-by-M_longer-MOC-FACTORY-5.jpg\" alt=\"-\" width=\"800\" height=\"800\" title=\"-\"><\/p>","protected":false},"excerpt":{"rendered":"<ul>\n<li>Enthalten\u00a0<strong>1075+<\/strong>\u00a0Stck<\/li>\n<li>Online-PDF-Anleitung<\/li>\n<li>Hochwertiger ABS-Block<\/li>\n<li>Kein Motor<\/li>\n<\/ul>","protected":false},"featured_media":22480,"comment_status":"open","ping_status":"closed","template":"","meta":{"_acf_changed":false},"product_cat":[364],"product_tag":[],"class_list":["product","first","outofstock","shipping-taxable","purchasable","product-type-simple"],"acf":[],"_links":{"self":[{"href":"https:\/\/mouldking.store\/de\/wp-json\/wp\/v2\/product\/22485","targetHints":{"allow":["GET"]}}],"collection":[{"href":"https:\/\/mouldking.store\/de\/wp-json\/wp\/v2\/product"}],"about":[{"href":"https:\/\/mouldking.store\/de\/wp-json\/wp\/v2\/types\/product"}],"replies":[{"embeddable":true,"href":"https:\/\/mouldking.store\/de\/wp-json\/wp\/v2\/comments?post=22485"}],"wp:featuredmedia":[{"embeddable":true,"href":"https:\/\/mouldking.store\/de\/wp-json\/wp\/v2\/media\/22480"}],"wp:attachment":[{"href":"https:\/\/mouldking.store\/de\/wp-json\/wp\/v2\/media?parent=22485"}],"wp:term":[{"taxonomy":"product_cat","embeddable":true,"href":"https:\/\/mouldking.store\/de\/wp-json\/wp\/v2\/product_cat?post=22485"},{"taxonomy":"product_tag","embeddable":true,"href":"https:\/\/mouldking.store\/de\/wp-json\/wp\/v2\/product_tag?post=22485"}],"curies":[{"name":"wp","href":"https:\/\/api.w.org\/{rel}","templated":true}]}}