{"id":22530,"date":"2021-10-10T04:38:52","date_gmt":"2021-10-09T21:38:52","guid":{"rendered":"https:\/\/mouldking.store\/shop\/moc-33097-desert-palace-for-a-modular-desert-village-modular-building-by-gabizon-moc-factory\/"},"modified":"2025-12-25T09:21:17","modified_gmt":"2025-12-25T02:21:17","slug":"moc-33097-desert-palace-for-a-modular-desert-village-modular-building-by-gabizon-moc-factory","status":"publish","type":"product","link":"https:\/\/mouldking.store\/de\/shop\/moc-33097-desert-palace-for-a-modular-desert-village-modular-building-by-gabizon-moc-factory\/","title":{"rendered":"MOC-33097 W\u00fcstenpalast f\u00fcr ein modulares W\u00fcstendorf Modulares Geb\u00e4ude von gabizon MOC FACTORY"},"content":{"rendered":"<p style=\"text-align: left\">MOC-33097 W\u00fcstenpalast f\u00fcr ein modulares W\u00fcstendorf Modulares Geb\u00e4ude von gabizon MOC FACTORY ist ein Set in der Modular Building-Kollektion, entworfen von gabizon. Dieses MOC 33097 wird mit einer PDF-Anleitung geliefert, die einfach zu bauen ist und die fehlenden Teile findet. Das Set enth\u00e4lt 3132 Teile und wurde erstmals 2021 ver\u00f6ffentlicht.<\/p>\n<p><a href=\"https:\/\/pay.lpwstore.com\/wp-content\/uploads\/2021\/01\/MOC-33097-Desert-Palace-for-a-Modular-Desert-village-Modular-Building-by-gabizon-MOC-FACTORY.jpg\" target=\"_blank\" rel=\"noopener\"><img fetchpriority=\"high\" decoding=\"async\" class=\"aligncenter wp-image-200918 size-full\" title=\"MOC-33097 W\u00fcstenpalast f\u00fcr ein modulares W\u00fcstendorf Modulares Geb\u00e4ude von gabizon MOC FACTORY\" src=\"https:\/\/pay.lpwstore.com\/wp-content\/uploads\/2021\/01\/MOC-33097-Desert-Palace-for-a-Modular-Desert-village-Modular-Building-by-gabizon-MOC-FACTORY.jpg\" alt=\"MOC-33097-Desert-Palace-for-a-Modular-Desert-village-Modular-Building-by-gabizon-MOC-FACTORY\" width=\"800\" height=\"800\" \/><\/a> <img decoding=\"async\" class=\"alignnone size-full wp-image-200919 aligncenter\" src=\"https:\/\/pay.lpwstore.com\/wp-content\/uploads\/2021\/01\/MOC-33097-Desert-Palace-for-a-Modular-Desert-village-Modular-Building-by-gabizon-MOC-FACTORY-2.jpg\" alt=\"-\" width=\"800\" height=\"800\" title=\"-\"> <img decoding=\"async\" class=\"alignnone size-full wp-image-200920 aligncenter\" src=\"https:\/\/pay.lpwstore.com\/wp-content\/uploads\/2021\/01\/MOC-33097-Desert-Palace-for-a-Modular-Desert-village-Modular-Building-by-gabizon-MOC-FACTORY-3.jpg\" alt=\"-\" width=\"800\" height=\"800\" title=\"-\"><\/p>","protected":false},"excerpt":{"rendered":"<ul>\n<li>Enthalten\u00a0<strong>3132+<\/strong>\u00a0Stck<\/li>\n<li>Online-PDF-Anleitung<\/li>\n<li>Hochwertiger ABS-Block<\/li>\n<\/ul>","protected":false},"featured_media":22527,"comment_status":"open","ping_status":"closed","template":"","meta":{"_acf_changed":false},"product_cat":[390],"product_tag":[],"class_list":["product","first","instock","shipping-taxable","purchasable","product-type-simple"],"acf":[],"_links":{"self":[{"href":"https:\/\/mouldking.store\/de\/wp-json\/wp\/v2\/product\/22530","targetHints":{"allow":["GET"]}}],"collection":[{"href":"https:\/\/mouldking.store\/de\/wp-json\/wp\/v2\/product"}],"about":[{"href":"https:\/\/mouldking.store\/de\/wp-json\/wp\/v2\/types\/product"}],"replies":[{"embeddable":true,"href":"https:\/\/mouldking.store\/de\/wp-json\/wp\/v2\/comments?post=22530"}],"wp:featuredmedia":[{"embeddable":true,"href":"https:\/\/mouldking.store\/de\/wp-json\/wp\/v2\/media\/22527"}],"wp:attachment":[{"href":"https:\/\/mouldking.store\/de\/wp-json\/wp\/v2\/media?parent=22530"}],"wp:term":[{"taxonomy":"product_cat","embeddable":true,"href":"https:\/\/mouldking.store\/de\/wp-json\/wp\/v2\/product_cat?post=22530"},{"taxonomy":"product_tag","embeddable":true,"href":"https:\/\/mouldking.store\/de\/wp-json\/wp\/v2\/product_tag?post=22530"}],"curies":[{"name":"wp","href":"https:\/\/api.w.org\/{rel}","templated":true}]}}