{"id":23096,"date":"2021-10-10T04:50:13","date_gmt":"2021-10-10T04:50:13","guid":{"rendered":"https:\/\/mouldking.store\/shop\/moc-38943-demogorgon-movie-by-aaron-newman-moc-factory\/"},"modified":"2025-12-25T09:20:55","modified_gmt":"2025-12-25T02:20:55","slug":"moc-38943-demogorgon-movie-by-aaron-newman-moc-factory","status":"publish","type":"product","link":"https:\/\/mouldking.store\/de\/shop\/moc-38943-demogorgon-movie-by-aaron-newman-moc-factory\/","title":{"rendered":"MOC-38943 Demogorgon Film von Aaron Newman MOC FACTORY"},"content":{"rendered":"<p><b>Der Demogorgon<\/b>, auch bekannt als\u00a0<b>das Monster<\/b>, war der Hauptantagonist der ersten Staffel von\u00a0<i>Fremde Dinge<\/i>, neben Martin Brenner. Das Monster hatte die F\u00e4higkeit, aus einer Laune heraus zwischen den Dimensionen zu reisen und tempor\u00e4re Portale im Gewebe der Realit\u00e4t zu erschaffen.<\/p>\n<p style=\"text-align: left;\">MOC-38943 Demogorgon Film von Aaron Newman MOC FACTORY ist ein Set in der Filmsammlung, das von Aaron Newman entworfen wurde. Dieses MOC 38943 wird mit einer PDF-Anleitung geliefert, die einfach zu bauen ist und die fehlenden Teile findet. Das Set enth\u00e4lt 350 Teile und wurde erstmals 2021 ver\u00f6ffentlicht.<\/p>\n<p><img fetchpriority=\"high\" decoding=\"async\" class=\"alignnone size-medium wp-image-23090\" src=\"https:\/\/mouldking.store\/wp-content\/uploads\/2021\/10\/MOC-38943-Demogorgon-Movie-by-aaron-newman-MOC-FACTORY-300x300.jpg\" alt=\"-\" width=\"300\" height=\"300\" title=\"-\" srcset=\"https:\/\/mouldking.store\/wp-content\/uploads\/2021\/10\/MOC-38943-Demogorgon-Movie-by-aaron-newman-MOC-FACTORY-300x300.jpg 300w, https:\/\/mouldking.store\/wp-content\/uploads\/2021\/10\/MOC-38943-Demogorgon-Movie-by-aaron-newman-MOC-FACTORY-768x768.jpg 768w, https:\/\/mouldking.store\/wp-content\/uploads\/2021\/10\/MOC-38943-Demogorgon-Movie-by-aaron-newman-MOC-FACTORY-600x600.jpg 600w, https:\/\/mouldking.store\/wp-content\/uploads\/2021\/10\/MOC-38943-Demogorgon-Movie-by-aaron-newman-MOC-FACTORY-150x150.jpg 150w, https:\/\/mouldking.store\/wp-content\/uploads\/2021\/10\/MOC-38943-Demogorgon-Movie-by-aaron-newman-MOC-FACTORY.jpg 800w\" sizes=\"(max-width: 300px) 100vw, 300px\" \/> <img decoding=\"async\" class=\"alignnone size-medium wp-image-23091\" src=\"https:\/\/mouldking.store\/wp-content\/uploads\/2021\/10\/MOC-38943-Demogorgon-Movie-by-aaron-newman-MOC-FACTORY-2-300x300.jpg\" alt=\"-\" width=\"300\" height=\"300\" title=\"-\" srcset=\"https:\/\/mouldking.store\/wp-content\/uploads\/2021\/10\/MOC-38943-Demogorgon-Movie-by-aaron-newman-MOC-FACTORY-2-300x300.jpg 300w, https:\/\/mouldking.store\/wp-content\/uploads\/2021\/10\/MOC-38943-Demogorgon-Movie-by-aaron-newman-MOC-FACTORY-2-768x768.jpg 768w, https:\/\/mouldking.store\/wp-content\/uploads\/2021\/10\/MOC-38943-Demogorgon-Movie-by-aaron-newman-MOC-FACTORY-2-600x600.jpg 600w, https:\/\/mouldking.store\/wp-content\/uploads\/2021\/10\/MOC-38943-Demogorgon-Movie-by-aaron-newman-MOC-FACTORY-2-150x150.jpg 150w, https:\/\/mouldking.store\/wp-content\/uploads\/2021\/10\/MOC-38943-Demogorgon-Movie-by-aaron-newman-MOC-FACTORY-2.jpg 800w\" sizes=\"(max-width: 300px) 100vw, 300px\" \/> <img decoding=\"async\" class=\"alignnone size-medium wp-image-23092\" src=\"https:\/\/mouldking.store\/wp-content\/uploads\/2021\/10\/MOC-38943-Demogorgon-Movie-by-aaron-newman-MOC-FACTORY-3-300x300.jpg\" alt=\"-\" width=\"300\" height=\"300\" title=\"-\" srcset=\"https:\/\/mouldking.store\/wp-content\/uploads\/2021\/10\/MOC-38943-Demogorgon-Movie-by-aaron-newman-MOC-FACTORY-3-300x300.jpg 300w, https:\/\/mouldking.store\/wp-content\/uploads\/2021\/10\/MOC-38943-Demogorgon-Movie-by-aaron-newman-MOC-FACTORY-3-768x768.jpg 768w, https:\/\/mouldking.store\/wp-content\/uploads\/2021\/10\/MOC-38943-Demogorgon-Movie-by-aaron-newman-MOC-FACTORY-3-600x600.jpg 600w, https:\/\/mouldking.store\/wp-content\/uploads\/2021\/10\/MOC-38943-Demogorgon-Movie-by-aaron-newman-MOC-FACTORY-3-150x150.jpg 150w, https:\/\/mouldking.store\/wp-content\/uploads\/2021\/10\/MOC-38943-Demogorgon-Movie-by-aaron-newman-MOC-FACTORY-3.jpg 800w\" sizes=\"(max-width: 300px) 100vw, 300px\" \/> <img loading=\"lazy\" decoding=\"async\" class=\"alignnone size-medium wp-image-23093\" src=\"https:\/\/mouldking.store\/wp-content\/uploads\/2021\/10\/MOC-38943-Demogorgon-Movie-by-aaron-newman-MOC-FACTORY-4-300x300.jpg\" alt=\"-\" width=\"300\" height=\"300\" title=\"-\" srcset=\"https:\/\/mouldking.store\/wp-content\/uploads\/2021\/10\/MOC-38943-Demogorgon-Movie-by-aaron-newman-MOC-FACTORY-4-300x300.jpg 300w, https:\/\/mouldking.store\/wp-content\/uploads\/2021\/10\/MOC-38943-Demogorgon-Movie-by-aaron-newman-MOC-FACTORY-4-768x768.jpg 768w, https:\/\/mouldking.store\/wp-content\/uploads\/2021\/10\/MOC-38943-Demogorgon-Movie-by-aaron-newman-MOC-FACTORY-4-600x600.jpg 600w, https:\/\/mouldking.store\/wp-content\/uploads\/2021\/10\/MOC-38943-Demogorgon-Movie-by-aaron-newman-MOC-FACTORY-4-150x150.jpg 150w, https:\/\/mouldking.store\/wp-content\/uploads\/2021\/10\/MOC-38943-Demogorgon-Movie-by-aaron-newman-MOC-FACTORY-4.jpg 800w\" sizes=\"(max-width: 300px) 100vw, 300px\" \/> <img loading=\"lazy\" decoding=\"async\" class=\"alignnone size-medium wp-image-23094\" src=\"https:\/\/mouldking.store\/wp-content\/uploads\/2021\/10\/MOC-38943-Demogorgon-Movie-by-aaron-newman-MOC-FACTORY-5-300x300.jpg\" alt=\"-\" width=\"300\" height=\"300\" title=\"-\" srcset=\"https:\/\/mouldking.store\/wp-content\/uploads\/2021\/10\/MOC-38943-Demogorgon-Movie-by-aaron-newman-MOC-FACTORY-5-300x300.jpg 300w, https:\/\/mouldking.store\/wp-content\/uploads\/2021\/10\/MOC-38943-Demogorgon-Movie-by-aaron-newman-MOC-FACTORY-5-768x768.jpg 768w, https:\/\/mouldking.store\/wp-content\/uploads\/2021\/10\/MOC-38943-Demogorgon-Movie-by-aaron-newman-MOC-FACTORY-5-600x600.jpg 600w, https:\/\/mouldking.store\/wp-content\/uploads\/2021\/10\/MOC-38943-Demogorgon-Movie-by-aaron-newman-MOC-FACTORY-5-150x150.jpg 150w, https:\/\/mouldking.store\/wp-content\/uploads\/2021\/10\/MOC-38943-Demogorgon-Movie-by-aaron-newman-MOC-FACTORY-5.jpg 800w\" sizes=\"(max-width: 300px) 100vw, 300px\" \/> <img loading=\"lazy\" decoding=\"async\" class=\"alignnone size-medium wp-image-23095\" src=\"https:\/\/mouldking.store\/wp-content\/uploads\/2021\/10\/MOC-38943-Demogorgon-Movie-by-aaron-newman-MOC-FACTORY-6-300x300.jpg\" alt=\"-\" width=\"300\" height=\"300\" title=\"-\" srcset=\"https:\/\/mouldking.store\/wp-content\/uploads\/2021\/10\/MOC-38943-Demogorgon-Movie-by-aaron-newman-MOC-FACTORY-6-300x300.jpg 300w, https:\/\/mouldking.store\/wp-content\/uploads\/2021\/10\/MOC-38943-Demogorgon-Movie-by-aaron-newman-MOC-FACTORY-6-768x768.jpg 768w, https:\/\/mouldking.store\/wp-content\/uploads\/2021\/10\/MOC-38943-Demogorgon-Movie-by-aaron-newman-MOC-FACTORY-6-600x600.jpg 600w, https:\/\/mouldking.store\/wp-content\/uploads\/2021\/10\/MOC-38943-Demogorgon-Movie-by-aaron-newman-MOC-FACTORY-6-150x150.jpg 150w, https:\/\/mouldking.store\/wp-content\/uploads\/2021\/10\/MOC-38943-Demogorgon-Movie-by-aaron-newman-MOC-FACTORY-6.jpg 800w\" sizes=\"(max-width: 300px) 100vw, 300px\" \/><\/p>","protected":false},"excerpt":{"rendered":"<ul>\n<li>Enthalten\u00a0<strong>350+<\/strong>\u00a0Stck<\/li>\n<li>Online-PDF-Anleitung<\/li>\n<li>Hochwertiger ABS-Block<\/li>\n<li>Ma\u00dfe: 20 x 10 x 26 cm<\/li>\n<\/ul>","protected":false},"featured_media":23090,"comment_status":"open","ping_status":"closed","template":"","meta":{"_acf_changed":false},"product_cat":[581],"product_tag":[],"class_list":["product","first","instock","shipping-taxable","purchasable","product-type-simple"],"acf":[],"_links":{"self":[{"href":"https:\/\/mouldking.store\/de\/wp-json\/wp\/v2\/product\/23096","targetHints":{"allow":["GET"]}}],"collection":[{"href":"https:\/\/mouldking.store\/de\/wp-json\/wp\/v2\/product"}],"about":[{"href":"https:\/\/mouldking.store\/de\/wp-json\/wp\/v2\/types\/product"}],"replies":[{"embeddable":true,"href":"https:\/\/mouldking.store\/de\/wp-json\/wp\/v2\/comments?post=23096"}],"wp:featuredmedia":[{"embeddable":true,"href":"https:\/\/mouldking.store\/de\/wp-json\/wp\/v2\/media\/23090"}],"wp:attachment":[{"href":"https:\/\/mouldking.store\/de\/wp-json\/wp\/v2\/media?parent=23096"}],"wp:term":[{"taxonomy":"product_cat","embeddable":true,"href":"https:\/\/mouldking.store\/de\/wp-json\/wp\/v2\/product_cat?post=23096"},{"taxonomy":"product_tag","embeddable":true,"href":"https:\/\/mouldking.store\/de\/wp-json\/wp\/v2\/product_tag?post=23096"}],"curies":[{"name":"wp","href":"https:\/\/api.w.org\/{rel}","templated":true}]}}