{"id":23705,"date":"2021-10-10T05:01:17","date_gmt":"2021-10-10T05:01:17","guid":{"rendered":"https:\/\/mouldking.store\/shop\/moc-19517-4wd-rc-buggy-technic-by-didumos-moc-factory\/"},"modified":"2025-12-25T09:20:30","modified_gmt":"2025-12-25T02:20:30","slug":"moc-19517-4wd-rc-buggy-technic-by-didumos-moc-factory","status":"publish","type":"product","link":"https:\/\/mouldking.store\/de\/shop\/moc-19517-4wd-rc-buggy-technic-by-didumos-moc-factory\/","title":{"rendered":"MOC-19517 4WD RC Buggy Technic by Didumos MOC FACTORY"},"content":{"rendered":"<p style=\"text-align: left\">MOC-19517 4WD RC Buggy Technic by Didumos MOC FACTORY is a set in Technic collection, designed by Didumos. This MOC 19517 comes with PDF instruction which is easy to build and find the missing pieces. The set contains 1912 pieces, first released in 2021.<\/p>\n<p style=\"text-align: left\"><strong>NOTIZ:<\/strong><\/p>\n<ul style=\"text-align: center\">\n<li style=\"text-align: left\"><strong>Die Farbe einzelner Teile entspricht nicht der von Zeichnungsteilen, was die Optik nicht beeintr\u00e4chtigt.<\/strong><\/li>\n<li style=\"text-align: left\"><strong>Bitte kaufen Sie sorgf\u00e4ltig f\u00fcr diejenigen, die sich keine Sorgen \u00fcber die Genauigkeit und den Farbunterschied von Haushaltsteilen machen.<\/strong><\/li>\n<li style=\"text-align: left\">Zeiteinteilung: 4-8 Wochen<\/li>\n<\/ul>\n<figure id=\"attachment_31003\" aria-describedby=\"caption-attachment-31003\" style=\"width: 800px\" class=\"wp-caption aligncenter\"><img fetchpriority=\"high\" decoding=\"async\" class=\"wp-image-31003 size-full\" src=\"https:\/\/mocfactory.com\/wp-content\/uploads\/2021\/03\/MOC-19517-4WD-RC-Buggy-Technic-by-Didumos-MOC-FACTORY.jpg\" alt=\"MOC-19517  Technic 4WD RC Buggy Designer  Didumos MOC FACTORY\" width=\"800\" height=\"800\" title=\"-\"><figcaption id=\"caption-attachment-31003\" class=\"wp-caption-text\">MOC-19517 Technic 4WD RC Buggy Designer Didumos MOC FACTORY<\/figcaption><\/figure>\n<figure id=\"attachment_31002\" aria-describedby=\"caption-attachment-31002\" style=\"width: 800px\" class=\"wp-caption aligncenter\"><img decoding=\"async\" class=\"wp-image-31002 size-full\" src=\"https:\/\/mocfactory.com\/wp-content\/uploads\/2021\/03\/MOC-19517-4WD-RC-Buggy-Technic-by-Didumos-MOC-FACTORY-2.jpg\" alt=\"MOC-19517  Technic 4WD RC Buggy Designer  Didumos MOC FACTORY\" width=\"800\" height=\"800\" title=\"-\"><figcaption id=\"caption-attachment-31002\" class=\"wp-caption-text\">MOC-19517 Technic 4WD RC Buggy Designer Didumos MOC FACTORY<\/figcaption><\/figure>\n<figure id=\"attachment_31001\" aria-describedby=\"caption-attachment-31001\" style=\"width: 800px\" class=\"wp-caption aligncenter\"><img decoding=\"async\" class=\"wp-image-31001 size-full\" src=\"https:\/\/mocfactory.com\/wp-content\/uploads\/2021\/03\/MOC-19517-4WD-RC-Buggy-Technic-by-Didumos-MOC-FACTORY-3.jpg\" alt=\"MOC-19517  Technic 4WD RC Buggy Designer  Didumos MOC FACTORY\" width=\"800\" height=\"800\" title=\"-\"><figcaption id=\"caption-attachment-31001\" class=\"wp-caption-text\">MOC-19517 Technic 4WD RC Buggy Designer Didumos MOC FACTORY<\/figcaption><\/figure>\n<figure id=\"attachment_31000\" aria-describedby=\"caption-attachment-31000\" style=\"width: 800px\" class=\"wp-caption aligncenter\"><img loading=\"lazy\" decoding=\"async\" class=\"wp-image-31000 size-full\" src=\"https:\/\/mocfactory.com\/wp-content\/uploads\/2021\/03\/MOC-19517-4WD-RC-Buggy-Technic-by-Didumos-MOC-FACTORY-4.jpg\" alt=\"MOC-19517  Technic 4WD RC Buggy Designer  Didumos MOC FACTORY\" width=\"800\" height=\"800\" title=\"-\"><figcaption id=\"caption-attachment-31000\" class=\"wp-caption-text\">MOC-19517 Technic 4WD RC Buggy Designer Didumos MOC FACTORY<\/figcaption><\/figure>\n<figure id=\"attachment_30999\" aria-describedby=\"caption-attachment-30999\" style=\"width: 800px\" class=\"wp-caption aligncenter\"><img loading=\"lazy\" decoding=\"async\" class=\"wp-image-30999 size-full\" src=\"https:\/\/mocfactory.com\/wp-content\/uploads\/2021\/03\/MOC-19517-4WD-RC-Buggy-Technic-by-Didumos-MOC-FACTORY-5.jpg\" alt=\"MOC-19517  Technic 4WD RC Buggy Designer  Didumos MOC FACTORY\" width=\"800\" height=\"800\" title=\"-\"><figcaption id=\"caption-attachment-30999\" class=\"wp-caption-text\">MOC-19517 Technic 4WD RC Buggy Designer Didumos MOC FACTORY<\/figcaption><\/figure>\n<p>&nbsp;<\/p>","protected":false},"excerpt":{"rendered":"<ul>\n<li>Enthalten\u00a0<strong>1912+<\/strong>\u00a0Stck<\/li>\n<li>Online-PDF-Anleitung<\/li>\n<li>Hochwertiger ABS-Block<\/li>\n<li>Mit Motor<\/li>\n<\/ul>","protected":false},"featured_media":23700,"comment_status":"open","ping_status":"closed","template":"","meta":{"_acf_changed":false},"product_cat":[364],"product_tag":[],"class_list":["product","first","outofstock","shipping-taxable","purchasable","product-type-simple"],"acf":[],"_links":{"self":[{"href":"https:\/\/mouldking.store\/de\/wp-json\/wp\/v2\/product\/23705","targetHints":{"allow":["GET"]}}],"collection":[{"href":"https:\/\/mouldking.store\/de\/wp-json\/wp\/v2\/product"}],"about":[{"href":"https:\/\/mouldking.store\/de\/wp-json\/wp\/v2\/types\/product"}],"replies":[{"embeddable":true,"href":"https:\/\/mouldking.store\/de\/wp-json\/wp\/v2\/comments?post=23705"}],"wp:featuredmedia":[{"embeddable":true,"href":"https:\/\/mouldking.store\/de\/wp-json\/wp\/v2\/media\/23700"}],"wp:attachment":[{"href":"https:\/\/mouldking.store\/de\/wp-json\/wp\/v2\/media?parent=23705"}],"wp:term":[{"taxonomy":"product_cat","embeddable":true,"href":"https:\/\/mouldking.store\/de\/wp-json\/wp\/v2\/product_cat?post=23705"},{"taxonomy":"product_tag","embeddable":true,"href":"https:\/\/mouldking.store\/de\/wp-json\/wp\/v2\/product_tag?post=23705"}],"curies":[{"name":"wp","href":"https:\/\/api.w.org\/{rel}","templated":true}]}}