{"id":23791,"date":"2021-10-10T05:03:05","date_gmt":"2021-10-09T22:03:05","guid":{"rendered":"https:\/\/mouldking.store\/shop\/moc-62624-nissan-skyline-r32-gtr-technic-by-gray_gear-moc-factory\/"},"modified":"2025-12-25T09:20:20","modified_gmt":"2025-12-25T02:20:20","slug":"moc-62624-nissan-skyline-r32-gtr-technic-by-gray_gear-moc-factory","status":"publish","type":"product","link":"https:\/\/mouldking.store\/de\/shop\/moc-62624-nissan-skyline-r32-gtr-technic-by-gray_gear-moc-factory\/","title":{"rendered":"MOC-62624 Nissan Skyline R32 GTR Technik von Gray_Gear MOC FACTORY"},"content":{"rendered":"<p style=\"text-align: left\">MOC-62624 Nissan Skyline R32 GTR Technic von Gray_Gear MOC FACTORY ist ein Set in der Technic-Kollektion, entworfen von Gray_Gear. Dieses MOC 62624 wird mit einer PDF-Anleitung geliefert, die einfach zu bauen und die fehlenden Teile zu finden ist. Das Set enth\u00e4lt 3634 Teile und wurde erstmals 2021 ver\u00f6ffentlicht.<\/p>\n<p><strong>NOTIZ:<\/strong><\/p>\n<ul>\n<li><strong>Die Farbe einzelner Teile entspricht nicht der von Zeichnungsteilen, was die Optik nicht beeintr\u00e4chtigt.<\/strong><\/li>\n<li><strong>Bitte kaufen Sie sorgf\u00e4ltig f\u00fcr diejenigen, die sich keine Sorgen \u00fcber die Genauigkeit und den Farbunterschied von Haushaltsteilen machen.<\/strong><\/li>\n<\/ul>\n<figure id=\"attachment_204818\" aria-describedby=\"caption-attachment-204818\" style=\"width: 800px\" class=\"wp-caption aligncenter\"><a href=\"https:\/\/pay.lpwstore.com\/wp-content\/uploads\/2021\/04\/MOC-62624-Nissan-Skyline-R32-GTR-Technic-by-Gray_Gear-MOC-FACTORY.jpg\" target=\"_blank\" rel=\"noopener\"><img fetchpriority=\"high\" decoding=\"async\" class=\"wp-image-204818 size-full\" title=\"MOC-62624 Nissan Skyline R32 GTR Technik von Gray_Gear MOC FACTORY\" src=\"https:\/\/pay.lpwstore.com\/wp-content\/uploads\/2021\/04\/MOC-62624-Nissan-Skyline-R32-GTR-Technic-by-Gray_Gear-MOC-FACTORY.jpg\" alt=\"MOC-62624 Nissan Skyline R32 GTR Technic by Gray_Gear MOC FACTORY\" width=\"800\" height=\"800\" \/><\/a><figcaption id=\"caption-attachment-204818\" class=\"wp-caption-text\">MOC-62624 Nissan Skyline R32 GTR Technik von Gray_Gear MOC FACTORY<\/figcaption><\/figure>\n<p><img decoding=\"async\" class=\"alignnone size-full wp-image-204819 aligncenter\" src=\"https:\/\/pay.lpwstore.com\/wp-content\/uploads\/2021\/04\/MOC-62624-Nissan-Skyline-R32-GTR-Technic-by-Gray_Gear-MOC-FACTORY-2.jpg\" alt=\"-\" width=\"800\" height=\"800\" title=\"-\"> <img decoding=\"async\" class=\"alignnone size-full wp-image-204820 aligncenter\" src=\"https:\/\/pay.lpwstore.com\/wp-content\/uploads\/2021\/04\/MOC-62624-Nissan-Skyline-R32-GTR-Technic-by-Gray_Gear-MOC-FACTORY-4.jpg\" alt=\"-\" width=\"800\" height=\"800\" title=\"-\"> <img loading=\"lazy\" decoding=\"async\" class=\"alignnone size-full wp-image-204821 aligncenter\" src=\"https:\/\/pay.lpwstore.com\/wp-content\/uploads\/2021\/04\/MOC-62624-Nissan-Skyline-R32-GTR-Technic-by-Gray_Gear-MOC-FACTORY-5.jpg\" alt=\"-\" width=\"800\" height=\"800\" title=\"-\"><\/p>","protected":false},"excerpt":{"rendered":"<ul>\n<li>Enthalten <strong>3634+<\/strong> Stck<\/li>\n<li>Online-PDF-Anleitung<\/li>\n<li>Hochwertiger ABS-Block<\/li>\n<li>Kein Motor<\/li>\n<\/ul>","protected":false},"featured_media":23787,"comment_status":"open","ping_status":"closed","template":"","meta":{"_acf_changed":false},"product_cat":[1360,364],"product_tag":[],"class_list":["product","first","instock","shipping-taxable","purchasable","product-type-simple"],"acf":[],"_links":{"self":[{"href":"https:\/\/mouldking.store\/de\/wp-json\/wp\/v2\/product\/23791","targetHints":{"allow":["GET"]}}],"collection":[{"href":"https:\/\/mouldking.store\/de\/wp-json\/wp\/v2\/product"}],"about":[{"href":"https:\/\/mouldking.store\/de\/wp-json\/wp\/v2\/types\/product"}],"replies":[{"embeddable":true,"href":"https:\/\/mouldking.store\/de\/wp-json\/wp\/v2\/comments?post=23791"}],"wp:featuredmedia":[{"embeddable":true,"href":"https:\/\/mouldking.store\/de\/wp-json\/wp\/v2\/media\/23787"}],"wp:attachment":[{"href":"https:\/\/mouldking.store\/de\/wp-json\/wp\/v2\/media?parent=23791"}],"wp:term":[{"taxonomy":"product_cat","embeddable":true,"href":"https:\/\/mouldking.store\/de\/wp-json\/wp\/v2\/product_cat?post=23791"},{"taxonomy":"product_tag","embeddable":true,"href":"https:\/\/mouldking.store\/de\/wp-json\/wp\/v2\/product_tag?post=23791"}],"curies":[{"name":"wp","href":"https:\/\/api.w.org\/{rel}","templated":true}]}}