{"id":23900,"date":"2021-10-10T05:05:34","date_gmt":"2021-10-10T05:05:34","guid":{"rendered":"https:\/\/mouldking.store\/shop\/moc-21824-gbc-ball-conveyor-vol-7-creator-by-c3technic-moc-factory\/"},"modified":"2025-12-25T09:20:19","modified_gmt":"2025-12-25T02:20:19","slug":"moc-21824-gbc-ball-conveyor-vol-7-creator-by-c3technic-moc-factory","status":"publish","type":"product","link":"https:\/\/mouldking.store\/de\/shop\/moc-21824-gbc-ball-conveyor-vol-7-creator-by-c3technic-moc-factory\/","title":{"rendered":"MOC-21824 GBC Ball Conveyor Vol 7 Creator von C3technic MOC FACTORY"},"content":{"rendered":"<p style=\"text-align: left\">MOC-21824 GBC Ball Conveyor Vol 7 Creator by C3technic MOC FACTOR is a set in Creator collection, designed by C3technic. This MOC 21824 comes with PDF instruction which is easy to build and find the missing pieces. The set contains 1126 pieces, first released in 2021.<\/p>\n<p style=\"text-align: left\"><strong>NOTIZ:<\/strong><\/p>\n<ul style=\"text-align: center\">\n<li style=\"text-align: left\"><strong>Die Farbe einzelner Teile entspricht nicht der von Zeichnungsteilen, was die Optik nicht beeintr\u00e4chtigt.<\/strong><\/li>\n<li style=\"text-align: left\"><strong>Bitte kaufen Sie sorgf\u00e4ltig f\u00fcr diejenigen, die sich keine Sorgen \u00fcber die Genauigkeit und den Farbunterschied von Haushaltsteilen machen.<\/strong><\/li>\n<\/ul>\n<figure id=\"attachment_205077\" aria-describedby=\"caption-attachment-205077\" style=\"width: 800px\" class=\"wp-caption aligncenter\"><a href=\"https:\/\/pay.lpwstore.com\/wp-content\/uploads\/2021\/04\/MOC-21824-GBC-Ball-Conveyor-Vol-7-Creator-by-C3technic-MOC-FACTOR.jpg\" target=\"_blank\" rel=\"noopener\"><img fetchpriority=\"high\" decoding=\"async\" class=\"wp-image-205077 size-full\" title=\"MOC-21824 GBC Ball Conveyor Vol 7 Creator von C3technic MOC FACTORY\" src=\"https:\/\/pay.lpwstore.com\/wp-content\/uploads\/2021\/04\/MOC-21824-GBC-Ball-Conveyor-Vol-7-Creator-by-C3technic-MOC-FACTOR.jpg\" alt=\"MOC-21824 GBC Ball Conveyor Vol 7 Creator by C3technic MOC FACTORY\" width=\"800\" height=\"800\" \/><\/a><figcaption id=\"caption-attachment-205077\" class=\"wp-caption-text\">MOC-21824 GBC Ball Conveyor Vol 7 Creator von C3technic MOC FACTORY<\/figcaption><\/figure>\n<p><img decoding=\"async\" class=\"alignnone size-full wp-image-205078 aligncenter\" src=\"https:\/\/pay.lpwstore.com\/wp-content\/uploads\/2021\/04\/MOC-21824-GBC-Ball-Conveyor-Vol-7-Creator-by-C3technic-MOC-FACTOR-2.jpg\" alt=\"MOC-21824-GBC-Ball-Conveyor-Vol-7-Creator-by-C3technic-MOC-FACTOR-2\" width=\"800\" height=\"800\" title=\"-\"><\/p>","protected":false},"excerpt":{"rendered":"<ul>\n<li>Enthalten\u00a0<strong>1126+<\/strong>\u00a0Stck<\/li>\n<li>Online-PDF-Anleitung<\/li>\n<li>Hochwertiger ABS-Block<\/li>\n<\/ul>","protected":false},"featured_media":23898,"comment_status":"open","ping_status":"closed","template":"","meta":{"_acf_changed":false},"product_cat":[371],"product_tag":[],"class_list":["product","first","outofstock","shipping-taxable","purchasable","product-type-simple"],"acf":[],"_links":{"self":[{"href":"https:\/\/mouldking.store\/de\/wp-json\/wp\/v2\/product\/23900","targetHints":{"allow":["GET"]}}],"collection":[{"href":"https:\/\/mouldking.store\/de\/wp-json\/wp\/v2\/product"}],"about":[{"href":"https:\/\/mouldking.store\/de\/wp-json\/wp\/v2\/types\/product"}],"replies":[{"embeddable":true,"href":"https:\/\/mouldking.store\/de\/wp-json\/wp\/v2\/comments?post=23900"}],"wp:featuredmedia":[{"embeddable":true,"href":"https:\/\/mouldking.store\/de\/wp-json\/wp\/v2\/media\/23898"}],"wp:attachment":[{"href":"https:\/\/mouldking.store\/de\/wp-json\/wp\/v2\/media?parent=23900"}],"wp:term":[{"taxonomy":"product_cat","embeddable":true,"href":"https:\/\/mouldking.store\/de\/wp-json\/wp\/v2\/product_cat?post=23900"},{"taxonomy":"product_tag","embeddable":true,"href":"https:\/\/mouldking.store\/de\/wp-json\/wp\/v2\/product_tag?post=23900"}],"curies":[{"name":"wp","href":"https:\/\/api.w.org\/{rel}","templated":true}]}}