{"id":24100,"date":"2021-10-10T05:08:26","date_gmt":"2021-10-10T05:08:26","guid":{"rendered":"https:\/\/mouldking.store\/shop\/moc-46913-concrete-mixer-truck-technic-by-desert752-moc-factory\/"},"modified":"2025-12-25T09:20:01","modified_gmt":"2025-12-25T02:20:01","slug":"moc-46913-concrete-mixer-truck-technic-by-desert752-moc-factory","status":"publish","type":"product","link":"https:\/\/mouldking.store\/de\/shop\/moc-46913-concrete-mixer-truck-technic-by-desert752-moc-factory\/","title":{"rendered":"MOC-46913 Betonmischer-LKW-Technik von desert752 MOC FACTORY"},"content":{"rendered":"<p style=\"text-align: left\">MOC-46913 Concrete Mixer Truck Technic by desert752 MOC FACTORY is a set in Technic collection, designed by desert752. This MOC 46913 comes with PDF instruction which is easy to build and find the missing pieces. The set contains 2492 pieces, first released in 2021.<\/p>\n<p style=\"text-align: left\"><strong>NOTIZ:<\/strong><\/p>\n<ul style=\"text-align: center\">\n<li style=\"text-align: left\"><strong>Die Farbe einzelner Teile entspricht nicht der von Zeichnungsteilen, was die Optik nicht beeintr\u00e4chtigt.<\/strong><\/li>\n<li style=\"text-align: left\"><strong>Bitte kaufen Sie sorgf\u00e4ltig f\u00fcr diejenigen, die sich keine Sorgen \u00fcber die Genauigkeit und den Farbunterschied von Haushaltsteilen machen.<\/strong><\/li>\n<li style=\"text-align: left\"><strong>Der Kunde muss m\u00f6glicherweise die zus\u00e4tzliche Zollgeb\u00fchr bezahlen, wenn er die Ware erh\u00e4lt.<\/strong><\/li>\n<\/ul>\n<figure id=\"attachment_205551\" aria-describedby=\"caption-attachment-205551\" style=\"width: 800px\" class=\"wp-caption aligncenter\"><a href=\"https:\/\/pay.lpwstore.com\/wp-content\/uploads\/2021\/04\/MOC-46913-Concrete-Mixer-Truck-Technic-by-desert752-MOC-FACTORY.jpg\" target=\"_blank\" rel=\"noopener\"><img fetchpriority=\"high\" decoding=\"async\" class=\"wp-image-205551 size-full\" title=\"MOC-46913 Betonmischer-LKW-Technik von desert752 MOC FACTORY\" src=\"https:\/\/pay.lpwstore.com\/wp-content\/uploads\/2021\/04\/MOC-46913-Concrete-Mixer-Truck-Technic-by-desert752-MOC-FACTORY.jpg\" alt=\"MOC-46913 Concrete Mixer Truck Technic by desert752 MOC FACTORY\" width=\"800\" height=\"800\" \/><\/a><figcaption id=\"caption-attachment-205551\" class=\"wp-caption-text\">MOC-46913 Betonmischer-LKW-Technik von desert752 MOC FACTORY<\/figcaption><\/figure>\n<p><img decoding=\"async\" class=\"alignnone size-full wp-image-205552 aligncenter\" src=\"https:\/\/pay.lpwstore.com\/wp-content\/uploads\/2021\/04\/MOC-46913-Concrete-Mixer-Truck-Technic-by-desert752-MOC-FACTORY-2.jpg\" alt=\"-\" width=\"800\" height=\"800\" title=\"-\"> <img decoding=\"async\" class=\"alignnone size-full wp-image-205553 aligncenter\" src=\"https:\/\/pay.lpwstore.com\/wp-content\/uploads\/2021\/04\/MOC-46913-Concrete-Mixer-Truck-Technic-by-desert752-MOC-FACTORY-3.jpg\" alt=\"-\" width=\"800\" height=\"800\" title=\"-\"><\/p>","protected":false},"excerpt":{"rendered":"<ul>\n<li>Enthalten\u00a0<strong>2492+<\/strong>\u00a0Stck<\/li>\n<li>Online-PDF-Anleitung<\/li>\n<li>Hochwertiger ABS-Block<\/li>\n<\/ul>","protected":false},"featured_media":24097,"comment_status":"open","ping_status":"closed","template":"","meta":{"_acf_changed":false},"product_cat":[364],"product_tag":[],"class_list":["product","first","outofstock","shipping-taxable","purchasable","product-type-simple"],"acf":[],"_links":{"self":[{"href":"https:\/\/mouldking.store\/de\/wp-json\/wp\/v2\/product\/24100","targetHints":{"allow":["GET"]}}],"collection":[{"href":"https:\/\/mouldking.store\/de\/wp-json\/wp\/v2\/product"}],"about":[{"href":"https:\/\/mouldking.store\/de\/wp-json\/wp\/v2\/types\/product"}],"replies":[{"embeddable":true,"href":"https:\/\/mouldking.store\/de\/wp-json\/wp\/v2\/comments?post=24100"}],"wp:featuredmedia":[{"embeddable":true,"href":"https:\/\/mouldking.store\/de\/wp-json\/wp\/v2\/media\/24097"}],"wp:attachment":[{"href":"https:\/\/mouldking.store\/de\/wp-json\/wp\/v2\/media?parent=24100"}],"wp:term":[{"taxonomy":"product_cat","embeddable":true,"href":"https:\/\/mouldking.store\/de\/wp-json\/wp\/v2\/product_cat?post=24100"},{"taxonomy":"product_tag","embeddable":true,"href":"https:\/\/mouldking.store\/de\/wp-json\/wp\/v2\/product_tag?post=24100"}],"curies":[{"name":"wp","href":"https:\/\/api.w.org\/{rel}","templated":true}]}}