{"id":24111,"date":"2021-10-10T05:08:43","date_gmt":"2021-10-10T05:08:43","guid":{"rendered":"https:\/\/mouldking.store\/shop\/moc-24028-ucs-tie-interceptor-star-wars-by-wheelsspinnin-moc-factory\/"},"modified":"2025-12-25T09:20:01","modified_gmt":"2025-12-25T02:20:01","slug":"moc-24028-ucs-tie-interceptor-star-wars-by-wheelsspinnin-moc-factory","status":"publish","type":"product","link":"https:\/\/mouldking.store\/de\/shop\/moc-24028-ucs-tie-interceptor-star-wars-by-wheelsspinnin-moc-factory\/","title":{"rendered":"MOC-24028 UCS TIE Interceptor Star Wars von wheelsspinnin MOC FACTORY"},"content":{"rendered":"<p>MOC-24028 UCS TIE Interceptor Star Wars by wheelsspinnin MOC FACTORY is a set in Star Wars collection, designed by wheelsspinnin. This MOC 24028 comes with PDF instruction which is easy to build and find the missing pieces. The set contains 1612 pieces, first released in 2021.<\/p>\n<p><strong>NOTIZ:<\/strong><\/p>\n<ul>\n<li><strong>Die Farbe einzelner Teile entspricht nicht der von Zeichnungsteilen, was die Optik nicht beeintr\u00e4chtigt.<\/strong><\/li>\n<li><strong>Bitte kaufen Sie sorgf\u00e4ltig f\u00fcr diejenigen, die sich keine Sorgen \u00fcber die Genauigkeit und den Farbunterschied von Haushaltsteilen machen.<\/strong><\/li>\n<li><strong>Der Kunde muss m\u00f6glicherweise die zus\u00e4tzliche Zollgeb\u00fchr bezahlen, wenn er die Ware erh\u00e4lt.<\/strong><\/li>\n<\/ul>\n<figure id=\"attachment_205566\" aria-describedby=\"caption-attachment-205566\" style=\"width: 800px\" class=\"wp-caption aligncenter\"><a href=\"https:\/\/pay.lpwstore.com\/wp-content\/uploads\/2021\/04\/MOC-24028-UCS-TIE-Interceptor-Star-Wars-by-wheelsspinnin-MOC-FACTORY.jpg\" target=\"_blank\" rel=\"noopener\"><img fetchpriority=\"high\" decoding=\"async\" class=\"wp-image-205566 size-full\" title=\"MOC-24028 UCS TIE Interceptor Star Wars von wheelsspinnin MOC FACTORY\" src=\"https:\/\/pay.lpwstore.com\/wp-content\/uploads\/2021\/04\/MOC-24028-UCS-TIE-Interceptor-Star-Wars-by-wheelsspinnin-MOC-FACTORY.jpg\" alt=\"MOC-24028 UCS TIE Interceptor Star Wars by wheelsspinnin MOC FACTORY\" width=\"800\" height=\"800\" \/><\/a><figcaption id=\"caption-attachment-205566\" class=\"wp-caption-text\">MOC-24028 UCS TIE Interceptor Star Wars von wheelsspinnin MOC FACTORY<\/figcaption><\/figure>","protected":false},"excerpt":{"rendered":"<ul>\n<li>Enthalten\u00a0<strong>1612+<\/strong>\u00a0Stck<\/li>\n<li>Online-PDF-Anleitung<\/li>\n<li>Hochwertiger ABS-Block<\/li>\n<\/ul>","protected":false},"author":83,"featured_media":24110,"comment_status":"open","ping_status":"closed","template":"","meta":{"_acf_changed":false},"product_cat":[415],"product_tag":[],"class_list":["product","first","outofstock","shipping-taxable","purchasable","product-type-simple"],"acf":[],"_links":{"self":[{"href":"https:\/\/mouldking.store\/de\/wp-json\/wp\/v2\/product\/24111","targetHints":{"allow":["GET"]}}],"collection":[{"href":"https:\/\/mouldking.store\/de\/wp-json\/wp\/v2\/product"}],"about":[{"href":"https:\/\/mouldking.store\/de\/wp-json\/wp\/v2\/types\/product"}],"author":[{"embeddable":true,"href":"https:\/\/mouldking.store\/de\/wp-json\/wp\/v2\/users\/83"}],"replies":[{"embeddable":true,"href":"https:\/\/mouldking.store\/de\/wp-json\/wp\/v2\/comments?post=24111"}],"wp:featuredmedia":[{"embeddable":true,"href":"https:\/\/mouldking.store\/de\/wp-json\/wp\/v2\/media\/24110"}],"wp:attachment":[{"href":"https:\/\/mouldking.store\/de\/wp-json\/wp\/v2\/media?parent=24111"}],"wp:term":[{"taxonomy":"product_cat","embeddable":true,"href":"https:\/\/mouldking.store\/de\/wp-json\/wp\/v2\/product_cat?post=24111"},{"taxonomy":"product_tag","embeddable":true,"href":"https:\/\/mouldking.store\/de\/wp-json\/wp\/v2\/product_tag?post=24111"}],"curies":[{"name":"wp","href":"https:\/\/api.w.org\/{rel}","templated":true}]}}