{"id":24182,"date":"2021-10-10T05:09:07","date_gmt":"2021-10-10T05:09:07","guid":{"rendered":"https:\/\/mouldking.store\/shop\/moc-64662-executor-class-super-star-destroyer-star-wars-by-red5-leader-moc-factory\/"},"modified":"2025-12-25T09:19:52","modified_gmt":"2025-12-25T02:19:52","slug":"moc-64662-executor-class-super-star-destroyer-star-wars-by-red5-leader-moc-factory","status":"publish","type":"product","link":"https:\/\/mouldking.store\/de\/shop\/moc-64662-executor-class-super-star-destroyer-star-wars-by-red5-leader-moc-factory\/","title":{"rendered":"MOC-64662 Super-Sternenzerst\u00f6rer der Executor-Klasse Star Wars von Red5-Leader MOC FACTORY"},"content":{"rendered":"<p style=\"text-align: left\">MOC-64662 Executor-Klasse Super-Sternenzerst\u00f6rer Star Wars von Red5-Leader MOC FACTORY ist ein Set der Star Wars-Kollektion, entworfen von Red5-Leader. Dieses MOC 64662 wird mit einer PDF-Anleitung geliefert, die den Bau erleichtert und das Finden der fehlenden Teile erleichtert. Das Set enth\u00e4lt 2131 Teile und wurde 2021 erstmals ver\u00f6ffentlicht.<\/p>\n<p style=\"text-align: left\"><strong>NOTIZ:<\/strong><\/p>\n<ul style=\"text-align: center\">\n<li style=\"text-align: left\"><strong>Die Farbe einzelner Teile entspricht nicht der von Zeichnungsteilen, was die Optik nicht beeintr\u00e4chtigt.<\/strong><\/li>\n<li style=\"text-align: left\"><strong>Bitte kaufen Sie sorgf\u00e4ltig f\u00fcr diejenigen, die sich keine Sorgen \u00fcber die Genauigkeit und den Farbunterschied von Haushaltsteilen machen.<\/strong><\/li>\n<li style=\"text-align: left\"><strong>Der Kunde muss m\u00f6glicherweise die zus\u00e4tzliche Zollgeb\u00fchr bezahlen, wenn er die Ware erh\u00e4lt.<\/strong><\/li>\n<\/ul>\n<figure id=\"attachment_206137\" aria-describedby=\"caption-attachment-206137\" style=\"width: 800px\" class=\"wp-caption aligncenter\"><a href=\"https:\/\/pay.lpwstore.com\/wp-content\/uploads\/2021\/04\/MOC-64662-Executor-Class-Super-Star-Destroyer-Star-Wars-by-Red5-Leader-MOC-FACTORY.jpg\" target=\"_blank\" rel=\"noopener\"><img fetchpriority=\"high\" decoding=\"async\" class=\"wp-image-206137 size-full\" title=\"MOC-64662 Super-Sternenzerst\u00f6rer der Executor-Klasse Star Wars von Red5-Leader MOC FACTORY\" src=\"https:\/\/pay.lpwstore.com\/wp-content\/uploads\/2021\/04\/MOC-64662-Executor-Class-Super-Star-Destroyer-Star-Wars-by-Red5-Leader-MOC-FACTORY.jpg\" alt=\"MOC-64662 Executor-Class Super Star-Destroyer Star Wars by Red5-Leader MOC FACTORY\" width=\"800\" height=\"800\" \/><\/a><figcaption id=\"caption-attachment-206137\" class=\"wp-caption-text\">MOC-64662 Super-Sternenzerst\u00f6rer der Executor-Klasse Star Wars von Red5-Leader MOC FACTORY<\/figcaption><\/figure>\n<p><img decoding=\"async\" class=\"alignnone size-full wp-image-206138 aligncenter\" src=\"https:\/\/pay.lpwstore.com\/wp-content\/uploads\/2021\/04\/MOC-64662-Executor-Class-Super-Star-Destroyer-Star-Wars-by-Red5-Leader-MOC-FACTORY-2.jpg\" alt=\"MOC-64662-Executor-Class-Super-Star-Destroyer-Star-Wars-by-Red5-Leader-MOC-FACTORY-2\" width=\"800\" height=\"800\" title=\"-\"><\/p>","protected":false},"excerpt":{"rendered":"<ul>\n<li>Enthalten <strong>2131+<\/strong> Stck<\/li>\n<li>Online-PDF-Anleitung<\/li>\n<li>Hochwertiger ABS-Block<\/li>\n<\/ul>","protected":false},"featured_media":24180,"comment_status":"open","ping_status":"closed","template":"","meta":{"_acf_changed":false},"product_cat":[415],"product_tag":[],"class_list":["product","first","outofstock","shipping-taxable","purchasable","product-type-simple"],"acf":[],"_links":{"self":[{"href":"https:\/\/mouldking.store\/de\/wp-json\/wp\/v2\/product\/24182","targetHints":{"allow":["GET"]}}],"collection":[{"href":"https:\/\/mouldking.store\/de\/wp-json\/wp\/v2\/product"}],"about":[{"href":"https:\/\/mouldking.store\/de\/wp-json\/wp\/v2\/types\/product"}],"replies":[{"embeddable":true,"href":"https:\/\/mouldking.store\/de\/wp-json\/wp\/v2\/comments?post=24182"}],"wp:featuredmedia":[{"embeddable":true,"href":"https:\/\/mouldking.store\/de\/wp-json\/wp\/v2\/media\/24180"}],"wp:attachment":[{"href":"https:\/\/mouldking.store\/de\/wp-json\/wp\/v2\/media?parent=24182"}],"wp:term":[{"taxonomy":"product_cat","embeddable":true,"href":"https:\/\/mouldking.store\/de\/wp-json\/wp\/v2\/product_cat?post=24182"},{"taxonomy":"product_tag","embeddable":true,"href":"https:\/\/mouldking.store\/de\/wp-json\/wp\/v2\/product_tag?post=24182"}],"curies":[{"name":"wp","href":"https:\/\/api.w.org\/{rel}","templated":true}]}}