{"id":24224,"date":"2021-10-10T05:09:20","date_gmt":"2021-10-10T05:09:20","guid":{"rendered":"https:\/\/mouldking.store\/shop\/moc-factory-19002-travel-picnic-car-fiat-500\/"},"modified":"2025-12-25T09:19:52","modified_gmt":"2025-12-25T02:19:52","slug":"moc-factory-19002-travel-picnic-car-fiat-500","status":"publish","type":"product","link":"https:\/\/mouldking.store\/de\/shop\/moc-factory-19002-travel-picnic-car-fiat-500\/","title":{"rendered":"MOC FACTORY 19002 Reise-Picknick-Auto Fiat 500"},"content":{"rendered":"<p>MOC FACTORY 19002 Reise-Picknick-Auto Fiat 500 geh\u00f6rt zum Bausteinset der fortgeschrittenen Modellreihe, das gesamte Set enth\u00e4lt 960 Bausteinpartikel. Erstmals ver\u00f6ffentlicht im Jahr 2021.<\/p>\n<figure id=\"attachment_206512\" aria-describedby=\"caption-attachment-206512\" style=\"width: 800px\" class=\"wp-caption aligncenter\"><img fetchpriority=\"high\" decoding=\"async\" class=\"size-full wp-image-206512\" title=\"MOC FACTORY 19002 Reise-Picknick-Auto Fiat 500\" src=\"https:\/\/pay.lpwstore.com\/wp-content\/uploads\/2021\/05\/moc-factory-19002-travel-picnic-car-fiat-500-211350.jpg\" alt=\"MOC FACTORY 19002 Travel Picnic Car Fiat 500\" width=\"800\" height=\"800\" \/><figcaption id=\"caption-attachment-206512\" class=\"wp-caption-text\">MOC FACTORY 19002 Reise-Picknick-Auto Fiat 500<\/figcaption><\/figure>\n<figure id=\"attachment_206513\" aria-describedby=\"caption-attachment-206513\" style=\"width: 800px\" class=\"wp-caption aligncenter\"><img decoding=\"async\" class=\"size-full wp-image-206513\" title=\"MOC FACTORY 19002 Reise-Picknick-Auto Fiat 500\" src=\"https:\/\/pay.lpwstore.com\/wp-content\/uploads\/2021\/05\/moc-factory-19002-travel-picnic-car-fiat-500-211352.jpg\" alt=\"MOC FACTORY 19002 Travel Picnic Car Fiat 500\" width=\"800\" height=\"800\" \/><figcaption id=\"caption-attachment-206513\" class=\"wp-caption-text\">MOC FACTORY 19002 Reise-Picknick-Auto Fiat 500<\/figcaption><\/figure>\n<figure id=\"attachment_206514\" aria-describedby=\"caption-attachment-206514\" style=\"width: 800px\" class=\"wp-caption aligncenter\"><img decoding=\"async\" class=\"size-full wp-image-206514\" title=\"MOC FACTORY 19002 Reise-Picknick-Auto Fiat 500\" src=\"https:\/\/pay.lpwstore.com\/wp-content\/uploads\/2021\/05\/moc-factory-19002-travel-picnic-car-fiat-500-211354.jpg\" alt=\"MOC FACTORY 19002 Travel Picnic Car Fiat 500\" width=\"800\" height=\"800\" \/><figcaption id=\"caption-attachment-206514\" class=\"wp-caption-text\">MOC FACTORY 19002 Reise-Picknick-Auto Fiat 500<\/figcaption><\/figure>\n<figure id=\"attachment_206515\" aria-describedby=\"caption-attachment-206515\" style=\"width: 800px\" class=\"wp-caption aligncenter\"><img loading=\"lazy\" decoding=\"async\" class=\"size-full wp-image-206515\" title=\"MOC FACTORY 19002 Reise-Picknick-Auto Fiat 500\" src=\"https:\/\/pay.lpwstore.com\/wp-content\/uploads\/2021\/05\/moc-factory-19002-travel-picnic-car-fiat-500-211356.jpg\" alt=\"MOC FACTORY 19002 Travel Picnic Car Fiat 500\" width=\"800\" height=\"800\" \/><figcaption id=\"caption-attachment-206515\" class=\"wp-caption-text\">MOC FACTORY 19002 Reise-Picknick-Auto Fiat 500<\/figcaption><\/figure>\n<p>&nbsp;<\/p>\n<p>&nbsp;<\/p>\n<p><img loading=\"lazy\" decoding=\"async\" class=\"size-full wp-image-206516\" title=\"MOC FACTORY 19002 Reise-Picknick-Auto Fiat 500\" src=\"https:\/\/pay.lpwstore.com\/wp-content\/uploads\/2021\/05\/moc-factory-19002-travel-picnic-car-fiat-500-211357.jpg\" alt=\"MOC FACTORY 19002 Travel Picnic Car Fiat 500\" width=\"800\" height=\"800\" \/><\/p>\n<p><img loading=\"lazy\" decoding=\"async\" class=\"size-full wp-image-206517 aligncenter\" src=\"https:\/\/pay.lpwstore.com\/wp-content\/uploads\/2021\/05\/MOC-FACTORY-19002-Travel-Picnic-Car-Fiat-500.jpg\" alt=\"MOC-FACTORY-19002-Travel-Picnic-Car-Fiat-500\" width=\"800\" height=\"800\" title=\"-\"><\/p>","protected":false},"excerpt":{"rendered":"<ul>\n<li>Enthalten <strong>1475+<\/strong> Stck<\/li>\n<li>Manuelles Lehrbuch<\/li>\n<li>Hochwertiger ABS-Block<\/li>\n<\/ul>","protected":false},"featured_media":24218,"comment_status":"open","ping_status":"closed","template":"","meta":{"_acf_changed":false},"product_cat":[15],"product_tag":[],"class_list":["product","first","instock","shipping-taxable","purchasable","product-type-simple"],"acf":[],"_links":{"self":[{"href":"https:\/\/mouldking.store\/de\/wp-json\/wp\/v2\/product\/24224","targetHints":{"allow":["GET"]}}],"collection":[{"href":"https:\/\/mouldking.store\/de\/wp-json\/wp\/v2\/product"}],"about":[{"href":"https:\/\/mouldking.store\/de\/wp-json\/wp\/v2\/types\/product"}],"replies":[{"embeddable":true,"href":"https:\/\/mouldking.store\/de\/wp-json\/wp\/v2\/comments?post=24224"}],"wp:featuredmedia":[{"embeddable":true,"href":"https:\/\/mouldking.store\/de\/wp-json\/wp\/v2\/media\/24218"}],"wp:attachment":[{"href":"https:\/\/mouldking.store\/de\/wp-json\/wp\/v2\/media?parent=24224"}],"wp:term":[{"taxonomy":"product_cat","embeddable":true,"href":"https:\/\/mouldking.store\/de\/wp-json\/wp\/v2\/product_cat?post=24224"},{"taxonomy":"product_tag","embeddable":true,"href":"https:\/\/mouldking.store\/de\/wp-json\/wp\/v2\/product_tag?post=24224"}],"curies":[{"name":"wp","href":"https:\/\/api.w.org\/{rel}","templated":true}]}}