{"id":24337,"date":"2021-10-10T05:12:02","date_gmt":"2021-10-10T05:12:02","guid":{"rendered":"https:\/\/mouldking.store\/shop\/moc-90138-shark-warship-space-moc-factory\/"},"modified":"2025-12-25T09:19:50","modified_gmt":"2025-12-25T02:19:50","slug":"moc-90138-shark-warship-space-moc-factory","status":"publish","type":"product","link":"https:\/\/mouldking.store\/de\/shop\/moc-90138-shark-warship-space-moc-factory\/","title":{"rendered":"MOC-90138 Shark Warship Space MOC FACTORY"},"content":{"rendered":"<p style=\"text-align: left\">MOC-90138 Shark Warship Space MOC FACTORY is a set in Space collection. This MOC 90138 comes with PDF instruction which is easy to build and find the missing pieces. The set contains 2100 pieces, first released in 2021.<\/p>\n<p style=\"text-align: left\"><strong>NOTIZ:<\/strong><\/p>\n<ul style=\"text-align: center\">\n<li style=\"text-align: left\"><strong>Die Farbe einzelner Teile entspricht nicht der von Zeichnungsteilen, was die Optik nicht beeintr\u00e4chtigt.<\/strong><\/li>\n<li style=\"text-align: left\"><strong>Bitte kaufen Sie sorgf\u00e4ltig f\u00fcr diejenigen, die sich keine Sorgen \u00fcber die Genauigkeit und den Farbunterschied von Haushaltsteilen machen.<\/strong><\/li>\n<li style=\"text-align: left\"><strong>Der Kunde muss m\u00f6glicherweise die zus\u00e4tzliche Zollgeb\u00fchr bezahlen, wenn er die Ware erh\u00e4lt (abh\u00e4ngig von der Politik des jeweiligen Landes).<\/strong><\/li>\n<\/ul>\n<figure id=\"attachment_206927\" aria-describedby=\"caption-attachment-206927\" style=\"width: 800px\" class=\"wp-caption aligncenter\"><a href=\"https:\/\/pay.lpwstore.com\/wp-content\/uploads\/2021\/05\/MOC-90138-Shark-Warship-Space-MOC-FACTORY.jpg\" target=\"_blank\" rel=\"noopener\"><img fetchpriority=\"high\" decoding=\"async\" class=\"wp-image-206927 size-full\" title=\"MOC-90138 Shark Warship Space MOC FACTORY\" src=\"https:\/\/pay.lpwstore.com\/wp-content\/uploads\/2021\/05\/MOC-90138-Shark-Warship-Space-MOC-FACTORY.jpg\" alt=\"MOC-90138 Shark Warship Space MOC FACTORY\" width=\"800\" height=\"800\" \/><\/a><figcaption id=\"caption-attachment-206927\" class=\"wp-caption-text\">MOC-90138 Shark Warship Space MOC FACTORY<\/figcaption><\/figure>\n<p><img decoding=\"async\" class=\"alignnone size-full wp-image-206928 aligncenter\" src=\"https:\/\/pay.lpwstore.com\/wp-content\/uploads\/2021\/05\/MOC-90138-Shark-Warship-Space-MOC-FACTORY-2.jpg\" alt=\"-\" width=\"800\" height=\"800\" title=\"-\"> <img decoding=\"async\" class=\"alignnone size-full wp-image-206929 aligncenter\" src=\"https:\/\/pay.lpwstore.com\/wp-content\/uploads\/2021\/05\/MOC-90138-Shark-Warship-Space-MOC-FACTORY-3.jpg\" alt=\"-\" width=\"800\" height=\"800\" title=\"-\"> <img loading=\"lazy\" decoding=\"async\" class=\"alignnone size-full wp-image-206930 aligncenter\" src=\"https:\/\/pay.lpwstore.com\/wp-content\/uploads\/2021\/05\/MOC-90138-Shark-Warship-Space-MOC-FACTORY-4.jpg\" alt=\"-\" width=\"800\" height=\"800\" title=\"-\"><\/p>","protected":false},"excerpt":{"rendered":"<ul>\n<li>Enthalten <strong>2100+<\/strong> Stck<\/li>\n<li>PDF-Anleitung<\/li>\n<li>Hochwertiger ABS-Block<\/li>\n<\/ul>","protected":false},"featured_media":24333,"comment_status":"open","ping_status":"closed","template":"","meta":{"_acf_changed":false},"product_cat":[371],"product_tag":[],"class_list":["product","first","outofstock","shipping-taxable","purchasable","product-type-simple"],"acf":[],"_links":{"self":[{"href":"https:\/\/mouldking.store\/de\/wp-json\/wp\/v2\/product\/24337","targetHints":{"allow":["GET"]}}],"collection":[{"href":"https:\/\/mouldking.store\/de\/wp-json\/wp\/v2\/product"}],"about":[{"href":"https:\/\/mouldking.store\/de\/wp-json\/wp\/v2\/types\/product"}],"replies":[{"embeddable":true,"href":"https:\/\/mouldking.store\/de\/wp-json\/wp\/v2\/comments?post=24337"}],"wp:featuredmedia":[{"embeddable":true,"href":"https:\/\/mouldking.store\/de\/wp-json\/wp\/v2\/media\/24333"}],"wp:attachment":[{"href":"https:\/\/mouldking.store\/de\/wp-json\/wp\/v2\/media?parent=24337"}],"wp:term":[{"taxonomy":"product_cat","embeddable":true,"href":"https:\/\/mouldking.store\/de\/wp-json\/wp\/v2\/product_cat?post=24337"},{"taxonomy":"product_tag","embeddable":true,"href":"https:\/\/mouldking.store\/de\/wp-json\/wp\/v2\/product_tag?post=24337"}],"curies":[{"name":"wp","href":"https:\/\/api.w.org\/{rel}","templated":true}]}}