{"id":24559,"date":"2021-10-10T05:15:41","date_gmt":"2021-10-10T05:15:41","guid":{"rendered":"https:\/\/mouldking.store\/shop\/moc-32889-ruined-city-build-from-9-different-mocs-modular-building-by-gabizon-moc-factory\/"},"modified":"2025-12-25T09:17:24","modified_gmt":"2025-12-25T02:17:24","slug":"moc-32889-ruined-city-build-from-9-different-mocs-modular-building-by-gabizon-moc-factory","status":"publish","type":"product","link":"https:\/\/mouldking.store\/de\/shop\/moc-32889-ruined-city-build-from-9-different-mocs-modular-building-by-gabizon-moc-factory\/","title":{"rendered":"MOC-32889 Ruinenstadt | Bauen Sie aus 9 verschiedenen Mocs modulares Geb\u00e4ude von gabizon MOC FACTORY"},"content":{"rendered":"<p style=\"text-align: left\">MOC-32889 Ruined City | Build from 9 Different Mocs Modular Building by gabizon MOC FACTORY is a set in Modular Building collection, designed by gabizon. This MOC 32889 comes with PDF instruction which is easy to build and find the missing pieces. The set contains 3645 pieces, first released in 2021.<\/p>\n<p style=\"text-align: left\"><strong>NOTIZ:<\/strong><\/p>\n<ul style=\"text-align: center\">\n<li style=\"text-align: left\"><strong>Die Farbe einzelner Teile entspricht nicht der von Zeichnungsteilen, was die Optik nicht beeintr\u00e4chtigt.<\/strong><\/li>\n<li style=\"text-align: left\"><strong>Bitte kaufen Sie sorgf\u00e4ltig f\u00fcr diejenigen, die sich keine Sorgen \u00fcber die Genauigkeit und den Farbunterschied von Haushaltsteilen machen.<\/strong><\/li>\n<li style=\"text-align: left\"><strong>Der Kunde muss m\u00f6glicherweise die zus\u00e4tzliche Zollgeb\u00fchr bezahlen, wenn er die Ware erh\u00e4lt (abh\u00e4ngig von der Politik des jeweiligen Landes).<\/strong><\/li>\n<\/ul>\n<figure id=\"attachment_207573\" aria-describedby=\"caption-attachment-207573\" style=\"width: 800px\" class=\"wp-caption aligncenter\"><a href=\"https:\/\/pay.lpwstore.com\/wp-content\/uploads\/2021\/05\/MOC-32889-Ruined-City-Build-from-9-Different-Mocs-Modular-Building-by-gabizon-MOC-FACTORY.jpg\" target=\"_blank\" rel=\"noopener\"><img fetchpriority=\"high\" decoding=\"async\" class=\"wp-image-207573 size-full\" title=\"MOC-32889 Ruinenstadt | Bauen Sie aus 9 verschiedenen Mocs modulares Geb\u00e4ude von gabizon MOC FACTORY\" src=\"https:\/\/pay.lpwstore.com\/wp-content\/uploads\/2021\/05\/MOC-32889-Ruined-City-Build-from-9-Different-Mocs-Modular-Building-by-gabizon-MOC-FACTORY.jpg\" alt=\"MOC-32889 Ruined City | Build from 9 Different Mocs Modular Building by gabizon MOC FACTORY\" width=\"800\" height=\"800\" \/><\/a><figcaption id=\"caption-attachment-207573\" class=\"wp-caption-text\">MOC-32889 Ruinenstadt | Bauen Sie aus 9 verschiedenen Mocs modulares Geb\u00e4ude von gabizon MOC FACTORY<\/figcaption><\/figure>\n<p><img decoding=\"async\" class=\"alignnone size-full wp-image-207574 aligncenter\" src=\"https:\/\/pay.lpwstore.com\/wp-content\/uploads\/2021\/05\/MOC-32889-Ruined-City-Build-from-9-Different-Mocs-Modular-Building-by-gabizon-MOC-FACTORY-2.jpg\" alt=\"-\" width=\"800\" height=\"800\" title=\"-\"> <img decoding=\"async\" class=\"alignnone size-full wp-image-207575 aligncenter\" src=\"https:\/\/pay.lpwstore.com\/wp-content\/uploads\/2021\/05\/MOC-32889-Ruined-City-Build-from-9-Different-Mocs-Modular-Building-by-gabizon-MOC-FACTORY-3.jpg\" alt=\"-\" width=\"800\" height=\"800\" title=\"-\"> <img loading=\"lazy\" decoding=\"async\" class=\"alignnone size-full wp-image-207576 aligncenter\" src=\"https:\/\/pay.lpwstore.com\/wp-content\/uploads\/2021\/05\/MOC-32889-Ruined-City-Build-from-9-Different-Mocs-Modular-Building-by-gabizon-MOC-FACTORY-4.jpg\" alt=\"-\" width=\"800\" height=\"800\" title=\"-\"><\/p>","protected":false},"excerpt":{"rendered":"<ul>\n<li>Enthalten\u00a0<strong>3645+<\/strong>\u00a0Stck<\/li>\n<li>Online-PDF-Anleitung<\/li>\n<li>Hochwertiger ABS-Block<\/li>\n<\/ul>","protected":false},"featured_media":24555,"comment_status":"open","ping_status":"closed","template":"","meta":{"_acf_changed":false},"product_cat":[390],"product_tag":[],"class_list":["product","first","outofstock","shipping-taxable","purchasable","product-type-simple"],"acf":[],"_links":{"self":[{"href":"https:\/\/mouldking.store\/de\/wp-json\/wp\/v2\/product\/24559","targetHints":{"allow":["GET"]}}],"collection":[{"href":"https:\/\/mouldking.store\/de\/wp-json\/wp\/v2\/product"}],"about":[{"href":"https:\/\/mouldking.store\/de\/wp-json\/wp\/v2\/types\/product"}],"replies":[{"embeddable":true,"href":"https:\/\/mouldking.store\/de\/wp-json\/wp\/v2\/comments?post=24559"}],"wp:featuredmedia":[{"embeddable":true,"href":"https:\/\/mouldking.store\/de\/wp-json\/wp\/v2\/media\/24555"}],"wp:attachment":[{"href":"https:\/\/mouldking.store\/de\/wp-json\/wp\/v2\/media?parent=24559"}],"wp:term":[{"taxonomy":"product_cat","embeddable":true,"href":"https:\/\/mouldking.store\/de\/wp-json\/wp\/v2\/product_cat?post=24559"},{"taxonomy":"product_tag","embeddable":true,"href":"https:\/\/mouldking.store\/de\/wp-json\/wp\/v2\/product_tag?post=24559"}],"curies":[{"name":"wp","href":"https:\/\/api.w.org\/{rel}","templated":true}]}}