{"id":24566,"date":"2021-10-10T05:15:43","date_gmt":"2021-10-10T05:15:43","guid":{"rendered":"https:\/\/mouldking.store\/shop\/moc-73372-resistance-fleet-bundle-mc85-bunkerbuster-vakbeor-nebulon-star-wars-by-scoutthetrooper-moc-factory\/"},"modified":"2025-12-25T09:17:24","modified_gmt":"2025-12-25T02:17:24","slug":"moc-73372-resistance-fleet-bundle-mc85-bunkerbuster-vakbeor-nebulon-star-wars-by-scoutthetrooper-moc-factory","status":"publish","type":"product","link":"https:\/\/mouldking.store\/de\/shop\/moc-73372-resistance-fleet-bundle-mc85-bunkerbuster-vakbeor-nebulon-star-wars-by-scoutthetrooper-moc-factory\/","title":{"rendered":"MOC-73372 Resistance Fleet Bundle (MC85, Bunkerbuster, Vakbeor, Nebulon) Star Wars von scoutthetrooper MOC FACTORY"},"content":{"rendered":"<p>MOC-73372 Resistance Fleet Bundle (MC85, Bunkerbuster, Vakbeor, Nebulon) Star Wars by scoutthetrooper MOC FACTORY ist ein Set in der Star Wars-Kollektion, entworfen von scoutthetrooper. Dieses MOC 73372 wird mit einer PDF-Anleitung geliefert, die einfach zu bauen ist und die fehlenden Teile findet. Das Set enth\u00e4lt 2303 Teile und wurde erstmals 2021 ver\u00f6ffentlicht.<\/p>\n<p><strong>NOTIZ:<\/strong><\/p>\n<ul>\n<li><strong>Die Farbe einzelner Teile entspricht nicht der von Zeichnungsteilen, was die Optik nicht beeintr\u00e4chtigt.<\/strong><\/li>\n<li><strong>Bitte kaufen Sie sorgf\u00e4ltig f\u00fcr diejenigen, die sich keine Sorgen \u00fcber die Genauigkeit und den Farbunterschied von Haushaltsteilen machen.<\/strong><\/li>\n<li><strong>Der Kunde muss m\u00f6glicherweise die zus\u00e4tzliche Zollgeb\u00fchr bezahlen, wenn er die Ware erh\u00e4lt (abh\u00e4ngig von der Politik des jeweiligen Landes).<\/strong><\/li>\n<\/ul>\n<figure id=\"attachment_207613\" aria-describedby=\"caption-attachment-207613\" style=\"width: 800px\" class=\"wp-caption aligncenter\"><a href=\"https:\/\/pay.lpwstore.com\/wp-content\/uploads\/2021\/06\/MOC-73372-Resistance-Fleet-Bundle-MC85-Bunkerbuster-Vakbeor-Nebulon-Star-Wars-by-scoutthetrooper-MOC-FACTORY.jpg\" target=\"_blank\" rel=\"noopener\"><img fetchpriority=\"high\" decoding=\"async\" class=\"wp-image-207613 size-full\" title=\"MOC-73372 Resistance Fleet Bundle (MC85, Bunkerbuster, Vakbeor, Nebulon) Star Wars von scoutthetrooper MOC FACTORY\" src=\"https:\/\/pay.lpwstore.com\/wp-content\/uploads\/2021\/06\/MOC-73372-Resistance-Fleet-Bundle-MC85-Bunkerbuster-Vakbeor-Nebulon-Star-Wars-by-scoutthetrooper-MOC-FACTORY.jpg\" alt=\"MOC-73372 Resistance Fleet Bundle (MC85, Bunkerbuster, Vakbeor, Nebulon) Star Wars by scoutthetrooper MOC FACTORY\" width=\"800\" height=\"800\" \/><\/a><figcaption id=\"caption-attachment-207613\" class=\"wp-caption-text\">MOC-73372 Resistance Fleet Bundle (MC85, Bunkerbuster, Vakbeor, Nebulon) Star Wars von scoutthetrooper MOC FACTORY<\/figcaption><\/figure>","protected":false},"excerpt":{"rendered":"<ul>\n<li>Enthalten\u00a0<strong>2303+<\/strong>\u00a0Stck<\/li>\n<li>Online-PDF-Anleitung<\/li>\n<li>Hochwertiger ABS-Block<\/li>\n<\/ul>","protected":false},"featured_media":24565,"comment_status":"open","ping_status":"closed","template":"","meta":{"_acf_changed":false},"product_cat":[415],"product_tag":[],"class_list":["product","first","outofstock","shipping-taxable","purchasable","product-type-simple"],"acf":[],"_links":{"self":[{"href":"https:\/\/mouldking.store\/de\/wp-json\/wp\/v2\/product\/24566","targetHints":{"allow":["GET"]}}],"collection":[{"href":"https:\/\/mouldking.store\/de\/wp-json\/wp\/v2\/product"}],"about":[{"href":"https:\/\/mouldking.store\/de\/wp-json\/wp\/v2\/types\/product"}],"replies":[{"embeddable":true,"href":"https:\/\/mouldking.store\/de\/wp-json\/wp\/v2\/comments?post=24566"}],"wp:featuredmedia":[{"embeddable":true,"href":"https:\/\/mouldking.store\/de\/wp-json\/wp\/v2\/media\/24565"}],"wp:attachment":[{"href":"https:\/\/mouldking.store\/de\/wp-json\/wp\/v2\/media?parent=24566"}],"wp:term":[{"taxonomy":"product_cat","embeddable":true,"href":"https:\/\/mouldking.store\/de\/wp-json\/wp\/v2\/product_cat?post=24566"},{"taxonomy":"product_tag","embeddable":true,"href":"https:\/\/mouldking.store\/de\/wp-json\/wp\/v2\/product_tag?post=24566"}],"curies":[{"name":"wp","href":"https:\/\/api.w.org\/{rel}","templated":true}]}}