{"id":24596,"date":"2021-10-10T05:15:56","date_gmt":"2021-10-10T05:15:56","guid":{"rendered":"https:\/\/mouldking.store\/shop\/moc-72838-medieval-tavern-modular-building-by-versteinert-moc-factory\/"},"modified":"2025-12-25T09:17:24","modified_gmt":"2025-12-25T02:17:24","slug":"moc-72838-medieval-tavern-modular-building-by-versteinert-moc-factory","status":"publish","type":"product","link":"https:\/\/mouldking.store\/de\/shop\/moc-72838-medieval-tavern-modular-building-by-versteinert-moc-factory\/","title":{"rendered":"MOC-72838 Modulares mittelalterliches Tavernengeb\u00e4ude von Versteinert MOC FACTORY"},"content":{"rendered":"<p>MOC-72838 Medieval Tavern Modular Building von Versteinert MOC FACTORY ist ein Set in der Modular Building-Kollektion, entworfen von Versteinert. Dieses MOC 72838 wird mit einer PDF-Anleitung geliefert, die einfach zu bauen ist und die fehlenden Teile findet. Das Set enth\u00e4lt 2951 Teile und wurde erstmals 2021 ver\u00f6ffentlicht.<\/p>\n<p><strong>NOTIZ:<\/strong><\/p>\n<ul>\n<li><strong>Die Farbe einzelner Teile entspricht nicht der von Zeichnungsteilen, was die Optik nicht beeintr\u00e4chtigt. Keine Figuren enthalten<\/strong><\/li>\n<li><strong>Bitte kaufen Sie sorgf\u00e4ltig f\u00fcr diejenigen, die sich keine Sorgen \u00fcber die Genauigkeit und den Farbunterschied von Haushaltsteilen machen.<\/strong><\/li>\n<li><strong>Der Kunde muss m\u00f6glicherweise die zus\u00e4tzliche Zollgeb\u00fchr bezahlen, wenn er die Ware erh\u00e4lt (abh\u00e4ngig von der Politik des jeweiligen Landes).<\/strong><\/li>\n<\/ul>\n<figure id=\"attachment_207699\" aria-describedby=\"caption-attachment-207699\" style=\"width: 800px\" class=\"wp-caption aligncenter\"><a href=\"https:\/\/pay.lpwstore.com\/wp-content\/uploads\/2021\/06\/MOC-72838-Medieval-Tavern-Modular-Building-by-Versteinert-MOC-FACTORY.jpg\" target=\"_blank\" rel=\"noopener\"><img fetchpriority=\"high\" decoding=\"async\" class=\"wp-image-207699 size-full\" title=\"MOC-72838 Modulares mittelalterliches Tavernengeb\u00e4ude von Versteinert MOC FACTORY\" src=\"https:\/\/pay.lpwstore.com\/wp-content\/uploads\/2021\/06\/MOC-72838-Medieval-Tavern-Modular-Building-by-Versteinert-MOC-FACTORY.jpg\" alt=\"MOC-72838 Medieval Tavern Modular Building by Versteinert MOC FACTORY\" width=\"800\" height=\"800\" \/><\/a><figcaption id=\"caption-attachment-207699\" class=\"wp-caption-text\">MOC-72838 Modulares mittelalterliches Tavernengeb\u00e4ude von Versteinert MOC FACTORY<\/figcaption><\/figure>\n<figure id=\"attachment_207694\" aria-describedby=\"caption-attachment-207694\" style=\"width: 1100px\" class=\"wp-caption aligncenter\"><img decoding=\"async\" class=\"size-full wp-image-207694\" title=\"MOC-72838 Modulares mittelalterliches Tavernengeb\u00e4ude von Versteinert MOC FACTORY\" src=\"https:\/\/pay.lpwstore.com\/wp-content\/uploads\/2021\/06\/moc-72838-medieval-tavern-modular-building-by-versteinert-moc-factory-224811.jpg\" alt=\"MOC-72838 Medieval Tavern Modular Building by Versteinert MOC FACTORY\" width=\"1100\" height=\"1100\" \/><figcaption id=\"caption-attachment-207694\" class=\"wp-caption-text\">MOC-72838 Modulares mittelalterliches Tavernengeb\u00e4ude von Versteinert MOC FACTORY<\/figcaption><\/figure>\n<figure id=\"attachment_207695\" aria-describedby=\"caption-attachment-207695\" style=\"width: 1100px\" class=\"wp-caption aligncenter\"><img decoding=\"async\" class=\"size-full wp-image-207695\" title=\"MOC-72838 Modulares mittelalterliches Tavernengeb\u00e4ude von Versteinert MOC FACTORY\" src=\"https:\/\/pay.lpwstore.com\/wp-content\/uploads\/2021\/06\/moc-72838-medieval-tavern-modular-building-by-versteinert-moc-factory-224812.jpg\" alt=\"MOC-72838 Medieval Tavern Modular Building by Versteinert MOC FACTORY\" width=\"1100\" height=\"1100\" \/><figcaption id=\"caption-attachment-207695\" class=\"wp-caption-text\">MOC-72838 Modulares mittelalterliches Tavernengeb\u00e4ude von Versteinert MOC FACTORY<\/figcaption><\/figure>\n<figure id=\"attachment_207696\" aria-describedby=\"caption-attachment-207696\" style=\"width: 1100px\" class=\"wp-caption aligncenter\"><img loading=\"lazy\" decoding=\"async\" class=\"size-full wp-image-207696\" title=\"MOC-72838 Modulares mittelalterliches Tavernengeb\u00e4ude von Versteinert MOC FACTORY\" src=\"https:\/\/pay.lpwstore.com\/wp-content\/uploads\/2021\/06\/moc-72838-medieval-tavern-modular-building-by-versteinert-moc-factory-224815.jpg\" alt=\"MOC-72838 Medieval Tavern Modular Building by Versteinert MOC FACTORY\" width=\"1100\" height=\"1100\" \/><figcaption id=\"caption-attachment-207696\" class=\"wp-caption-text\">MOC-72838 Modulares mittelalterliches Tavernengeb\u00e4ude von Versteinert MOC FACTORY<\/figcaption><\/figure>\n<figure id=\"attachment_207697\" aria-describedby=\"caption-attachment-207697\" style=\"width: 1100px\" class=\"wp-caption aligncenter\"><img loading=\"lazy\" decoding=\"async\" class=\"size-full wp-image-207697\" title=\"MOC-72838 Modulares mittelalterliches Tavernengeb\u00e4ude von Versteinert MOC FACTORY\" src=\"https:\/\/pay.lpwstore.com\/wp-content\/uploads\/2021\/06\/moc-72838-medieval-tavern-modular-building-by-versteinert-moc-factory-224817.jpg\" alt=\"MOC-72838 Medieval Tavern Modular Building by Versteinert MOC FACTORY\" width=\"1100\" height=\"1100\" \/><figcaption id=\"caption-attachment-207697\" class=\"wp-caption-text\">MOC-72838 Modulares mittelalterliches Tavernengeb\u00e4ude von Versteinert MOC FACTORY<\/figcaption><\/figure>\n<figure id=\"attachment_207698\" aria-describedby=\"caption-attachment-207698\" style=\"width: 800px\" class=\"wp-caption aligncenter\"><img loading=\"lazy\" decoding=\"async\" class=\"size-full wp-image-207698\" title=\"MOC-72838 Modulares mittelalterliches Tavernengeb\u00e4ude von Versteinert MOC FACTORY\" src=\"https:\/\/pay.lpwstore.com\/wp-content\/uploads\/2021\/06\/moc-72838-medieval-tavern-modular-building-by-versteinert-moc-factory-224833.jpg\" alt=\"MOC-72838 Medieval Tavern Modular Building by Versteinert MOC FACTORY\" width=\"800\" height=\"800\" \/><figcaption id=\"caption-attachment-207698\" class=\"wp-caption-text\">MOC-72838 Modulares mittelalterliches Tavernengeb\u00e4ude von Versteinert MOC FACTORY<\/figcaption><\/figure>\n<p>&nbsp;<\/p>\n<p>&nbsp;<\/p>","protected":false},"excerpt":{"rendered":"<ul>\n<li>Enthalten\u00a0<strong>2951+<\/strong>\u00a0Stck<\/li>\n<li>Online-PDF-Anleitung<\/li>\n<li>Hochwertiger ABS-Block<\/li>\n<\/ul>","protected":false},"featured_media":24591,"comment_status":"open","ping_status":"closed","template":"","meta":{"_acf_changed":false},"product_cat":[390],"product_tag":[],"class_list":["product","first","outofstock","shipping-taxable","purchasable","product-type-simple"],"acf":[],"_links":{"self":[{"href":"https:\/\/mouldking.store\/de\/wp-json\/wp\/v2\/product\/24596","targetHints":{"allow":["GET"]}}],"collection":[{"href":"https:\/\/mouldking.store\/de\/wp-json\/wp\/v2\/product"}],"about":[{"href":"https:\/\/mouldking.store\/de\/wp-json\/wp\/v2\/types\/product"}],"replies":[{"embeddable":true,"href":"https:\/\/mouldking.store\/de\/wp-json\/wp\/v2\/comments?post=24596"}],"wp:featuredmedia":[{"embeddable":true,"href":"https:\/\/mouldking.store\/de\/wp-json\/wp\/v2\/media\/24591"}],"wp:attachment":[{"href":"https:\/\/mouldking.store\/de\/wp-json\/wp\/v2\/media?parent=24596"}],"wp:term":[{"taxonomy":"product_cat","embeddable":true,"href":"https:\/\/mouldking.store\/de\/wp-json\/wp\/v2\/product_cat?post=24596"},{"taxonomy":"product_tag","embeddable":true,"href":"https:\/\/mouldking.store\/de\/wp-json\/wp\/v2\/product_tag?post=24596"}],"curies":[{"name":"wp","href":"https:\/\/api.w.org\/{rel}","templated":true}]}}