{"id":25047,"date":"2021-10-15T03:23:08","date_gmt":"2021-10-15T03:23:08","guid":{"rendered":"https:\/\/mouldking.store\/?post_type=product&#038;p=25047"},"modified":"2021-12-23T09:42:00","modified_gmt":"2021-12-23T09:42:00","slug":"wange-6226-schloss-neuschwanstein-with-1969-pieces","status":"publish","type":"product","link":"https:\/\/mouldking.store\/de\/shop\/wange-6226-schloss-neuschwanstein-with-1969-pieces\/","title":{"rendered":"WANGE 6226 Schloss Neuschwanstein mit 1969 Teilen"},"content":{"rendered":"<p>Produktinformation:<\/p>\n<ol>\n<li>Marke: WANGE<\/li>\n<li>Geschlecht: Unisex<\/li>\n<li>Name: Schlo\u00df Neuschwanstein<\/li>\n<li>Altersspanne: &gt; 8 Jahre alt<\/li>\n<li>Modellnummer: 6226<\/li>\n<li>Einstufung: Assemblage<\/li>\n<li>Kunststoffblockform: Selbstsichernde Steine<\/li>\n<li>Material: Kunststoff<\/li>\n<li>Kunststofftyp: ABS<\/li>\n<li>Ziegelsteine: 3536 PCS<\/li>\n<li>Enth\u00e4lt eine ausf\u00fchrliche Montageanleitung.<\/li>\n<\/ol>\n<p>Notiz:<br \/>\n1. Ohne Originalverpackung, aber wir garantieren, dass unsere Produkte eine Qualit\u00e4tssicherung und eine sch\u00f6ne Verpackung haben.<br \/>\n2. Wie alle Teile, die wir vor dem Versand \u00fcberpr\u00fcft haben, machen Sie sich keine Sorgen, wenn Sie feststellen, dass einige Teile fehlen oder besch\u00e4digt sind, und kontaktieren Sie uns einfach, und wir k\u00f6nnen sie Ihnen umgehend kostenlos erneut zusenden.<\/p>\n<figure id=\"attachment_25048\" aria-describedby=\"caption-attachment-25048\" style=\"width: 800px\" class=\"wp-caption aligncenter\"><img fetchpriority=\"high\" decoding=\"async\" class=\"size-full wp-image-25048\" title=\"WANGE 6226 Schloss Neuschwanstein mit 1969 Teilen\" src=\"https:\/\/mouldking.store\/wp-content\/uploads\/2021\/10\/wange-6226-schloss-neuschwanstein-with-1969-pieces.jpg\" alt=\"WANGE 6226 Schloss Neuschwanstein with 1969 pieces\" width=\"800\" height=\"800\" srcset=\"https:\/\/mouldking.store\/wp-content\/uploads\/2021\/10\/wange-6226-schloss-neuschwanstein-with-1969-pieces.jpg 800w, https:\/\/mouldking.store\/wp-content\/uploads\/2021\/10\/wange-6226-schloss-neuschwanstein-with-1969-pieces-300x300.jpg 300w, https:\/\/mouldking.store\/wp-content\/uploads\/2021\/10\/wange-6226-schloss-neuschwanstein-with-1969-pieces-768x768.jpg 768w, https:\/\/mouldking.store\/wp-content\/uploads\/2021\/10\/wange-6226-schloss-neuschwanstein-with-1969-pieces-600x600.jpg 600w, https:\/\/mouldking.store\/wp-content\/uploads\/2021\/10\/wange-6226-schloss-neuschwanstein-with-1969-pieces-150x150.jpg 150w\" sizes=\"(max-width: 800px) 100vw, 800px\" \/><figcaption id=\"caption-attachment-25048\" class=\"wp-caption-text\">WANGE 6226 Schloss Neuschwanstein mit 1969 Teilen<\/figcaption><\/figure>\n<figure id=\"attachment_25049\" aria-describedby=\"caption-attachment-25049\" style=\"width: 746px\" class=\"wp-caption aligncenter\"><img decoding=\"async\" class=\"size-full wp-image-25049\" title=\"WANGE 6226 Schloss Neuschwanstein mit 1969 Teilen\" src=\"https:\/\/mouldking.store\/wp-content\/uploads\/2021\/10\/wange-6226-schloss-neuschwanstein-with-1969-pieces-1.jpg\" alt=\"WANGE 6226 Schloss Neuschwanstein with 1969 pieces\" width=\"746\" height=\"1024\" srcset=\"https:\/\/mouldking.store\/wp-content\/uploads\/2021\/10\/wange-6226-schloss-neuschwanstein-with-1969-pieces-1.jpg 746w, https:\/\/mouldking.store\/wp-content\/uploads\/2021\/10\/wange-6226-schloss-neuschwanstein-with-1969-pieces-1-219x300.jpg 219w, https:\/\/mouldking.store\/wp-content\/uploads\/2021\/10\/wange-6226-schloss-neuschwanstein-with-1969-pieces-1-300x412.jpg 300w, https:\/\/mouldking.store\/wp-content\/uploads\/2021\/10\/wange-6226-schloss-neuschwanstein-with-1969-pieces-1-600x824.jpg 600w, https:\/\/mouldking.store\/wp-content\/uploads\/2021\/10\/wange-6226-schloss-neuschwanstein-with-1969-pieces-1-109x150.jpg 109w\" sizes=\"(max-width: 746px) 100vw, 746px\" \/><figcaption id=\"caption-attachment-25049\" class=\"wp-caption-text\">WANGE 6226 Schloss Neuschwanstein mit 1969 Teilen<\/figcaption><\/figure>\n<figure id=\"attachment_25050\" aria-describedby=\"caption-attachment-25050\" style=\"width: 790px\" class=\"wp-caption aligncenter\"><img decoding=\"async\" class=\"size-full wp-image-25050\" title=\"WANGE 6226 Schloss Neuschwanstein mit 1969 Teilen\" src=\"https:\/\/mouldking.store\/wp-content\/uploads\/2021\/10\/wange-6226-schloss-neuschwanstein-with-1969-pieces-2.jpg\" alt=\"WANGE 6226 Schloss Neuschwanstein with 1969 pieces\" width=\"790\" height=\"887\" srcset=\"https:\/\/mouldking.store\/wp-content\/uploads\/2021\/10\/wange-6226-schloss-neuschwanstein-with-1969-pieces-2.jpg 790w, https:\/\/mouldking.store\/wp-content\/uploads\/2021\/10\/wange-6226-schloss-neuschwanstein-with-1969-pieces-2-267x300.jpg 267w, https:\/\/mouldking.store\/wp-content\/uploads\/2021\/10\/wange-6226-schloss-neuschwanstein-with-1969-pieces-2-768x862.jpg 768w, https:\/\/mouldking.store\/wp-content\/uploads\/2021\/10\/wange-6226-schloss-neuschwanstein-with-1969-pieces-2-300x337.jpg 300w, https:\/\/mouldking.store\/wp-content\/uploads\/2021\/10\/wange-6226-schloss-neuschwanstein-with-1969-pieces-2-600x674.jpg 600w, https:\/\/mouldking.store\/wp-content\/uploads\/2021\/10\/wange-6226-schloss-neuschwanstein-with-1969-pieces-2-134x150.jpg 134w\" sizes=\"(max-width: 790px) 100vw, 790px\" \/><figcaption id=\"caption-attachment-25050\" class=\"wp-caption-text\">WANGE 6226 Schloss Neuschwanstein mit 1969 Teilen<\/figcaption><\/figure>\n<figure id=\"attachment_25051\" aria-describedby=\"caption-attachment-25051\" style=\"width: 675px\" class=\"wp-caption aligncenter\"><img loading=\"lazy\" decoding=\"async\" class=\"size-full wp-image-25051\" title=\"WANGE 6226 Schloss Neuschwanstein mit 1969 Teilen\" src=\"https:\/\/mouldking.store\/wp-content\/uploads\/2021\/10\/wange-6226-schloss-neuschwanstein-with-1969-pieces-3.jpg\" alt=\"WANGE 6226 Schloss Neuschwanstein with 1969 pieces\" width=\"675\" height=\"1024\" srcset=\"https:\/\/mouldking.store\/wp-content\/uploads\/2021\/10\/wange-6226-schloss-neuschwanstein-with-1969-pieces-3.jpg 675w, https:\/\/mouldking.store\/wp-content\/uploads\/2021\/10\/wange-6226-schloss-neuschwanstein-with-1969-pieces-3-198x300.jpg 198w, https:\/\/mouldking.store\/wp-content\/uploads\/2021\/10\/wange-6226-schloss-neuschwanstein-with-1969-pieces-3-300x455.jpg 300w, https:\/\/mouldking.store\/wp-content\/uploads\/2021\/10\/wange-6226-schloss-neuschwanstein-with-1969-pieces-3-600x910.jpg 600w, https:\/\/mouldking.store\/wp-content\/uploads\/2021\/10\/wange-6226-schloss-neuschwanstein-with-1969-pieces-3-99x150.jpg 99w\" sizes=\"(max-width: 675px) 100vw, 675px\" \/><figcaption id=\"caption-attachment-25051\" class=\"wp-caption-text\">WANGE 6226 Schloss Neuschwanstein mit 1969 Teilen<\/figcaption><\/figure>\n<figure id=\"attachment_25052\" aria-describedby=\"caption-attachment-25052\" style=\"width: 769px\" class=\"wp-caption aligncenter\"><img loading=\"lazy\" decoding=\"async\" class=\"size-full wp-image-25052\" title=\"WANGE 6226 Schloss Neuschwanstein mit 1969 Teilen\" src=\"https:\/\/mouldking.store\/wp-content\/uploads\/2021\/10\/wange-6226-schloss-neuschwanstein-with-1969-pieces-4.jpg\" alt=\"WANGE 6226 Schloss Neuschwanstein with 1969 pieces\" width=\"769\" height=\"1024\" srcset=\"https:\/\/mouldking.store\/wp-content\/uploads\/2021\/10\/wange-6226-schloss-neuschwanstein-with-1969-pieces-4.jpg 769w, https:\/\/mouldking.store\/wp-content\/uploads\/2021\/10\/wange-6226-schloss-neuschwanstein-with-1969-pieces-4-225x300.jpg 225w, https:\/\/mouldking.store\/wp-content\/uploads\/2021\/10\/wange-6226-schloss-neuschwanstein-with-1969-pieces-4-300x399.jpg 300w, https:\/\/mouldking.store\/wp-content\/uploads\/2021\/10\/wange-6226-schloss-neuschwanstein-with-1969-pieces-4-600x799.jpg 600w, https:\/\/mouldking.store\/wp-content\/uploads\/2021\/10\/wange-6226-schloss-neuschwanstein-with-1969-pieces-4-113x150.jpg 113w\" sizes=\"(max-width: 769px) 100vw, 769px\" \/><figcaption id=\"caption-attachment-25052\" class=\"wp-caption-text\">WANGE 6226 Schloss Neuschwanstein mit 1969 Teilen<\/figcaption><\/figure>\n<figure id=\"attachment_25053\" aria-describedby=\"caption-attachment-25053\" style=\"width: 800px\" class=\"wp-caption aligncenter\"><img loading=\"lazy\" decoding=\"async\" class=\"size-full wp-image-25053\" title=\"WANGE 6226 Schloss Neuschwanstein mit 1969 Teilen\" src=\"https:\/\/mouldking.store\/wp-content\/uploads\/2021\/10\/wange-6226-schloss-neuschwanstein-with-1969-pieces-5.jpg\" alt=\"WANGE 6226 Schloss Neuschwanstein with 1969 pieces\" width=\"800\" height=\"525\" srcset=\"https:\/\/mouldking.store\/wp-content\/uploads\/2021\/10\/wange-6226-schloss-neuschwanstein-with-1969-pieces-5.jpg 800w, https:\/\/mouldking.store\/wp-content\/uploads\/2021\/10\/wange-6226-schloss-neuschwanstein-with-1969-pieces-5-300x197.jpg 300w, https:\/\/mouldking.store\/wp-content\/uploads\/2021\/10\/wange-6226-schloss-neuschwanstein-with-1969-pieces-5-768x504.jpg 768w, https:\/\/mouldking.store\/wp-content\/uploads\/2021\/10\/wange-6226-schloss-neuschwanstein-with-1969-pieces-5-600x394.jpg 600w, https:\/\/mouldking.store\/wp-content\/uploads\/2021\/10\/wange-6226-schloss-neuschwanstein-with-1969-pieces-5-150x98.jpg 150w\" sizes=\"(max-width: 800px) 100vw, 800px\" \/><figcaption id=\"caption-attachment-25053\" class=\"wp-caption-text\">WANGE 6226 Schloss Neuschwanstein mit 1969 Teilen<\/figcaption><\/figure>\n<figure id=\"attachment_25054\" aria-describedby=\"caption-attachment-25054\" style=\"width: 790px\" class=\"wp-caption aligncenter\"><img loading=\"lazy\" decoding=\"async\" class=\"size-full wp-image-25054\" title=\"WANGE 6226 Schloss Neuschwanstein mit 1969 Teilen\" src=\"https:\/\/mouldking.store\/wp-content\/uploads\/2021\/10\/wange-6226-schloss-neuschwanstein-with-1969-pieces-6.jpg\" alt=\"WANGE 6226 Schloss Neuschwanstein with 1969 pieces\" width=\"790\" height=\"972\" srcset=\"https:\/\/mouldking.store\/wp-content\/uploads\/2021\/10\/wange-6226-schloss-neuschwanstein-with-1969-pieces-6.jpg 790w, https:\/\/mouldking.store\/wp-content\/uploads\/2021\/10\/wange-6226-schloss-neuschwanstein-with-1969-pieces-6-244x300.jpg 244w, https:\/\/mouldking.store\/wp-content\/uploads\/2021\/10\/wange-6226-schloss-neuschwanstein-with-1969-pieces-6-768x945.jpg 768w, https:\/\/mouldking.store\/wp-content\/uploads\/2021\/10\/wange-6226-schloss-neuschwanstein-with-1969-pieces-6-300x369.jpg 300w, https:\/\/mouldking.store\/wp-content\/uploads\/2021\/10\/wange-6226-schloss-neuschwanstein-with-1969-pieces-6-600x738.jpg 600w, https:\/\/mouldking.store\/wp-content\/uploads\/2021\/10\/wange-6226-schloss-neuschwanstein-with-1969-pieces-6-122x150.jpg 122w\" sizes=\"(max-width: 790px) 100vw, 790px\" \/><figcaption id=\"caption-attachment-25054\" class=\"wp-caption-text\">WANGE 6226 Schloss Neuschwanstein mit 1969 Teilen<\/figcaption><\/figure>","protected":false},"excerpt":{"rendered":"<p>Product information: Brand: WANGE Gender: Unisex Name: Schloss Neuschwanstein Age Range: &gt; 8 years old Model Number: 6226 Classification: Assemblage Plastic Block Shape: Self-Locking Bricks Material: Plastic Plastic Type: ABS Bricks Blocks: 3536 PCS Contains detailed assembly instructions. Notice: 1. Without an original box, but we guarantee our products have quality assurance and nice packaging. [&hellip;]<\/p>","protected":false},"featured_media":25048,"comment_status":"open","ping_status":"closed","template":"","meta":{"_acf_changed":false},"product_cat":[390],"product_tag":[2175,2174],"class_list":["product","first","instock","shipping-taxable","purchasable","product-type-simple"],"acf":[],"_links":{"self":[{"href":"https:\/\/mouldking.store\/de\/wp-json\/wp\/v2\/product\/25047","targetHints":{"allow":["GET"]}}],"collection":[{"href":"https:\/\/mouldking.store\/de\/wp-json\/wp\/v2\/product"}],"about":[{"href":"https:\/\/mouldking.store\/de\/wp-json\/wp\/v2\/types\/product"}],"replies":[{"embeddable":true,"href":"https:\/\/mouldking.store\/de\/wp-json\/wp\/v2\/comments?post=25047"}],"wp:featuredmedia":[{"embeddable":true,"href":"https:\/\/mouldking.store\/de\/wp-json\/wp\/v2\/media\/25048"}],"wp:attachment":[{"href":"https:\/\/mouldking.store\/de\/wp-json\/wp\/v2\/media?parent=25047"}],"wp:term":[{"taxonomy":"product_cat","embeddable":true,"href":"https:\/\/mouldking.store\/de\/wp-json\/wp\/v2\/product_cat?post=25047"},{"taxonomy":"product_tag","embeddable":true,"href":"https:\/\/mouldking.store\/de\/wp-json\/wp\/v2\/product_tag?post=25047"}],"curies":[{"name":"wp","href":"https:\/\/api.w.org\/{rel}","templated":true}]}}