{"id":25056,"date":"2021-10-15T03:36:54","date_gmt":"2021-10-14T20:36:54","guid":{"rendered":"https:\/\/mouldking.store\/?post_type=product&#038;p=25056"},"modified":"2025-12-25T09:17:16","modified_gmt":"2025-12-25T02:17:16","slug":"moc-factory-moc-79093-inquisitorius-infernum-zeta-class-shuttle-with-750-pieces","status":"publish","type":"product","link":"https:\/\/mouldking.store\/de\/shop\/moc-factory-moc-79093-inquisitorius-infernum-zeta-class-shuttle-with-750-pieces\/","title":{"rendered":"MOC FACTORY MOC-79093 Inquisitorius&#039; Infernum Shuttle der Zeta-Klasse mit 750 Teilen"},"content":{"rendered":"<p>Produktinformation:<\/p>\n<ol>\n<li>Marke: MOC-FABRIK<\/li>\n<li>Geschlecht: Unisex<\/li>\n<li>Name: Schlo\u00df Neuschwanstein<\/li>\n<li>Altersspanne: &gt; 8 Jahre alt<\/li>\n<li>Model Number: MOC-79093<\/li>\n<li>Einstufung: Assemblage<\/li>\n<li>Kunststoffblockform: Selbstsichernde Steine<\/li>\n<li>Material: Kunststoff<\/li>\n<li>Kunststofftyp: ABS<\/li>\n<li>Bricks Blocks: 750 PCS<\/li>\n<li>Enth\u00e4lt eine ausf\u00fchrliche Montageanleitung.<\/li>\n<\/ol>\n<p>Notiz:<br \/>\n1. Ohne Originalverpackung, aber wir garantieren, dass unsere Produkte eine Qualit\u00e4tssicherung und eine sch\u00f6ne Verpackung haben.<br \/>\n2. Wie alle Teile, die wir vor dem Versand \u00fcberpr\u00fcft haben, machen Sie sich keine Sorgen, wenn Sie feststellen, dass einige Teile fehlen oder besch\u00e4digt sind, und kontaktieren Sie uns einfach, und wir k\u00f6nnen sie Ihnen umgehend kostenlos erneut zusenden.<\/p>\n<figure id=\"attachment_25058\" aria-describedby=\"caption-attachment-25058\" style=\"width: 800px\" class=\"wp-caption aligncenter\"><img fetchpriority=\"high\" decoding=\"async\" class=\"size-full wp-image-25058\" title=\"MOC FACTORY MOC-79093 Inquisitorius&#039; Infernum Shuttle der Zeta-Klasse mit 750 Teilen\" src=\"https:\/\/mouldking.store\/wp-content\/uploads\/2021\/10\/moc-factory-moc-79093-inquisitorius-infernum-zeta-class-shuttle-with-750-pieces.jpg\" alt=\"MOC FACTORY MOC-79093 Inquisitorius' Infernum Zeta-Class Shuttle with 750 pieces\" width=\"800\" height=\"800\" srcset=\"https:\/\/mouldking.store\/wp-content\/uploads\/2021\/10\/moc-factory-moc-79093-inquisitorius-infernum-zeta-class-shuttle-with-750-pieces.jpg 800w, https:\/\/mouldking.store\/wp-content\/uploads\/2021\/10\/moc-factory-moc-79093-inquisitorius-infernum-zeta-class-shuttle-with-750-pieces-300x300.jpg 300w, https:\/\/mouldking.store\/wp-content\/uploads\/2021\/10\/moc-factory-moc-79093-inquisitorius-infernum-zeta-class-shuttle-with-750-pieces-768x768.jpg 768w, https:\/\/mouldking.store\/wp-content\/uploads\/2021\/10\/moc-factory-moc-79093-inquisitorius-infernum-zeta-class-shuttle-with-750-pieces-600x600.jpg 600w, https:\/\/mouldking.store\/wp-content\/uploads\/2021\/10\/moc-factory-moc-79093-inquisitorius-infernum-zeta-class-shuttle-with-750-pieces-150x150.jpg 150w\" sizes=\"(max-width: 800px) 100vw, 800px\" \/><figcaption id=\"caption-attachment-25058\" class=\"wp-caption-text\">MOC FACTORY MOC-79093 Inquisitorius&#039; Infernum Shuttle der Zeta-Klasse mit 750 Teilen<\/figcaption><\/figure>\n<figure id=\"attachment_25059\" aria-describedby=\"caption-attachment-25059\" style=\"width: 800px\" class=\"wp-caption aligncenter\"><img decoding=\"async\" class=\"size-full wp-image-25059\" title=\"MOC FACTORY MOC-79093 Inquisitorius&#039; Infernum Shuttle der Zeta-Klasse mit 750 Teilen\" src=\"https:\/\/mouldking.store\/wp-content\/uploads\/2021\/10\/moc-factory-moc-79093-inquisitorius-infernum-zeta-class-shuttle-with-750-pieces-1.jpg\" alt=\"MOC FACTORY MOC-79093 Inquisitorius' Infernum Zeta-Class Shuttle with 750 pieces\" width=\"800\" height=\"800\" srcset=\"https:\/\/mouldking.store\/wp-content\/uploads\/2021\/10\/moc-factory-moc-79093-inquisitorius-infernum-zeta-class-shuttle-with-750-pieces-1.jpg 800w, https:\/\/mouldking.store\/wp-content\/uploads\/2021\/10\/moc-factory-moc-79093-inquisitorius-infernum-zeta-class-shuttle-with-750-pieces-1-300x300.jpg 300w, https:\/\/mouldking.store\/wp-content\/uploads\/2021\/10\/moc-factory-moc-79093-inquisitorius-infernum-zeta-class-shuttle-with-750-pieces-1-768x768.jpg 768w, https:\/\/mouldking.store\/wp-content\/uploads\/2021\/10\/moc-factory-moc-79093-inquisitorius-infernum-zeta-class-shuttle-with-750-pieces-1-600x600.jpg 600w, https:\/\/mouldking.store\/wp-content\/uploads\/2021\/10\/moc-factory-moc-79093-inquisitorius-infernum-zeta-class-shuttle-with-750-pieces-1-150x150.jpg 150w\" sizes=\"(max-width: 800px) 100vw, 800px\" \/><figcaption id=\"caption-attachment-25059\" class=\"wp-caption-text\">MOC FACTORY MOC-79093 Inquisitorius&#039; Infernum Shuttle der Zeta-Klasse mit 750 Teilen<\/figcaption><\/figure>\n<figure id=\"attachment_25060\" aria-describedby=\"caption-attachment-25060\" style=\"width: 800px\" class=\"wp-caption aligncenter\"><img decoding=\"async\" class=\"size-full wp-image-25060\" title=\"MOC FACTORY MOC-79093 Inquisitorius&#039; Infernum Shuttle der Zeta-Klasse mit 750 Teilen\" src=\"https:\/\/mouldking.store\/wp-content\/uploads\/2021\/10\/moc-factory-moc-79093-inquisitorius-infernum-zeta-class-shuttle-with-750-pieces-2.jpg\" alt=\"MOC FACTORY MOC-79093 Inquisitorius' Infernum Zeta-Class Shuttle with 750 pieces\" width=\"800\" height=\"800\" srcset=\"https:\/\/mouldking.store\/wp-content\/uploads\/2021\/10\/moc-factory-moc-79093-inquisitorius-infernum-zeta-class-shuttle-with-750-pieces-2.jpg 800w, https:\/\/mouldking.store\/wp-content\/uploads\/2021\/10\/moc-factory-moc-79093-inquisitorius-infernum-zeta-class-shuttle-with-750-pieces-2-300x300.jpg 300w, https:\/\/mouldking.store\/wp-content\/uploads\/2021\/10\/moc-factory-moc-79093-inquisitorius-infernum-zeta-class-shuttle-with-750-pieces-2-768x768.jpg 768w, https:\/\/mouldking.store\/wp-content\/uploads\/2021\/10\/moc-factory-moc-79093-inquisitorius-infernum-zeta-class-shuttle-with-750-pieces-2-600x600.jpg 600w, https:\/\/mouldking.store\/wp-content\/uploads\/2021\/10\/moc-factory-moc-79093-inquisitorius-infernum-zeta-class-shuttle-with-750-pieces-2-150x150.jpg 150w\" sizes=\"(max-width: 800px) 100vw, 800px\" \/><figcaption id=\"caption-attachment-25060\" class=\"wp-caption-text\">MOC FACTORY MOC-79093 Inquisitorius&#039; Infernum Shuttle der Zeta-Klasse mit 750 Teilen<\/figcaption><\/figure>\n<figure id=\"attachment_25061\" aria-describedby=\"caption-attachment-25061\" style=\"width: 800px\" class=\"wp-caption aligncenter\"><img loading=\"lazy\" decoding=\"async\" class=\"size-full wp-image-25061\" title=\"MOC FACTORY MOC-79093 Inquisitorius&#039; Infernum Shuttle der Zeta-Klasse mit 750 Teilen\" src=\"https:\/\/mouldking.store\/wp-content\/uploads\/2021\/10\/moc-factory-moc-79093-inquisitorius-infernum-zeta-class-shuttle-with-750-pieces-3.jpg\" alt=\"MOC FACTORY MOC-79093 Inquisitorius' Infernum Zeta-Class Shuttle with 750 pieces\" width=\"800\" height=\"800\" srcset=\"https:\/\/mouldking.store\/wp-content\/uploads\/2021\/10\/moc-factory-moc-79093-inquisitorius-infernum-zeta-class-shuttle-with-750-pieces-3.jpg 800w, https:\/\/mouldking.store\/wp-content\/uploads\/2021\/10\/moc-factory-moc-79093-inquisitorius-infernum-zeta-class-shuttle-with-750-pieces-3-300x300.jpg 300w, https:\/\/mouldking.store\/wp-content\/uploads\/2021\/10\/moc-factory-moc-79093-inquisitorius-infernum-zeta-class-shuttle-with-750-pieces-3-768x768.jpg 768w, https:\/\/mouldking.store\/wp-content\/uploads\/2021\/10\/moc-factory-moc-79093-inquisitorius-infernum-zeta-class-shuttle-with-750-pieces-3-600x600.jpg 600w, https:\/\/mouldking.store\/wp-content\/uploads\/2021\/10\/moc-factory-moc-79093-inquisitorius-infernum-zeta-class-shuttle-with-750-pieces-3-150x150.jpg 150w\" sizes=\"(max-width: 800px) 100vw, 800px\" \/><figcaption id=\"caption-attachment-25061\" class=\"wp-caption-text\">MOC FACTORY MOC-79093 Inquisitorius&#039; Infernum Shuttle der Zeta-Klasse mit 750 Teilen<\/figcaption><\/figure>","protected":false},"excerpt":{"rendered":"<p>Product information: Brand: MOC FACTORY Gender: Unisex Name: Schloss Neuschwanstein Age Range: &gt; 8 years old Model Number: MOC-79093 Classification: Assemblage Plastic Block Shape: Self-Locking Bricks Material: Plastic Plastic Type: ABS Bricks Blocks: 750 PCS Contains detailed assembly instructions. Notice: 1. Without an original box, but we guarantee our products have quality assurance and nice [&hellip;]<\/p>","protected":false},"featured_media":25062,"comment_status":"open","ping_status":"closed","template":"","meta":{"_acf_changed":false},"product_cat":[415],"product_tag":[2177,2176],"class_list":["product","first","instock","shipping-taxable","purchasable","product-type-simple"],"acf":[],"_links":{"self":[{"href":"https:\/\/mouldking.store\/de\/wp-json\/wp\/v2\/product\/25056","targetHints":{"allow":["GET"]}}],"collection":[{"href":"https:\/\/mouldking.store\/de\/wp-json\/wp\/v2\/product"}],"about":[{"href":"https:\/\/mouldking.store\/de\/wp-json\/wp\/v2\/types\/product"}],"replies":[{"embeddable":true,"href":"https:\/\/mouldking.store\/de\/wp-json\/wp\/v2\/comments?post=25056"}],"wp:featuredmedia":[{"embeddable":true,"href":"https:\/\/mouldking.store\/de\/wp-json\/wp\/v2\/media\/25062"}],"wp:attachment":[{"href":"https:\/\/mouldking.store\/de\/wp-json\/wp\/v2\/media?parent=25056"}],"wp:term":[{"taxonomy":"product_cat","embeddable":true,"href":"https:\/\/mouldking.store\/de\/wp-json\/wp\/v2\/product_cat?post=25056"},{"taxonomy":"product_tag","embeddable":true,"href":"https:\/\/mouldking.store\/de\/wp-json\/wp\/v2\/product_tag?post=25056"}],"curies":[{"name":"wp","href":"https:\/\/api.w.org\/{rel}","templated":true}]}}