{"id":25063,"date":"2021-10-15T05:48:00","date_gmt":"2021-10-15T05:48:00","guid":{"rendered":"https:\/\/mouldking.store\/?post_type=product&#038;p=25063"},"modified":"2021-12-23T09:42:00","modified_gmt":"2021-12-23T09:42:00","slug":"qizhile-90023-xmas-astronaut-with-2119-pieces","status":"publish","type":"product","link":"https:\/\/mouldking.store\/de\/shop\/qizhile-90023-xmas-astronaut-with-2119-pieces\/","title":{"rendered":"QIZHILE 90023 Weihnachts-Astronaut mit 2119 Teilen"},"content":{"rendered":"<p>Produktinformation:<\/p>\n<ol>\n<li>Brand: QIZHILE<\/li>\n<li>Geschlecht: Unisex<\/li>\n<li>Name: Xmas Astronaut<\/li>\n<li>Altersspanne: &gt; 8 Jahre alt<\/li>\n<li>Model Number: QIZHILE 90023<\/li>\n<li>Einstufung: Assemblage<\/li>\n<li>Kunststoffblockform: Selbstsichernde Steine<\/li>\n<li>Material: Kunststoff<\/li>\n<li>Kunststofftyp: ABS<\/li>\n<li>Bricks Blocks: 2119 PCS<\/li>\n<li>Enth\u00e4lt eine ausf\u00fchrliche Montageanleitung.<\/li>\n<\/ol>\n<p>Notiz:<br \/>\n1. Ohne Originalverpackung, aber wir garantieren, dass unsere Produkte eine Qualit\u00e4tssicherung und eine sch\u00f6ne Verpackung haben.<br \/>\n2. Wie alle Teile, die wir vor dem Versand \u00fcberpr\u00fcft haben, machen Sie sich keine Sorgen, wenn Sie feststellen, dass einige Teile fehlen oder besch\u00e4digt sind, und kontaktieren Sie uns einfach, und wir k\u00f6nnen sie Ihnen umgehend kostenlos erneut zusenden.<\/p>\n<p><img fetchpriority=\"high\" decoding=\"async\" class=\"size-full wp-image-25064\" title=\"QIZHILE 90023 Weihnachts-Astronaut mit 2119 Teilen\" src=\"https:\/\/mouldking.store\/wp-content\/uploads\/2021\/10\/qizhile-90023-xmas-astronaut-with-2119-pieces.jpg\" alt=\"QIZHILE 90023 Xmas Astronaut with 2119 pieces\" width=\"800\" height=\"800\" srcset=\"https:\/\/mouldking.store\/wp-content\/uploads\/2021\/10\/qizhile-90023-xmas-astronaut-with-2119-pieces.jpg 800w, https:\/\/mouldking.store\/wp-content\/uploads\/2021\/10\/qizhile-90023-xmas-astronaut-with-2119-pieces-300x300.jpg 300w, https:\/\/mouldking.store\/wp-content\/uploads\/2021\/10\/qizhile-90023-xmas-astronaut-with-2119-pieces-768x768.jpg 768w, https:\/\/mouldking.store\/wp-content\/uploads\/2021\/10\/qizhile-90023-xmas-astronaut-with-2119-pieces-600x600.jpg 600w, https:\/\/mouldking.store\/wp-content\/uploads\/2021\/10\/qizhile-90023-xmas-astronaut-with-2119-pieces-150x150.jpg 150w\" sizes=\"(max-width: 800px) 100vw, 800px\" \/><\/p>\n<p><img decoding=\"async\" class=\"size-full wp-image-25065\" title=\"QIZHILE 90023 Weihnachts-Astronaut mit 2119 Teilen\" src=\"https:\/\/mouldking.store\/wp-content\/uploads\/2021\/10\/qizhile-90023-xmas-astronaut-with-2119-pieces-1.jpg\" alt=\"QIZHILE 90023 Xmas Astronaut with 2119 pieces\" width=\"800\" height=\"800\" srcset=\"https:\/\/mouldking.store\/wp-content\/uploads\/2021\/10\/qizhile-90023-xmas-astronaut-with-2119-pieces-1.jpg 800w, https:\/\/mouldking.store\/wp-content\/uploads\/2021\/10\/qizhile-90023-xmas-astronaut-with-2119-pieces-1-300x300.jpg 300w, https:\/\/mouldking.store\/wp-content\/uploads\/2021\/10\/qizhile-90023-xmas-astronaut-with-2119-pieces-1-768x768.jpg 768w, https:\/\/mouldking.store\/wp-content\/uploads\/2021\/10\/qizhile-90023-xmas-astronaut-with-2119-pieces-1-600x600.jpg 600w, https:\/\/mouldking.store\/wp-content\/uploads\/2021\/10\/qizhile-90023-xmas-astronaut-with-2119-pieces-1-150x150.jpg 150w\" sizes=\"(max-width: 800px) 100vw, 800px\" \/><\/p>\n<p><img decoding=\"async\" class=\"size-full wp-image-25066\" title=\"QIZHILE 90023 Weihnachts-Astronaut mit 2119 Teilen\" src=\"https:\/\/mouldking.store\/wp-content\/uploads\/2021\/10\/qizhile-90023-xmas-astronaut-with-2119-pieces-2.jpg\" alt=\"QIZHILE 90023 Xmas Astronaut with 2119 pieces\" width=\"800\" height=\"800\" srcset=\"https:\/\/mouldking.store\/wp-content\/uploads\/2021\/10\/qizhile-90023-xmas-astronaut-with-2119-pieces-2.jpg 800w, https:\/\/mouldking.store\/wp-content\/uploads\/2021\/10\/qizhile-90023-xmas-astronaut-with-2119-pieces-2-300x300.jpg 300w, https:\/\/mouldking.store\/wp-content\/uploads\/2021\/10\/qizhile-90023-xmas-astronaut-with-2119-pieces-2-768x768.jpg 768w, https:\/\/mouldking.store\/wp-content\/uploads\/2021\/10\/qizhile-90023-xmas-astronaut-with-2119-pieces-2-600x600.jpg 600w, https:\/\/mouldking.store\/wp-content\/uploads\/2021\/10\/qizhile-90023-xmas-astronaut-with-2119-pieces-2-150x150.jpg 150w\" sizes=\"(max-width: 800px) 100vw, 800px\" \/><\/p>\n<p><img loading=\"lazy\" decoding=\"async\" class=\"size-full wp-image-25067\" title=\"QIZHILE 90023 Weihnachts-Astronaut mit 2119 Teilen\" src=\"https:\/\/mouldking.store\/wp-content\/uploads\/2021\/10\/qizhile-90023-xmas-astronaut-with-2119-pieces-3.jpg\" alt=\"QIZHILE 90023 Xmas Astronaut with 2119 pieces\" width=\"801\" height=\"800\" srcset=\"https:\/\/mouldking.store\/wp-content\/uploads\/2021\/10\/qizhile-90023-xmas-astronaut-with-2119-pieces-3.jpg 801w, https:\/\/mouldking.store\/wp-content\/uploads\/2021\/10\/qizhile-90023-xmas-astronaut-with-2119-pieces-3-300x300.jpg 300w, https:\/\/mouldking.store\/wp-content\/uploads\/2021\/10\/qizhile-90023-xmas-astronaut-with-2119-pieces-3-768x767.jpg 768w, https:\/\/mouldking.store\/wp-content\/uploads\/2021\/10\/qizhile-90023-xmas-astronaut-with-2119-pieces-3-600x599.jpg 600w, https:\/\/mouldking.store\/wp-content\/uploads\/2021\/10\/qizhile-90023-xmas-astronaut-with-2119-pieces-3-150x150.jpg 150w\" sizes=\"(max-width: 801px) 100vw, 801px\" \/><\/p>\n<p><img loading=\"lazy\" decoding=\"async\" class=\"size-full wp-image-25068\" title=\"QIZHILE 90023 Weihnachts-Astronaut mit 2119 Teilen\" src=\"https:\/\/mouldking.store\/wp-content\/uploads\/2021\/10\/qizhile-90023-xmas-astronaut-with-2119-pieces-4.jpg\" alt=\"QIZHILE 90023 Xmas Astronaut with 2119 pieces\" width=\"800\" height=\"800\" srcset=\"https:\/\/mouldking.store\/wp-content\/uploads\/2021\/10\/qizhile-90023-xmas-astronaut-with-2119-pieces-4.jpg 800w, https:\/\/mouldking.store\/wp-content\/uploads\/2021\/10\/qizhile-90023-xmas-astronaut-with-2119-pieces-4-300x300.jpg 300w, https:\/\/mouldking.store\/wp-content\/uploads\/2021\/10\/qizhile-90023-xmas-astronaut-with-2119-pieces-4-768x768.jpg 768w, https:\/\/mouldking.store\/wp-content\/uploads\/2021\/10\/qizhile-90023-xmas-astronaut-with-2119-pieces-4-600x600.jpg 600w, https:\/\/mouldking.store\/wp-content\/uploads\/2021\/10\/qizhile-90023-xmas-astronaut-with-2119-pieces-4-150x150.jpg 150w\" sizes=\"(max-width: 800px) 100vw, 800px\" \/><\/p>","protected":false},"excerpt":{"rendered":"<p>Product information: Brand: QIZHILE Gender: Unisex Name: Xmas Astronaut Age Range: &gt; 8 years old Model Number: QIZHILE 90023 Classification: Assemblage Plastic Block Shape: Self-Locking Bricks Material: Plastic Plastic Type: ABS Bricks Blocks: 2119 PCS Contains detailed assembly instructions. Notice: 1. Without an original box, but we guarantee our products have quality assurance and nice [&hellip;]<\/p>","protected":false},"featured_media":25064,"comment_status":"open","ping_status":"closed","template":"","meta":{"_acf_changed":false},"product_cat":[371],"product_tag":[2178,2179],"class_list":["product","first","instock","shipping-taxable","purchasable","product-type-simple"],"acf":[],"_links":{"self":[{"href":"https:\/\/mouldking.store\/de\/wp-json\/wp\/v2\/product\/25063","targetHints":{"allow":["GET"]}}],"collection":[{"href":"https:\/\/mouldking.store\/de\/wp-json\/wp\/v2\/product"}],"about":[{"href":"https:\/\/mouldking.store\/de\/wp-json\/wp\/v2\/types\/product"}],"replies":[{"embeddable":true,"href":"https:\/\/mouldking.store\/de\/wp-json\/wp\/v2\/comments?post=25063"}],"wp:featuredmedia":[{"embeddable":true,"href":"https:\/\/mouldking.store\/de\/wp-json\/wp\/v2\/media\/25064"}],"wp:attachment":[{"href":"https:\/\/mouldking.store\/de\/wp-json\/wp\/v2\/media?parent=25063"}],"wp:term":[{"taxonomy":"product_cat","embeddable":true,"href":"https:\/\/mouldking.store\/de\/wp-json\/wp\/v2\/product_cat?post=25063"},{"taxonomy":"product_tag","embeddable":true,"href":"https:\/\/mouldking.store\/de\/wp-json\/wp\/v2\/product_tag?post=25063"}],"curies":[{"name":"wp","href":"https:\/\/api.w.org\/{rel}","templated":true}]}}