{"id":25080,"date":"2021-10-15T11:20:07","date_gmt":"2021-10-15T04:20:07","guid":{"rendered":"https:\/\/mouldking.store\/?post_type=product&#038;p=25080"},"modified":"2025-12-25T09:17:15","modified_gmt":"2025-12-25T02:17:15","slug":"moc-75230-lovegood-house-with-1207-pieces","status":"publish","type":"product","link":"https:\/\/mouldking.store\/de\/shop\/moc-75230-lovegood-house-with-1207-pieces\/","title":{"rendered":"MOC-75230 Lovegood Haus mit 1207 Teilen"},"content":{"rendered":"<p>Produktinformation:<\/p>\n<ol>\n<li>Marke: MOC<\/li>\n<li>Geschlecht: Unisex<\/li>\n<li>Name: Lovegood-Haus<\/li>\n<li>Altersspanne: &gt; 8 Jahre alt<\/li>\n<li>Modellnummer: MOC-75230<\/li>\n<li>Einstufung: Assemblage<\/li>\n<li>Kunststoffblockform: Selbstsichernde Steine<\/li>\n<li>Material: Kunststoff<\/li>\n<li>Kunststofftyp: ABS<\/li>\n<li>Ziegelsteine: 1207 ST\u00dcCKE<\/li>\n<li>Enth\u00e4lt eine ausf\u00fchrliche Montageanleitung.<\/li>\n<\/ol>\n<p>Notiz:<br \/>\n1. Ohne Originalverpackung, aber wir garantieren, dass unsere Produkte eine Qualit\u00e4tssicherung und eine sch\u00f6ne Verpackung haben.<br \/>\n2. Wie alle Teile, die wir vor dem Versand \u00fcberpr\u00fcft haben, machen Sie sich keine Sorgen, wenn Sie feststellen, dass einige Teile fehlen oder besch\u00e4digt sind, und kontaktieren Sie uns einfach, und wir k\u00f6nnen sie Ihnen umgehend kostenlos erneut zusenden.<\/p>\n<figure id=\"attachment_25081\" aria-describedby=\"caption-attachment-25081\" style=\"width: 1000px\" class=\"wp-caption aligncenter\"><img fetchpriority=\"high\" decoding=\"async\" class=\"size-full wp-image-25081\" title=\"MOC-75230 Lovegood Haus mit 1207 Teilen\" src=\"https:\/\/mouldking.store\/wp-content\/uploads\/2021\/10\/moc-75230-lovegood-house-with-1207-pieces.jpg\" alt=\"MOC-75230 Lovegood House with 1207 pieces\" width=\"1000\" height=\"1000\" srcset=\"https:\/\/mouldking.store\/wp-content\/uploads\/2021\/10\/moc-75230-lovegood-house-with-1207-pieces.jpg 1000w, https:\/\/mouldking.store\/wp-content\/uploads\/2021\/10\/moc-75230-lovegood-house-with-1207-pieces-300x300.jpg 300w, https:\/\/mouldking.store\/wp-content\/uploads\/2021\/10\/moc-75230-lovegood-house-with-1207-pieces-768x768.jpg 768w, https:\/\/mouldking.store\/wp-content\/uploads\/2021\/10\/moc-75230-lovegood-house-with-1207-pieces-600x600.jpg 600w, https:\/\/mouldking.store\/wp-content\/uploads\/2021\/10\/moc-75230-lovegood-house-with-1207-pieces-150x150.jpg 150w\" sizes=\"(max-width: 1000px) 100vw, 1000px\" \/><figcaption id=\"caption-attachment-25081\" class=\"wp-caption-text\">MOC-75230 Lovegood Haus mit 1207 Teilen<\/figcaption><\/figure>\n<figure id=\"attachment_25082\" aria-describedby=\"caption-attachment-25082\" style=\"width: 1000px\" class=\"wp-caption aligncenter\"><img decoding=\"async\" class=\"size-full wp-image-25082\" title=\"MOC-75230 Lovegood Haus mit 1207 Teilen\" src=\"https:\/\/mouldking.store\/wp-content\/uploads\/2021\/10\/moc-75230-lovegood-house-with-1207-pieces-1.jpg\" alt=\"MOC-75230 Lovegood House with 1207 pieces\" width=\"1000\" height=\"1000\" srcset=\"https:\/\/mouldking.store\/wp-content\/uploads\/2021\/10\/moc-75230-lovegood-house-with-1207-pieces-1.jpg 1000w, https:\/\/mouldking.store\/wp-content\/uploads\/2021\/10\/moc-75230-lovegood-house-with-1207-pieces-1-300x300.jpg 300w, https:\/\/mouldking.store\/wp-content\/uploads\/2021\/10\/moc-75230-lovegood-house-with-1207-pieces-1-768x768.jpg 768w, https:\/\/mouldking.store\/wp-content\/uploads\/2021\/10\/moc-75230-lovegood-house-with-1207-pieces-1-600x600.jpg 600w, https:\/\/mouldking.store\/wp-content\/uploads\/2021\/10\/moc-75230-lovegood-house-with-1207-pieces-1-150x150.jpg 150w\" sizes=\"(max-width: 1000px) 100vw, 1000px\" \/><figcaption id=\"caption-attachment-25082\" class=\"wp-caption-text\">MOC-75230 Lovegood Haus mit 1207 Teilen<\/figcaption><\/figure>","protected":false},"excerpt":{"rendered":"<p>Product information: Brand: MOC Gender: Unisex Name: Lovegood House Age Range: &gt; 8 years old Model Number: MOC-75230 Classification: Assemblage Plastic Block Shape: Self-Locking Bricks Material: Plastic Plastic Type: ABS Bricks Blocks: 1207 PCS Contains detailed assembly instructions. Notice: 1. Without an original box, but we guarantee our products have quality assurance and nice packaging. [&hellip;]<\/p>","protected":false},"featured_media":25083,"comment_status":"open","ping_status":"closed","template":"","meta":{"_acf_changed":false},"product_cat":[390],"product_tag":[2187,2186,2185],"class_list":["product","first","instock","shipping-taxable","purchasable","product-type-simple"],"acf":[],"_links":{"self":[{"href":"https:\/\/mouldking.store\/de\/wp-json\/wp\/v2\/product\/25080","targetHints":{"allow":["GET"]}}],"collection":[{"href":"https:\/\/mouldking.store\/de\/wp-json\/wp\/v2\/product"}],"about":[{"href":"https:\/\/mouldking.store\/de\/wp-json\/wp\/v2\/types\/product"}],"replies":[{"embeddable":true,"href":"https:\/\/mouldking.store\/de\/wp-json\/wp\/v2\/comments?post=25080"}],"wp:featuredmedia":[{"embeddable":true,"href":"https:\/\/mouldking.store\/de\/wp-json\/wp\/v2\/media\/25083"}],"wp:attachment":[{"href":"https:\/\/mouldking.store\/de\/wp-json\/wp\/v2\/media?parent=25080"}],"wp:term":[{"taxonomy":"product_cat","embeddable":true,"href":"https:\/\/mouldking.store\/de\/wp-json\/wp\/v2\/product_cat?post=25080"},{"taxonomy":"product_tag","embeddable":true,"href":"https:\/\/mouldking.store\/de\/wp-json\/wp\/v2\/product_tag?post=25080"}],"curies":[{"name":"wp","href":"https:\/\/api.w.org\/{rel}","templated":true}]}}