{"id":25085,"date":"2021-10-15T11:31:13","date_gmt":"2021-10-15T04:31:13","guid":{"rendered":"https:\/\/mouldking.store\/?post_type=product&#038;p=25085"},"modified":"2025-12-25T09:17:15","modified_gmt":"2025-12-25T02:17:15","slug":"moc-58912-medieval-windmill-with-1941-pieces","status":"publish","type":"product","link":"https:\/\/mouldking.store\/de\/shop\/moc-58912-medieval-windmill-with-1941-pieces\/","title":{"rendered":"MOC-58912 Mittelalterliche Windm\u00fchle mit 1941 Teilen"},"content":{"rendered":"<p>Produktinformation:<\/p>\n<ol>\n<li>Marke: MOC<\/li>\n<li>Geschlecht: Unisex<\/li>\n<li>Name: Medieval Windmill<\/li>\n<li>Altersspanne: &gt; 8 Jahre alt<\/li>\n<li>Model Number: MOC-58912<\/li>\n<li>Einstufung: Assemblage<\/li>\n<li>Kunststoffblockform: Selbstsichernde Steine<\/li>\n<li>Material: Kunststoff<\/li>\n<li>Kunststofftyp: ABS<\/li>\n<li>Bricks Blocks: 1941 PCS<\/li>\n<li>Enth\u00e4lt eine ausf\u00fchrliche Montageanleitung.<\/li>\n<\/ol>\n<p>Notiz:<br \/>\n1. Ohne Originalverpackung, aber wir garantieren, dass unsere Produkte eine Qualit\u00e4tssicherung und eine sch\u00f6ne Verpackung haben.<br \/>\n2. Wie alle Teile, die wir vor dem Versand \u00fcberpr\u00fcft haben, machen Sie sich keine Sorgen, wenn Sie feststellen, dass einige Teile fehlen oder besch\u00e4digt sind, und kontaktieren Sie uns einfach, und wir k\u00f6nnen sie Ihnen umgehend kostenlos erneut zusenden.<\/p>\n<figure id=\"attachment_25086\" aria-describedby=\"caption-attachment-25086\" style=\"width: 1000px\" class=\"wp-caption aligncenter\"><img fetchpriority=\"high\" decoding=\"async\" class=\"size-full wp-image-25086\" title=\"MOC-58912 Mittelalterliche Windm\u00fchle mit 1941 Teilen\" src=\"https:\/\/mouldking.store\/wp-content\/uploads\/2021\/10\/moc-58912-medieval-windmill-with-1941-pieces.jpg\" alt=\"MOC-58912 Medieval Windmill with 1941 pieces\" width=\"1000\" height=\"800\" srcset=\"https:\/\/mouldking.store\/wp-content\/uploads\/2021\/10\/moc-58912-medieval-windmill-with-1941-pieces.jpg 1000w, https:\/\/mouldking.store\/wp-content\/uploads\/2021\/10\/moc-58912-medieval-windmill-with-1941-pieces-300x240.jpg 300w, https:\/\/mouldking.store\/wp-content\/uploads\/2021\/10\/moc-58912-medieval-windmill-with-1941-pieces-768x614.jpg 768w, https:\/\/mouldking.store\/wp-content\/uploads\/2021\/10\/moc-58912-medieval-windmill-with-1941-pieces-600x480.jpg 600w, https:\/\/mouldking.store\/wp-content\/uploads\/2021\/10\/moc-58912-medieval-windmill-with-1941-pieces-150x120.jpg 150w\" sizes=\"(max-width: 1000px) 100vw, 1000px\" \/><figcaption id=\"caption-attachment-25086\" class=\"wp-caption-text\">MOC-58912 Mittelalterliche Windm\u00fchle mit 1941 Teilen<\/figcaption><\/figure>\n<figure id=\"attachment_25087\" aria-describedby=\"caption-attachment-25087\" style=\"width: 683px\" class=\"wp-caption aligncenter\"><img decoding=\"async\" class=\"size-full wp-image-25087\" title=\"MOC-58912 Mittelalterliche Windm\u00fchle mit 1941 Teilen\" src=\"https:\/\/mouldking.store\/wp-content\/uploads\/2021\/10\/moc-58912-medieval-windmill-with-1941-pieces-1.jpg\" alt=\"MOC-58912 Medieval Windmill with 1941 pieces\" width=\"683\" height=\"546\" srcset=\"https:\/\/mouldking.store\/wp-content\/uploads\/2021\/10\/moc-58912-medieval-windmill-with-1941-pieces-1.jpg 683w, https:\/\/mouldking.store\/wp-content\/uploads\/2021\/10\/moc-58912-medieval-windmill-with-1941-pieces-1-300x240.jpg 300w, https:\/\/mouldking.store\/wp-content\/uploads\/2021\/10\/moc-58912-medieval-windmill-with-1941-pieces-1-600x480.jpg 600w, https:\/\/mouldking.store\/wp-content\/uploads\/2021\/10\/moc-58912-medieval-windmill-with-1941-pieces-1-150x120.jpg 150w\" sizes=\"(max-width: 683px) 100vw, 683px\" \/><figcaption id=\"caption-attachment-25087\" class=\"wp-caption-text\">MOC-58912 Mittelalterliche Windm\u00fchle mit 1941 Teilen<\/figcaption><\/figure>\n<figure id=\"attachment_25088\" aria-describedby=\"caption-attachment-25088\" style=\"width: 683px\" class=\"wp-caption aligncenter\"><img decoding=\"async\" class=\"size-full wp-image-25088\" title=\"MOC-58912 Mittelalterliche Windm\u00fchle mit 1941 Teilen\" src=\"https:\/\/mouldking.store\/wp-content\/uploads\/2021\/10\/moc-58912-medieval-windmill-with-1941-pieces-2.jpg\" alt=\"MOC-58912 Medieval Windmill with 1941 pieces\" width=\"683\" height=\"546\" srcset=\"https:\/\/mouldking.store\/wp-content\/uploads\/2021\/10\/moc-58912-medieval-windmill-with-1941-pieces-2.jpg 683w, https:\/\/mouldking.store\/wp-content\/uploads\/2021\/10\/moc-58912-medieval-windmill-with-1941-pieces-2-300x240.jpg 300w, https:\/\/mouldking.store\/wp-content\/uploads\/2021\/10\/moc-58912-medieval-windmill-with-1941-pieces-2-600x480.jpg 600w, https:\/\/mouldking.store\/wp-content\/uploads\/2021\/10\/moc-58912-medieval-windmill-with-1941-pieces-2-150x120.jpg 150w\" sizes=\"(max-width: 683px) 100vw, 683px\" \/><figcaption id=\"caption-attachment-25088\" class=\"wp-caption-text\">MOC-58912 Mittelalterliche Windm\u00fchle mit 1941 Teilen<\/figcaption><\/figure>\n<figure id=\"attachment_25089\" aria-describedby=\"caption-attachment-25089\" style=\"width: 683px\" class=\"wp-caption aligncenter\"><img loading=\"lazy\" decoding=\"async\" class=\"size-full wp-image-25089\" title=\"MOC-58912 Mittelalterliche Windm\u00fchle mit 1941 Teilen\" src=\"https:\/\/mouldking.store\/wp-content\/uploads\/2021\/10\/moc-58912-medieval-windmill-with-1941-pieces-3.jpg\" alt=\"MOC-58912 Medieval Windmill with 1941 pieces\" width=\"683\" height=\"546\" srcset=\"https:\/\/mouldking.store\/wp-content\/uploads\/2021\/10\/moc-58912-medieval-windmill-with-1941-pieces-3.jpg 683w, https:\/\/mouldking.store\/wp-content\/uploads\/2021\/10\/moc-58912-medieval-windmill-with-1941-pieces-3-300x240.jpg 300w, https:\/\/mouldking.store\/wp-content\/uploads\/2021\/10\/moc-58912-medieval-windmill-with-1941-pieces-3-600x480.jpg 600w, https:\/\/mouldking.store\/wp-content\/uploads\/2021\/10\/moc-58912-medieval-windmill-with-1941-pieces-3-150x120.jpg 150w\" sizes=\"(max-width: 683px) 100vw, 683px\" \/><figcaption id=\"caption-attachment-25089\" class=\"wp-caption-text\">MOC-58912 Mittelalterliche Windm\u00fchle mit 1941 Teilen<\/figcaption><\/figure>","protected":false},"excerpt":{"rendered":"<p>Product information: Brand: MOC Gender: Unisex Name: Medieval Windmill Age Range: &gt; 8 years old Model Number: MOC-58912 Classification: Assemblage Plastic Block Shape: Self-Locking Bricks Material: Plastic Plastic Type: ABS Bricks Blocks: 1941 PCS Contains detailed assembly instructions. Notice: 1. Without an original box, but we guarantee our products have quality assurance and nice packaging. [&hellip;]<\/p>","protected":false},"featured_media":25090,"comment_status":"open","ping_status":"closed","template":"","meta":{"_acf_changed":false},"product_cat":[390],"product_tag":[2190,2189,2188],"class_list":["product","first","instock","shipping-taxable","purchasable","product-type-simple"],"acf":[],"_links":{"self":[{"href":"https:\/\/mouldking.store\/de\/wp-json\/wp\/v2\/product\/25085","targetHints":{"allow":["GET"]}}],"collection":[{"href":"https:\/\/mouldking.store\/de\/wp-json\/wp\/v2\/product"}],"about":[{"href":"https:\/\/mouldking.store\/de\/wp-json\/wp\/v2\/types\/product"}],"replies":[{"embeddable":true,"href":"https:\/\/mouldking.store\/de\/wp-json\/wp\/v2\/comments?post=25085"}],"wp:featuredmedia":[{"embeddable":true,"href":"https:\/\/mouldking.store\/de\/wp-json\/wp\/v2\/media\/25090"}],"wp:attachment":[{"href":"https:\/\/mouldking.store\/de\/wp-json\/wp\/v2\/media?parent=25085"}],"wp:term":[{"taxonomy":"product_cat","embeddable":true,"href":"https:\/\/mouldking.store\/de\/wp-json\/wp\/v2\/product_cat?post=25085"},{"taxonomy":"product_tag","embeddable":true,"href":"https:\/\/mouldking.store\/de\/wp-json\/wp\/v2\/product_tag?post=25085"}],"curies":[{"name":"wp","href":"https:\/\/api.w.org\/{rel}","templated":true}]}}