{"id":25106,"date":"2021-10-18T10:29:19","date_gmt":"2021-10-18T10:29:19","guid":{"rendered":"https:\/\/mouldking.store\/?post_type=product&#038;p=25106"},"modified":"2021-12-23T09:42:00","modified_gmt":"2021-12-23T09:42:00","slug":"panlos-611004-indoraptor-with-777-pieces","status":"publish","type":"product","link":"https:\/\/mouldking.store\/de\/shop\/panlos-611004-indoraptor-with-777-pieces\/","title":{"rendered":"PANLOS 611004 Indoraptor mit 777 Teilen"},"content":{"rendered":"<p>Produktinformation:<br \/>\n1. Brand: PANLOS<br \/>\n2. Geschlecht: Unisex<br \/>\n3. Name: Indoraptor<br \/>\n4. Altersspanne: &gt; 6 Jahre alt<br \/>\n5. Model Number: 611004<br \/>\n6. Klassifizierung: Assemblage<br \/>\n7. Kunststoffblockform: Selbstsichernde Steine<br \/>\n8. Material: Kunststoff<br \/>\n9. Kunststofftyp: ABS<br \/>\n10. Bricks Blocks: 777 PCS<br \/>\n11. Enth\u00e4lt eine detaillierte Montageanleitung.<br \/>\nNotiz:<br \/>\n1. Ohne Originalverpackung, aber wir garantieren, dass unsere Produkte eine Qualit\u00e4tssicherung und eine sch\u00f6ne Verpackung haben.<br \/>\n2. Wie alle Teile, die wir vor dem Versand \u00fcberpr\u00fcft haben, machen Sie sich keine Sorgen, wenn Sie feststellen, dass einige Teile fehlen oder besch\u00e4digt sind, und kontaktieren Sie uns einfach, und wir k\u00f6nnen sie Ihnen umgehend kostenlos erneut zusenden.<\/p>\n<p>&nbsp;<\/p>\n<figure id=\"attachment_25107\" aria-describedby=\"caption-attachment-25107\" style=\"width: 800px\" class=\"wp-caption aligncenter\"><img fetchpriority=\"high\" decoding=\"async\" class=\"wp-image-25107 size-full\" src=\"https:\/\/mouldking.store\/wp-content\/uploads\/2021\/10\/PANLOS-611004-Indoraptor-with-777-pieces-1.jpg\" alt=\"PANLOS 611004 Indoraptor with 777 pieces\" width=\"800\" height=\"800\" title=\"-\" srcset=\"https:\/\/mouldking.store\/wp-content\/uploads\/2021\/10\/PANLOS-611004-Indoraptor-with-777-pieces-1.jpg 800w, https:\/\/mouldking.store\/wp-content\/uploads\/2021\/10\/PANLOS-611004-Indoraptor-with-777-pieces-1-300x300.jpg 300w, https:\/\/mouldking.store\/wp-content\/uploads\/2021\/10\/PANLOS-611004-Indoraptor-with-777-pieces-1-768x768.jpg 768w, https:\/\/mouldking.store\/wp-content\/uploads\/2021\/10\/PANLOS-611004-Indoraptor-with-777-pieces-1-600x600.jpg 600w, https:\/\/mouldking.store\/wp-content\/uploads\/2021\/10\/PANLOS-611004-Indoraptor-with-777-pieces-1-150x150.jpg 150w\" sizes=\"(max-width: 800px) 100vw, 800px\" \/><figcaption id=\"caption-attachment-25107\" class=\"wp-caption-text\">PANLOS 611004 Indoraptor mit 777 Teilen<\/figcaption><\/figure>\n<figure id=\"attachment_25109\" aria-describedby=\"caption-attachment-25109\" style=\"width: 800px\" class=\"wp-caption aligncenter\"><img decoding=\"async\" class=\"wp-image-25109 size-full\" src=\"https:\/\/mouldking.store\/wp-content\/uploads\/2021\/10\/PANLOS-611004-Indoraptor-with-777-pieces-3.jpg\" alt=\"PANLOS 611004 Indoraptor with 777 pieces\" width=\"800\" height=\"800\" title=\"-\" srcset=\"https:\/\/mouldking.store\/wp-content\/uploads\/2021\/10\/PANLOS-611004-Indoraptor-with-777-pieces-3.jpg 800w, https:\/\/mouldking.store\/wp-content\/uploads\/2021\/10\/PANLOS-611004-Indoraptor-with-777-pieces-3-300x300.jpg 300w, https:\/\/mouldking.store\/wp-content\/uploads\/2021\/10\/PANLOS-611004-Indoraptor-with-777-pieces-3-768x768.jpg 768w, https:\/\/mouldking.store\/wp-content\/uploads\/2021\/10\/PANLOS-611004-Indoraptor-with-777-pieces-3-600x600.jpg 600w, https:\/\/mouldking.store\/wp-content\/uploads\/2021\/10\/PANLOS-611004-Indoraptor-with-777-pieces-3-150x150.jpg 150w\" sizes=\"(max-width: 800px) 100vw, 800px\" \/><figcaption id=\"caption-attachment-25109\" class=\"wp-caption-text\">PANLOS 611004 Indoraptor mit 777 Teilen<\/figcaption><\/figure>\n<figure id=\"attachment_25110\" aria-describedby=\"caption-attachment-25110\" style=\"width: 800px\" class=\"wp-caption aligncenter\"><img decoding=\"async\" class=\"wp-image-25110 size-full\" src=\"https:\/\/mouldking.store\/wp-content\/uploads\/2021\/10\/PANLOS-611004-Indoraptor-with-777-pieces-4.jpg\" alt=\"PANLOS 611004 Indoraptor with 777 pieces\" width=\"800\" height=\"800\" title=\"-\" srcset=\"https:\/\/mouldking.store\/wp-content\/uploads\/2021\/10\/PANLOS-611004-Indoraptor-with-777-pieces-4.jpg 800w, https:\/\/mouldking.store\/wp-content\/uploads\/2021\/10\/PANLOS-611004-Indoraptor-with-777-pieces-4-300x300.jpg 300w, https:\/\/mouldking.store\/wp-content\/uploads\/2021\/10\/PANLOS-611004-Indoraptor-with-777-pieces-4-768x768.jpg 768w, https:\/\/mouldking.store\/wp-content\/uploads\/2021\/10\/PANLOS-611004-Indoraptor-with-777-pieces-4-600x600.jpg 600w, https:\/\/mouldking.store\/wp-content\/uploads\/2021\/10\/PANLOS-611004-Indoraptor-with-777-pieces-4-150x150.jpg 150w\" sizes=\"(max-width: 800px) 100vw, 800px\" \/><figcaption id=\"caption-attachment-25110\" class=\"wp-caption-text\">PANLOS 611004 Indoraptor mit 777 Teilen<\/figcaption><\/figure>\n<figure id=\"attachment_25108\" aria-describedby=\"caption-attachment-25108\" style=\"width: 800px\" class=\"wp-caption aligncenter\"><img loading=\"lazy\" decoding=\"async\" class=\"wp-image-25108 size-full\" src=\"https:\/\/mouldking.store\/wp-content\/uploads\/2021\/10\/PANLOS-611004-Indoraptor-with-777-pieces-2.jpg\" alt=\"PANLOS 611004 Indoraptor with 777 pieces\" width=\"800\" height=\"800\" title=\"-\" srcset=\"https:\/\/mouldking.store\/wp-content\/uploads\/2021\/10\/PANLOS-611004-Indoraptor-with-777-pieces-2.jpg 800w, https:\/\/mouldking.store\/wp-content\/uploads\/2021\/10\/PANLOS-611004-Indoraptor-with-777-pieces-2-300x300.jpg 300w, https:\/\/mouldking.store\/wp-content\/uploads\/2021\/10\/PANLOS-611004-Indoraptor-with-777-pieces-2-768x768.jpg 768w, https:\/\/mouldking.store\/wp-content\/uploads\/2021\/10\/PANLOS-611004-Indoraptor-with-777-pieces-2-600x600.jpg 600w, https:\/\/mouldking.store\/wp-content\/uploads\/2021\/10\/PANLOS-611004-Indoraptor-with-777-pieces-2-150x150.jpg 150w\" sizes=\"(max-width: 800px) 100vw, 800px\" \/><figcaption id=\"caption-attachment-25108\" class=\"wp-caption-text\">PANLOS 611004 Indoraptor mit 777 Teilen<\/figcaption><\/figure>","protected":false},"excerpt":{"rendered":"<p>Product information: 1. Brand: PANLOS 2. Gender: Unisex 3. Name: Indoraptor 4. Age Range: &gt; 6 years old 5. Model Number: 611004 6. Classification: Assemblage 7. Plastic Block Shape: Self-Locking Bricks 8. Material: Plastic 9. Plastic Type: ABS 10. Bricks Blocks: 777 PCS 11. Contains detailed assembly instructions. Notice: 1. Without an original box, but [&hellip;]<\/p>","protected":false},"featured_media":25107,"comment_status":"open","ping_status":"closed","template":"","meta":{"_acf_changed":false},"product_cat":[371],"product_tag":[2197,2195,1851,2194,2193,2196],"class_list":["product","first","instock","shipping-taxable","purchasable","product-type-simple"],"acf":[],"_links":{"self":[{"href":"https:\/\/mouldking.store\/de\/wp-json\/wp\/v2\/product\/25106","targetHints":{"allow":["GET"]}}],"collection":[{"href":"https:\/\/mouldking.store\/de\/wp-json\/wp\/v2\/product"}],"about":[{"href":"https:\/\/mouldking.store\/de\/wp-json\/wp\/v2\/types\/product"}],"replies":[{"embeddable":true,"href":"https:\/\/mouldking.store\/de\/wp-json\/wp\/v2\/comments?post=25106"}],"wp:featuredmedia":[{"embeddable":true,"href":"https:\/\/mouldking.store\/de\/wp-json\/wp\/v2\/media\/25107"}],"wp:attachment":[{"href":"https:\/\/mouldking.store\/de\/wp-json\/wp\/v2\/media?parent=25106"}],"wp:term":[{"taxonomy":"product_cat","embeddable":true,"href":"https:\/\/mouldking.store\/de\/wp-json\/wp\/v2\/product_cat?post=25106"},{"taxonomy":"product_tag","embeddable":true,"href":"https:\/\/mouldking.store\/de\/wp-json\/wp\/v2\/product_tag?post=25106"}],"curies":[{"name":"wp","href":"https:\/\/api.w.org\/{rel}","templated":true}]}}